{"id":5317,"date":"2025-10-24T14:59:22","date_gmt":"2025-10-24T11:59:22","guid":{"rendered":"https:\/\/wristbandfactory.eu\/?post_type=product&#038;p=5317"},"modified":"2026-04-01T21:52:35","modified_gmt":"2026-04-01T18:52:35","slug":"round-cord-lanyards-with-logo-pad-safety-breakaway","status":"publish","type":"product","link":"https:\/\/displayproducts.eu\/es\/p\/round-cord-lanyards-with-logo-pad-safety-breakaway\/","title":{"rendered":"Cintas de cuello redondos con almohadilla para el logotipo y cierre de seguridad"},"content":{"rendered":"<p data-path-to-node=\"9\">Optimice el acceso a eventos y mejore sus protocolos de seguridad corporativa con nuestros cintas de cuello redondos con almohadilla para logotipo. Este producto, de dise\u00f1o inteligente, resuelve un problema com\u00fan: c\u00f3mo marcar eficazmente un cord\u00f3n c\u00f3modo y delgado. Al integrar una almohadilla de impresi\u00f3n central, proporcionamos una superficie plana y de alta visibilidad para su logotipo, manteniendo la comodidad minimalista de un cord\u00f3n redondo.<\/p>\n<p data-path-to-node=\"10\">Fabricados con cord\u00f3n de poli\u00e9ster resistente y suave, estos cintas de cuello son excepcionalmente c\u00f3modos para uso prolongado en ferias, conferencias o en la oficina. Su perfil redondo es menos intrusivo que las cintas anchas, lo que los convierte en los favoritos del personal activo.<\/p>\n<p data-path-to-node=\"11\"><b>La seguridad es lo primero en los entornos B2B<\/b> Para mayor seguridad del usuario, cada cord\u00f3n incluye de serie un cierre de seguridad desmontable con broche de presi\u00f3n en el cuello. Este mecanismo se libera autom\u00e1ticamente si el cord\u00f3n se tira o se engancha en maquinaria o puertas, lo que lo convierte en la opci\u00f3n ideal para entornos industriales, escuelas, hospitales y eventos concurridos. Un mosquet\u00f3n met\u00e1lico de alta fiabilidad sujeta de forma segura credenciales de identificaci\u00f3n, tarjetas de acceso o llaves.<\/p>\n<p data-path-to-node=\"12\"><b>Caracter\u00edsticas principales:<\/b><\/p>\n<ul data-path-to-node=\"13\">\n<li>\n<p data-path-to-node=\"13,0,0\"><b>Almohadilla del logotipo central:<\/b> Un disco de pl\u00e1stico circular proporciona una superficie dedicada para una impresi\u00f3n de logotipos n\u00edtida y clara.<\/p>\n<\/li>\n<li>\n<p data-path-to-node=\"13,1,0\"><b>Cierre de seguridad:<\/b> Caracter\u00edstica de seguridad esencial que se libera bajo presi\u00f3n para evitar lesiones.<\/p>\n<\/li>\n<li>\n<p data-path-to-node=\"13,2,0\"><b>Cord\u00f3n redondo duradero:<\/b> El cord\u00f3n de poli\u00e9ster 100% ofrece una durabilidad y comodidad superiores en comparaci\u00f3n con las cintas planas.<\/p>\n<\/li>\n<li>\n<p data-path-to-node=\"13,3,0\"><b>Mosquet\u00f3n met\u00e1lico:<\/b> El accesorio resistente garantiza que las tarjetas de identificaci\u00f3n y las llaves permanezcan seguras.<\/p>\n<\/li>\n<li>\n<p data-path-to-node=\"13,4,0\"><b>Disponibilidad a granel:<\/b> Ideal para eventos de gran escala y compras corporativas (MOQ 100).<\/p>\n<\/li>\n<\/ul>","protected":false},"excerpt":{"rendered":"<ul>\n<li>\n<p data-path-to-node=\"8,0,0\"><b>Marca inteligente:<\/b> La almohadilla de pl\u00e1stico central dedicada garantiza que su logotipo sea claramente visible en un cord\u00f3n.<\/p>\n<\/li>\n<li>\n<p data-path-to-node=\"8,1,0\"><b>Cumplimiento de seguridad:<\/b> Equipado con un cierre de seguridad que se libera bajo tensi\u00f3n.<\/p>\n<\/li>\n<li>\n<p data-path-to-node=\"8,2,0\"><b>Dise\u00f1o c\u00f3modo:<\/b> El cord\u00f3n de poli\u00e9ster suave y redondo evita la irritaci\u00f3n de la piel durante el uso durante todo el d\u00eda.<\/p>\n<\/li>\n<li>\n<p data-path-to-node=\"8,3,0\"><b>Adjunto seguro:<\/b> Incluye un mosquet\u00f3n de metal duradero para tarjetas de identificaci\u00f3n y llaves.<\/p>\n<\/li>\n<\/ul>","protected":false},"featured_media":6768,"comment_status":"closed","ping_status":"closed","template":"","meta":[],"product_brand":[],"product_cat":[125,104,106],"product_tag":[],"class_list":{"0":"post-5317","1":"product","2":"type-product","3":"status-publish","4":"has-post-thumbnail","6":"product_cat-cord-lanyards","7":"product_cat-custom-printed-lanyards","8":"product_cat-breakaway-lanyards","10":"first","11":"instock","12":"shipping-taxable","13":"purchasable","14":"product-type-simple"},"_links":{"self":[{"href":"https:\/\/displayproducts.eu\/es\/wp-json\/wp\/v2\/product\/5317","targetHints":{"allow":["GET"]}}],"collection":[{"href":"https:\/\/displayproducts.eu\/es\/wp-json\/wp\/v2\/product"}],"about":[{"href":"https:\/\/displayproducts.eu\/es\/wp-json\/wp\/v2\/types\/product"}],"replies":[{"embeddable":true,"href":"https:\/\/displayproducts.eu\/es\/wp-json\/wp\/v2\/comments?post=5317"}],"wp:featuredmedia":[{"embeddable":true,"href":"https:\/\/displayproducts.eu\/es\/wp-json\/wp\/v2\/media\/6768"}],"wp:attachment":[{"href":"https:\/\/displayproducts.eu\/es\/wp-json\/wp\/v2\/media?parent=5317"}],"wp:term":[{"taxonomy":"product_brand","embeddable":true,"href":"https:\/\/displayproducts.eu\/es\/wp-json\/wp\/v2\/product_brand?post=5317"},{"taxonomy":"product_cat","embeddable":true,"href":"https:\/\/displayproducts.eu\/es\/wp-json\/wp\/v2\/product_cat?post=5317"},{"taxonomy":"product_tag","embeddable":true,"href":"https:\/\/displayproducts.eu\/es\/wp-json\/wp\/v2\/product_tag?post=5317"}],"curies":[{"name":"wp","href":"https:\/\/api.w.org\/{rel}","templated":true}]}}