{"id":5312,"date":"2025-10-24T14:27:43","date_gmt":"2025-10-24T11:27:43","guid":{"rendered":"https:\/\/wristbandfactory.eu\/?post_type=product&#038;p=5312"},"modified":"2026-04-01T21:52:35","modified_gmt":"2026-04-01T18:52:35","slug":"eco-friendly-cardboard-lanyards-20mm","status":"publish","type":"product","link":"https:\/\/displayproducts.eu\/es\/p\/eco-friendly-cardboard-lanyards-20mm\/","title":{"rendered":"Lanyards de cart\u00f3n reciclado (Papel)"},"content":{"rendered":"<p data-path-to-node=\"11\">Haga una declaraci\u00f3n audaz y visible sobre los valores ambientales de su organizaci\u00f3n con nuestro <b>Cintas de cuello de cart\u00f3n ecol\u00f3gicos<\/b>. Como la soluci\u00f3n antipl\u00e1stico definitiva, estos cintas de cuello est\u00e1n dise\u00f1ados para eventos sin residuos, conferencias ecol\u00f3gicas y marcas que quieren predicar con el ejemplo en materia de sostenibilidad.<\/p>\n<p data-path-to-node=\"12\">Elaborado a partir de <b>cart\u00f3n reciclado resistente<\/b> Estos cintas de cuello (un material de papel reforzado) ofrecen una alternativa sostenible al poli\u00e9ster y al nailon. Si bien tienen la textura natural y la ligereza del papel, est\u00e1n dise\u00f1ados para ser lo suficientemente resistentes como para soportar el desgaste de una feria comercial o evento corporativo t\u00edpico. Su distintiva apariencia de &quot;papel kraft&quot; transmite de inmediato un mensaje de conservaci\u00f3n a todos los asistentes.<\/p>\n<p data-path-to-node=\"13\">Cada cord\u00f3n tiene un ancho est\u00e1ndar de 20 mm para un ajuste c\u00f3modo y est\u00e1 equipado con un... <b>mosquet\u00f3n giratorio de metal<\/b>. Esto garantiza que incluso su mecanismo de fijaci\u00f3n sea duradero y fiable. Al elegir este producto &quot;Nature Line&quot;, elimina por completo los pl\u00e1sticos de un solo uso de la cadena de suministro de su evento.<\/p>\n<p data-path-to-node=\"14\"><b>Caracter\u00edsticas principales:<\/b><\/p>\n<ul data-path-to-node=\"15\">\n<li>\n<p data-path-to-node=\"15,0,0\"><b>Material:<\/b> 100% Cart\u00f3n Reciclado Resistente (Base Papel).<\/p>\n<\/li>\n<li>\n<p data-path-to-node=\"15,1,0\"><b>Sostenibilidad:<\/b> Una alternativa totalmente libre de pl\u00e1stico para una marca con conciencia ecol\u00f3gica.<\/p>\n<\/li>\n<li>\n<p data-path-to-node=\"15,2,0\"><b>Durabilidad:<\/b> Dise\u00f1ado para sujetar credenciales de identificaci\u00f3n de forma segura durante eventos est\u00e1ndar.<\/p>\n<\/li>\n<li>\n<p data-path-to-node=\"15,3,0\"><b>Hardware:<\/b> Incluye un robusto mosquet\u00f3n giratorio de metal para una f\u00e1cil fijaci\u00f3n.<\/p>\n<\/li>\n<li>\n<p data-path-to-node=\"15,4,0\"><b>Est\u00e9tica:<\/b> Acabado natural y mate que resalta el origen ecol\u00f3gico.<\/p>\n<\/li>\n<\/ul>","protected":false},"excerpt":{"rendered":"<ul>\n<li>\n<p data-path-to-node=\"9,0,0\"><b>Soluci\u00f3n cero pl\u00e1stico:<\/b> Una opci\u00f3n de cord\u00f3n completamente libre de pl\u00e1stico, fabricado con material duradero a base de papel reciclado.<\/p>\n<\/li>\n<li>\n<p data-path-to-node=\"9,1,0\"><b>L\u00ednea Naturaleza:<\/b> Parte de nuestra gama ecol\u00f3gica exclusiva, que ofrece una est\u00e9tica distintiva y natural (aspecto de papel Kraft).<\/p>\n<\/li>\n<li>\n<p data-path-to-node=\"9,2,0\"><b>Sorprendentemente duradero:<\/b> Dise\u00f1ado para ser lo suficientemente resistente para eventos, conferencias y reuniones de un solo d\u00eda.<\/p>\n<\/li>\n<li>\n<p data-path-to-node=\"9,3,0\"><b>Ajuste est\u00e1ndar:<\/b> El ancho de 20 mm garantiza visibilidad y comodidad, equipado con un resistente mosquet\u00f3n giratorio de metal.<\/p>\n<\/li>\n<\/ul>","protected":false},"featured_media":6697,"comment_status":"closed","ping_status":"closed","template":"","meta":[],"product_brand":[],"product_cat":[107,113],"product_tag":[],"class_list":{"0":"post-5312","1":"product","2":"type-product","3":"status-publish","4":"has-post-thumbnail","6":"product_cat-eco-friendly-lanyards","7":"product_cat-plain-lanyards","9":"first","10":"instock","11":"shipping-taxable","12":"purchasable","13":"product-type-simple"},"_links":{"self":[{"href":"https:\/\/displayproducts.eu\/es\/wp-json\/wp\/v2\/product\/5312","targetHints":{"allow":["GET"]}}],"collection":[{"href":"https:\/\/displayproducts.eu\/es\/wp-json\/wp\/v2\/product"}],"about":[{"href":"https:\/\/displayproducts.eu\/es\/wp-json\/wp\/v2\/types\/product"}],"replies":[{"embeddable":true,"href":"https:\/\/displayproducts.eu\/es\/wp-json\/wp\/v2\/comments?post=5312"}],"wp:featuredmedia":[{"embeddable":true,"href":"https:\/\/displayproducts.eu\/es\/wp-json\/wp\/v2\/media\/6697"}],"wp:attachment":[{"href":"https:\/\/displayproducts.eu\/es\/wp-json\/wp\/v2\/media?parent=5312"}],"wp:term":[{"taxonomy":"product_brand","embeddable":true,"href":"https:\/\/displayproducts.eu\/es\/wp-json\/wp\/v2\/product_brand?post=5312"},{"taxonomy":"product_cat","embeddable":true,"href":"https:\/\/displayproducts.eu\/es\/wp-json\/wp\/v2\/product_cat?post=5312"},{"taxonomy":"product_tag","embeddable":true,"href":"https:\/\/displayproducts.eu\/es\/wp-json\/wp\/v2\/product_tag?post=5312"}],"curies":[{"name":"wp","href":"https:\/\/api.w.org\/{rel}","templated":true}]}}