{"id":5307,"date":"2025-10-24T14:13:39","date_gmt":"2025-10-24T11:13:39","guid":{"rendered":"https:\/\/wristbandfactory.eu\/?post_type=product&#038;p=5307"},"modified":"2026-04-01T21:52:35","modified_gmt":"2026-04-01T18:52:35","slug":"plantable-seed-paper-id-badges","status":"publish","type":"product","link":"https:\/\/displayproducts.eu\/es\/p\/plantable-seed-paper-id-badges\/","title":{"rendered":"Insignias de identificaci\u00f3n de papel con semillas plantables"},"content":{"rendered":"<p>La identificaci\u00f3n est\u00e1ndar para eventos suele contribuir directamente a la generaci\u00f3n de residuos en vertederos. Nuestras insignias de identificaci\u00f3n de papel con semillas plantables transforman este problema en un mensaje de marketing impactante y sostenible. Este identificador ecol\u00f3gico no solo cumple su funci\u00f3n durante su evento, sino que tambi\u00e9n ofrece un recuerdo memorable y sin residuos.<\/p>\n<p>Cada credencial, elaborada con cart\u00f3n reciclado, incluye una tarjeta especial con semillas de flores silvestres. Tras la conferencia o feria comercial, los asistentes pueden plantar la credencial completa, convirti\u00e9ndola en un huerto de flores silvestres. Esta caracter\u00edstica \u00fanica refuerza el compromiso de su marca con la sostenibilidad mucho despu\u00e9s de la finalizaci\u00f3n del evento.<\/p>\n<p>Cada insignia incluye instrucciones claras de plantaci\u00f3n y lleva el emblema &quot;Hecho en Europa&quot;, lo que garantiza la calidad y una menor huella de carbono. Son la opci\u00f3n ideal para eventos corporativos con enfoque ecol\u00f3gico, ferias comerciales con conciencia ecol\u00f3gica y cualquier organizaci\u00f3n que busque una declaraci\u00f3n ambiental tangible.<\/p>\n<p><b>Caracter\u00edsticas principales:<\/b><\/p>\n<ul>\n<li><b>Material ecol\u00f3gico:<\/b> El soporte principal est\u00e1 elaborado con cart\u00f3n reciclado.<\/li>\n<li><b>Papel con semillas plantables:<\/b> Incluye una tarjeta con semillas de flores silvestres incrustadas que crecen cuando se plantan.<\/li>\n<li><b>Soluci\u00f3n cero residuos:<\/b> Se puede plantar toda la insignia sin dejar residuos.<\/li>\n<li><b>Hecho en Europa:<\/b> Lleva el emblema \u201cMade in Europe\u201d, que significa calidad y reducci\u00f3n de la huella de carbono.<\/li>\n<li><b>Incluye instrucciones:<\/b> En el interior se encuentran impresas instrucciones claras de plantaci\u00f3n.<\/li>\n<li><b>Dimensiones:<\/b> 11,3 x 9,3 cent\u00edmetros.<\/li>\n<\/ul>","protected":false},"excerpt":{"rendered":"<ul>\n<li>Demuestre su compromiso con la sostenibilidad en los eventos.<\/li>\n<li>Hecho de cart\u00f3n reciclado con una tarjeta de papel con semillas de flores silvestres incluida.<\/li>\n<li>La insignia completa se puede plantar despu\u00e9s del evento.<\/li>\n<li>\u201cHecho en Europa\u201d garantiza calidad y una menor huella de carbono.<\/li>\n<\/ul>","protected":false},"featured_media":5308,"comment_status":"closed","ping_status":"closed","template":"","meta":[],"product_brand":[],"product_cat":[91],"product_tag":[],"class_list":{"0":"post-5307","1":"product","2":"type-product","3":"status-publish","4":"has-post-thumbnail","6":"product_cat-badge-holders","8":"first","9":"instock","10":"shipping-taxable","11":"purchasable","12":"product-type-simple"},"_links":{"self":[{"href":"https:\/\/displayproducts.eu\/es\/wp-json\/wp\/v2\/product\/5307","targetHints":{"allow":["GET"]}}],"collection":[{"href":"https:\/\/displayproducts.eu\/es\/wp-json\/wp\/v2\/product"}],"about":[{"href":"https:\/\/displayproducts.eu\/es\/wp-json\/wp\/v2\/types\/product"}],"replies":[{"embeddable":true,"href":"https:\/\/displayproducts.eu\/es\/wp-json\/wp\/v2\/comments?post=5307"}],"wp:featuredmedia":[{"embeddable":true,"href":"https:\/\/displayproducts.eu\/es\/wp-json\/wp\/v2\/media\/5308"}],"wp:attachment":[{"href":"https:\/\/displayproducts.eu\/es\/wp-json\/wp\/v2\/media?parent=5307"}],"wp:term":[{"taxonomy":"product_brand","embeddable":true,"href":"https:\/\/displayproducts.eu\/es\/wp-json\/wp\/v2\/product_brand?post=5307"},{"taxonomy":"product_cat","embeddable":true,"href":"https:\/\/displayproducts.eu\/es\/wp-json\/wp\/v2\/product_cat?post=5307"},{"taxonomy":"product_tag","embeddable":true,"href":"https:\/\/displayproducts.eu\/es\/wp-json\/wp\/v2\/product_tag?post=5307"}],"curies":[{"name":"wp","href":"https:\/\/api.w.org\/{rel}","templated":true}]}}