{"id":5304,"date":"2025-10-24T13:51:56","date_gmt":"2025-10-24T10:51:56","guid":{"rendered":"https:\/\/wristbandfactory.eu\/?post_type=product&#038;p=5304"},"modified":"2026-04-01T21:52:35","modified_gmt":"2026-04-01T18:52:35","slug":"reusable-event-cups-extra-large-1-2l","status":"publish","type":"product","link":"https:\/\/displayproducts.eu\/es\/p\/reusable-event-cups-extra-large-1-2l\/","title":{"rendered":"Vasos reutilizables para eventos (extragrandes, 1,2 L)"},"content":{"rendered":"<p data-path-to-node=\"7\">Reduzca las colas y maximice la satisfacci\u00f3n de los asistentes a su evento multitudinario con nuestros vasos reutilizables de polipropileno extragrandes de 1,2 L. Este vaso de gran capacidad es la soluci\u00f3n perfecta para estadios, grandes festivales y conciertos, ya que le permite servir porciones m\u00e1s grandes y minimizar significativamente la necesidad de rellenarlos.<\/p>\n<p data-path-to-node=\"8\">Elaborados con PP (polipropileno) duradero pero flexible, estos vasos son resistentes a las roturas y est\u00e1n dise\u00f1ados para un uso repetido, ofreciendo una alternativa robusta y ecol\u00f3gica a los pl\u00e1sticos de un solo uso.<\/p>\n<p data-path-to-node=\"9\">Su acabado transl\u00facido ofrece una excelente visibilidad para el logotipo de su empresa o la imagen de su evento. Una caracter\u00edstica \u00fanica de esta taza es su base con forma especial, dise\u00f1ada para brindar mayor estabilidad al colocarla sobre posavasos.<\/p>\n<p data-path-to-node=\"10\"><b>Caracter\u00edsticas principales:<\/b><\/p>\n<ul data-path-to-node=\"11\">\n<li>\n<p data-path-to-node=\"11,0,0\"><b>Capacidad extra grande de 1,2 L:<\/b> Minimiza las recargas en festivales, estadios y conciertos de alto tr\u00e1fico.<\/p>\n<\/li>\n<li>\n<p data-path-to-node=\"11,1,0\"><b>Material PP duradero:<\/b> Flexible, resistente a roturas y totalmente reutilizable para m\u00faltiples eventos.<\/p>\n<\/li>\n<li>\n<p data-path-to-node=\"11,2,0\"><b>Acabado transl\u00facido:<\/b> Proporciona una superficie ideal y muy visible para la marca personalizada.<\/p>\n<\/li>\n<li>\n<p data-path-to-node=\"11,3,0\"><b>Dise\u00f1o de base estable:<\/b> Forma especial en la base para una colocaci\u00f3n segura en posavasos.<\/p>\n<\/li>\n<li>\n<p data-path-to-node=\"11,4,0\"><b>Dimensiones grandes:<\/b> Mide 19 cm de altura y 10,7 cm de di\u00e1metro.<\/p>\n<\/li>\n<\/ul>","protected":false},"excerpt":{"rendered":"<ul>\n<li>\n<p data-path-to-node=\"6,0,0\">Su capacidad extragrande de 1,2 litros minimiza las recargas en eventos a gran escala.<\/p>\n<\/li>\n<li>\n<p data-path-to-node=\"6,1,0\">Fabricado con material PP duradero, flexible y resistente a las roturas.<\/p>\n<\/li>\n<li>\n<p data-path-to-node=\"6,2,0\">El acabado transl\u00facido proporciona un lienzo de alta visibilidad para la imagen de marca.<\/p>\n<\/li>\n<li>\n<p data-path-to-node=\"6,3,0\">Presenta un dise\u00f1o de base \u00fanico y estable para usar con posavasos.<\/p>\n<\/li>\n<li><\/li>\n<\/ul>","protected":false},"featured_media":6622,"comment_status":"closed","ping_status":"closed","template":"","meta":[],"product_brand":[],"product_cat":[111],"product_tag":[],"class_list":{"0":"post-5304","1":"product","2":"type-product","3":"status-publish","4":"has-post-thumbnail","6":"product_cat-reusable-event-cups","8":"first","9":"instock","10":"shipping-taxable","11":"product-type-simple"},"_links":{"self":[{"href":"https:\/\/displayproducts.eu\/es\/wp-json\/wp\/v2\/product\/5304","targetHints":{"allow":["GET"]}}],"collection":[{"href":"https:\/\/displayproducts.eu\/es\/wp-json\/wp\/v2\/product"}],"about":[{"href":"https:\/\/displayproducts.eu\/es\/wp-json\/wp\/v2\/types\/product"}],"replies":[{"embeddable":true,"href":"https:\/\/displayproducts.eu\/es\/wp-json\/wp\/v2\/comments?post=5304"}],"wp:featuredmedia":[{"embeddable":true,"href":"https:\/\/displayproducts.eu\/es\/wp-json\/wp\/v2\/media\/6622"}],"wp:attachment":[{"href":"https:\/\/displayproducts.eu\/es\/wp-json\/wp\/v2\/media?parent=5304"}],"wp:term":[{"taxonomy":"product_brand","embeddable":true,"href":"https:\/\/displayproducts.eu\/es\/wp-json\/wp\/v2\/product_brand?post=5304"},{"taxonomy":"product_cat","embeddable":true,"href":"https:\/\/displayproducts.eu\/es\/wp-json\/wp\/v2\/product_cat?post=5304"},{"taxonomy":"product_tag","embeddable":true,"href":"https:\/\/displayproducts.eu\/es\/wp-json\/wp\/v2\/product_tag?post=5304"}],"curies":[{"name":"wp","href":"https:\/\/api.w.org\/{rel}","templated":true}]}}