{"id":5300,"date":"2025-10-24T12:52:28","date_gmt":"2025-10-24T09:52:28","guid":{"rendered":"https:\/\/wristbandfactory.eu\/?post_type=product&#038;p=5300"},"modified":"2026-04-01T21:52:35","modified_gmt":"2026-04-01T18:52:35","slug":"laser-engravable-rectangular-glass-trophies","status":"publish","type":"product","link":"https:\/\/displayproducts.eu\/es\/p\/laser-engravable-rectangular-glass-trophies\/","title":{"rendered":"Trofeos de cristal rectangulares grabables con l\u00e1ser"},"content":{"rendered":"<p>Impacte significativamente en su pr\u00f3xima ceremonia de premios o gala corporativa. Nuestro gran trofeo rectangular de vidrio ofrece un galard\u00f3n premium y de gran tama\u00f1o, perfecto para reconocer a los mejores artistas, clientes clave o ganadores de concursos.<\/p>\n<p>Este trofeo mide 19 cm de alto y est\u00e1 fabricado en vidrio grueso de alta calidad, con un peso de 690 gramos que le confiere una sensaci\u00f3n de alta calidad. Su dise\u00f1o rectangular y limpio ofrece una superficie amplia y plana, especialmente dise\u00f1ada para la impresi\u00f3n l\u00e1ser de alta precisi\u00f3n (grabado). Esto garantiza que el logotipo de su empresa, el t\u00edtulo del premio y los datos del destinatario se personalicen con una claridad excepcional. Ideal para premios de ventas, programas de empleado del mes o para agradecer a socios clave, cada trofeo se entrega en un estuche protector individual, lo que garantiza su seguridad durante el transporte y su presentaci\u00f3n.<\/p>\n<p><b>Caracter\u00edsticas principales:<\/b><\/p>\n<ul>\n<li><b>Dise\u00f1o rectangular grande:<\/b> Mide 19 cm de alto y ofrece un amplio espacio para grabados personalizados.<\/li>\n<li><b>Vidrio pesado de primera calidad:<\/b> Con 690 g, este trofeo tiene un tacto sustancial que mejora su valor percibido.<\/li>\n<li><b>Optimizado para grabado l\u00e1ser:<\/b> La superficie especialmente dise\u00f1ada permite una personalizaci\u00f3n impresa con l\u00e1ser n\u00edtida y detallada.<\/li>\n<li><b>Base estable:<\/b> Cuenta con una base de vidrio resistente de 4,5 cm de profundidad para una exhibici\u00f3n resistente en cualquier escritorio o estante.<\/li>\n<li><b>Estuche protector incluido:<\/b> Cada trofeo se presenta en un estuche individual para su transporte y regalo seguro.<\/li>\n<\/ul>\n<p>&nbsp;<\/p>","protected":false},"excerpt":{"rendered":"<ul>\n<li>Premio de cristal rectangular de primera calidad de 19 cm de alto.<\/li>\n<li>Peso sustancial de 690 g para una sensaci\u00f3n de gran valor.<\/li>\n<li>Superficie optimizada para un grabado l\u00e1ser preciso de su logotipo.<\/li>\n<li>Incluye estuche protector individual para una presentaci\u00f3n segura.<\/li>\n<\/ul>","protected":false},"featured_media":6540,"comment_status":"closed","ping_status":"closed","template":"","meta":[],"product_brand":[],"product_cat":[79],"product_tag":[],"class_list":{"0":"post-5300","1":"product","2":"type-product","3":"status-publish","4":"has-post-thumbnail","6":"product_cat-awards","8":"first","9":"instock","10":"shipping-taxable","11":"purchasable","12":"product-type-simple"},"_links":{"self":[{"href":"https:\/\/displayproducts.eu\/es\/wp-json\/wp\/v2\/product\/5300","targetHints":{"allow":["GET"]}}],"collection":[{"href":"https:\/\/displayproducts.eu\/es\/wp-json\/wp\/v2\/product"}],"about":[{"href":"https:\/\/displayproducts.eu\/es\/wp-json\/wp\/v2\/types\/product"}],"replies":[{"embeddable":true,"href":"https:\/\/displayproducts.eu\/es\/wp-json\/wp\/v2\/comments?post=5300"}],"wp:featuredmedia":[{"embeddable":true,"href":"https:\/\/displayproducts.eu\/es\/wp-json\/wp\/v2\/media\/6540"}],"wp:attachment":[{"href":"https:\/\/displayproducts.eu\/es\/wp-json\/wp\/v2\/media?parent=5300"}],"wp:term":[{"taxonomy":"product_brand","embeddable":true,"href":"https:\/\/displayproducts.eu\/es\/wp-json\/wp\/v2\/product_brand?post=5300"},{"taxonomy":"product_cat","embeddable":true,"href":"https:\/\/displayproducts.eu\/es\/wp-json\/wp\/v2\/product_cat?post=5300"},{"taxonomy":"product_tag","embeddable":true,"href":"https:\/\/displayproducts.eu\/es\/wp-json\/wp\/v2\/product_tag?post=5300"}],"curies":[{"name":"wp","href":"https:\/\/api.w.org\/{rel}","templated":true}]}}