{"id":5288,"date":"2025-10-24T12:36:41","date_gmt":"2025-10-24T09:36:41","guid":{"rendered":"https:\/\/wristbandfactory.eu\/?post_type=product&#038;p=5288"},"modified":"2026-04-01T21:52:35","modified_gmt":"2026-04-01T18:52:35","slug":"aluminium-name-badges-with-clip-and-pin","status":"publish","type":"product","link":"https:\/\/displayproducts.eu\/es\/p\/aluminium-name-badges-with-clip-and-pin\/","title":{"rendered":"Insignias de aluminio con clip y pin"},"content":{"rendered":"<p>Garantice una identificaci\u00f3n profesional y consistente del personal en eventos corporativos, ferias y en la oficina con estas credenciales de aluminio reutilizables. Su elegante marco de aluminio anodizado ofrece un acabado duradero y de alta calidad que realza la imagen de su empresa.<\/p>\n<p>Dise\u00f1adas para ser flexibles, estas etiquetas identificativas permiten un reemplazo r\u00e1pido y sencillo de los insertos de papel, lo que las hace perfectas para personal temporal, asistentes a conferencias o empresas con alta rotaci\u00f3n de personal. La parte trasera cuenta con un robusto accesorio de doble prop\u00f3sito con clip y alfiler, que permite a los usuarios elegir c\u00f3mo fijar la credencial de forma segura a cualquier prenda. Esta soluci\u00f3n vers\u00e1til y econ\u00f3mica est\u00e1 disponible en grandes cantidades para todas sus necesidades de identificaci\u00f3n.<\/p>\n<p><b>Caracter\u00edsticas principales:<\/b><\/p>\n<ul>\n<li><b>Marco de aluminio duradero:<\/b> Cuenta con un acabado anodizado de alta calidad para una apariencia profesional y duradera.<\/li>\n<li><b>Sistema de fijaci\u00f3n dual:<\/b> Incluye un clip y un pin en la parte trasera para una sujeci\u00f3n vers\u00e1til y segura a cualquier prenda.<\/li>\n<li><b>Reutilizable y rentable:<\/b> Dise\u00f1ado para contener inserciones de papel est\u00e1ndar (no incluidas), lo que permite actualizaciones f\u00e1ciles para nuevo personal o eventos.<\/li>\n<li><b>Dimensiones elegantes:<\/b> Mide 70 x 25 mm, lo que proporciona una visualizaci\u00f3n de nombre clara y visible sin resultar intrusivo.<\/li>\n<\/ul>","protected":false},"excerpt":{"rendered":"<ul>\n<li>Marco de aluminio anodizado profesional para una apariencia premium.<\/li>\n<li>Clip doble vers\u00e1til y fijaci\u00f3n con pasador para una sujeci\u00f3n segura.<\/li>\n<li>Dise\u00f1o reutilizable: simplemente imprima e inserte nuevas tarjetas de nombre.<\/li>\n<li>Ideal para pedidos al por mayor para personal corporativo, eventos y ferias comerciales.<\/li>\n<\/ul>","protected":false},"featured_media":5289,"comment_status":"closed","ping_status":"closed","template":"","meta":[],"product_brand":[],"product_cat":[91],"product_tag":[],"class_list":{"0":"post-5288","1":"product","2":"type-product","3":"status-publish","4":"has-post-thumbnail","6":"product_cat-badge-holders","8":"first","9":"instock","10":"shipping-taxable","11":"purchasable","12":"product-type-simple"},"_links":{"self":[{"href":"https:\/\/displayproducts.eu\/es\/wp-json\/wp\/v2\/product\/5288","targetHints":{"allow":["GET"]}}],"collection":[{"href":"https:\/\/displayproducts.eu\/es\/wp-json\/wp\/v2\/product"}],"about":[{"href":"https:\/\/displayproducts.eu\/es\/wp-json\/wp\/v2\/types\/product"}],"replies":[{"embeddable":true,"href":"https:\/\/displayproducts.eu\/es\/wp-json\/wp\/v2\/comments?post=5288"}],"wp:featuredmedia":[{"embeddable":true,"href":"https:\/\/displayproducts.eu\/es\/wp-json\/wp\/v2\/media\/5289"}],"wp:attachment":[{"href":"https:\/\/displayproducts.eu\/es\/wp-json\/wp\/v2\/media?parent=5288"}],"wp:term":[{"taxonomy":"product_brand","embeddable":true,"href":"https:\/\/displayproducts.eu\/es\/wp-json\/wp\/v2\/product_brand?post=5288"},{"taxonomy":"product_cat","embeddable":true,"href":"https:\/\/displayproducts.eu\/es\/wp-json\/wp\/v2\/product_cat?post=5288"},{"taxonomy":"product_tag","embeddable":true,"href":"https:\/\/displayproducts.eu\/es\/wp-json\/wp\/v2\/product_tag?post=5288"}],"curies":[{"name":"wp","href":"https:\/\/api.w.org\/{rel}","templated":true}]}}