{"id":5279,"date":"2025-10-23T23:25:16","date_gmt":"2025-10-23T20:25:16","guid":{"rendered":"https:\/\/wristbandfactory.eu\/?post_type=product&#038;p=5279"},"modified":"2026-04-01T21:52:35","modified_gmt":"2026-04-01T18:52:35","slug":"extendable-id-holder-with-carabiner","status":"publish","type":"product","link":"https:\/\/displayproducts.eu\/es\/p\/extendable-id-holder-with-carabiner\/","title":{"rendered":"Portaidentificaci\u00f3n extensible con mosquet\u00f3n"},"content":{"rendered":"<p>Optimice el control de acceso y mejore la seguridad en su lugar de trabajo, conferencia o feria comercial. Nuestro porta credenciales extensible garantiza que sus credenciales est\u00e9n siempre a mano sin estorbar, ofreciendo una soluci\u00f3n profesional para el personal y los asistentes.<\/p>\n<p>Este soporte presenta un dise\u00f1o sobrio y funcional con un resistente mosquet\u00f3n met\u00e1lico que se engancha de forma segura a presillas de cintur\u00f3n, cintas de cuello o bolsos. Su mecanismo extensible de 75 cm permite una retracci\u00f3n suave, lo que facilita el escaneo de tarjetas de identificaci\u00f3n en los puntos de acceso.<\/p>\n<p>Un cierre de bot\u00f3n asegura el porta credencial o tarjeta de identificaci\u00f3n. Con una amplia \u00e1rea de impresi\u00f3n de 20 x 20 mm, este porta credencial es perfecto para personalizarlo con el logotipo de su empresa mediante tampograf\u00eda (hasta 4 colores), reforzando as\u00ed la identidad de marca en todos sus eventos corporativos.<\/p>\n<p><b>Caracter\u00edsticas principales:<\/b><\/p>\n<ul>\n<li>Mecanismo extensible hasta 75 cm<\/li>\n<li>Mosquet\u00f3n de metal duradero<\/li>\n<li>Cierre de bot\u00f3n seguro para adjuntar identificaci\u00f3n<\/li>\n<li>Amplia \u00e1rea de impresi\u00f3n (20 x 20 mm)<\/li>\n<li>Ideal para tampograf\u00eda (hasta 4 colores)<\/li>\n<\/ul>","protected":false},"excerpt":{"rendered":"<ul>\n<li>Mantiene las tarjetas de identificaci\u00f3n del personal seguras y de f\u00e1cil acceso.<\/li>\n<li>Cuenta con un mosquet\u00f3n de metal duradero para sujetarlo f\u00e1cilmente a cinturones o bolsos.<\/li>\n<li>Mecanismo de cable extensible de 75 cm para escaneo r\u00e1pido de credenciales.<\/li>\n<li>Amplia \u00e1rea de 20\u00d720 mm para tampograf\u00eda de su logotipo.<\/li>\n<\/ul>","protected":false},"featured_media":5280,"comment_status":"closed","ping_status":"closed","template":"","meta":[],"product_brand":[],"product_cat":[91],"product_tag":[],"class_list":{"0":"post-5279","1":"product","2":"type-product","3":"status-publish","4":"has-post-thumbnail","6":"product_cat-badge-holders","8":"first","9":"instock","10":"shipping-taxable","11":"purchasable","12":"product-type-simple"},"_links":{"self":[{"href":"https:\/\/displayproducts.eu\/es\/wp-json\/wp\/v2\/product\/5279","targetHints":{"allow":["GET"]}}],"collection":[{"href":"https:\/\/displayproducts.eu\/es\/wp-json\/wp\/v2\/product"}],"about":[{"href":"https:\/\/displayproducts.eu\/es\/wp-json\/wp\/v2\/types\/product"}],"replies":[{"embeddable":true,"href":"https:\/\/displayproducts.eu\/es\/wp-json\/wp\/v2\/comments?post=5279"}],"wp:featuredmedia":[{"embeddable":true,"href":"https:\/\/displayproducts.eu\/es\/wp-json\/wp\/v2\/media\/5280"}],"wp:attachment":[{"href":"https:\/\/displayproducts.eu\/es\/wp-json\/wp\/v2\/media?parent=5279"}],"wp:term":[{"taxonomy":"product_brand","embeddable":true,"href":"https:\/\/displayproducts.eu\/es\/wp-json\/wp\/v2\/product_brand?post=5279"},{"taxonomy":"product_cat","embeddable":true,"href":"https:\/\/displayproducts.eu\/es\/wp-json\/wp\/v2\/product_cat?post=5279"},{"taxonomy":"product_tag","embeddable":true,"href":"https:\/\/displayproducts.eu\/es\/wp-json\/wp\/v2\/product_tag?post=5279"}],"curies":[{"name":"wp","href":"https:\/\/api.w.org\/{rel}","templated":true}]}}