{"id":5265,"date":"2025-10-23T23:14:21","date_gmt":"2025-10-23T20:14:21","guid":{"rendered":"https:\/\/wristbandfactory.eu\/?post_type=product&#038;p=5265"},"modified":"2026-04-01T21:52:04","modified_gmt":"2026-04-01T18:52:04","slug":"inflatable-victory-hand-reusable","status":"publish","type":"product","link":"https:\/\/displayproducts.eu\/es\/p\/inflatable-victory-hand-reusable\/","title":{"rendered":"Mano de la victoria inflable (reutilizable)"},"content":{"rendered":"<p>Haz que tu marca se vea y tu mensaje se escuche con nuestra Mano de la Victoria Inflable. Esta atractiva herramienta promocional es perfecta para animar al p\u00fablico en eventos deportivos, actividades de team building o ferias comerciales a gran escala. Aseg\u00farate de que tu marca sea el centro de atenci\u00f3n de la celebraci\u00f3n.<\/p>\n<p>Fabricada con material LDPE resistente y colorido, esta mano de apoyo est\u00e1 dise\u00f1ada para durar en cualquier evento. A diferencia de los art\u00edculos de un solo uso, es totalmente reutilizable e incluye una pr\u00e1ctica v\u00e1lvula de inflado, lo que ofrece una visibilidad duradera de la marca. Es un producto ligero y de alta visibilidad, perfecto para distribuci\u00f3n a granel y maximizar la participaci\u00f3n del p\u00fablico.<\/p>\n<p><b>Caracter\u00edsticas principales:<\/b><\/p>\n<ul>\n<li>Material LDPE duradero y colorido<\/li>\n<li>Forma ic\u00f3nica de la mano &quot;Victoria&quot;<\/li>\n<li>Totalmente reutilizable para una promoci\u00f3n duradera.<\/li>\n<li>Incluye una pr\u00e1ctica v\u00e1lvula de inflado.<\/li>\n<\/ul>","protected":false},"excerpt":{"rendered":"<ul>\n<li>Amplifica tu marca en eventos deportivos, ferias comerciales y concentraciones.<\/li>\n<li>Hecho de material LDPE duradero y reutilizable.<\/li>\n<li>Cuenta con una v\u00e1lvula de inflado f\u00e1cil de usar.<\/li>\n<li>Ideal para pedidos al por mayor para maximizar la participaci\u00f3n del p\u00fablico y la visibilidad de la marca.<\/li>\n<\/ul>\n<p>&nbsp;<\/p>","protected":false},"featured_media":6529,"comment_status":"closed","ping_status":"closed","template":"","meta":[],"product_brand":[],"product_cat":[123],"product_tag":[],"class_list":{"0":"post-5265","1":"product","2":"type-product","3":"status-publish","4":"has-post-thumbnail","6":"product_cat-fan-cheering-items","8":"first","9":"instock","10":"shipping-taxable","11":"purchasable","12":"product-type-simple"},"_links":{"self":[{"href":"https:\/\/displayproducts.eu\/es\/wp-json\/wp\/v2\/product\/5265","targetHints":{"allow":["GET"]}}],"collection":[{"href":"https:\/\/displayproducts.eu\/es\/wp-json\/wp\/v2\/product"}],"about":[{"href":"https:\/\/displayproducts.eu\/es\/wp-json\/wp\/v2\/types\/product"}],"replies":[{"embeddable":true,"href":"https:\/\/displayproducts.eu\/es\/wp-json\/wp\/v2\/comments?post=5265"}],"wp:featuredmedia":[{"embeddable":true,"href":"https:\/\/displayproducts.eu\/es\/wp-json\/wp\/v2\/media\/6529"}],"wp:attachment":[{"href":"https:\/\/displayproducts.eu\/es\/wp-json\/wp\/v2\/media?parent=5265"}],"wp:term":[{"taxonomy":"product_brand","embeddable":true,"href":"https:\/\/displayproducts.eu\/es\/wp-json\/wp\/v2\/product_brand?post=5265"},{"taxonomy":"product_cat","embeddable":true,"href":"https:\/\/displayproducts.eu\/es\/wp-json\/wp\/v2\/product_cat?post=5265"},{"taxonomy":"product_tag","embeddable":true,"href":"https:\/\/displayproducts.eu\/es\/wp-json\/wp\/v2\/product_tag?post=5265"}],"curies":[{"name":"wp","href":"https:\/\/api.w.org\/{rel}","templated":true}]}}