{"id":5260,"date":"2025-10-23T23:07:40","date_gmt":"2025-10-23T20:07:40","guid":{"rendered":"https:\/\/wristbandfactory.eu\/?post_type=product&#038;p=5260"},"modified":"2026-04-01T21:52:04","modified_gmt":"2026-04-01T18:52:04","slug":"promotional-hawaiian-necklaces-polyester","status":"publish","type":"product","link":"https:\/\/displayproducts.eu\/es\/p\/promotional-hawaiian-necklaces-polyester\/","title":{"rendered":"Collares hawaianos promocionales (poli\u00e9ster)"},"content":{"rendered":"<p>Vaya m\u00e1s all\u00e1 de los accesorios est\u00e1ndar para eventos con nuestros collares hawaianos promocionales. Estos collares de poli\u00e9ster son la soluci\u00f3n econ\u00f3mica perfecta para a\u00f1adir una imagen de marca vibrante y tem\u00e1tica a promociones de verano, festivales o eventos corporativos de tem\u00e1tica tropical, garantizando as\u00ed que su evento sea memorable.<\/p>\n<p>Dise\u00f1ados para brindar comodidad y alta visibilidad, cada lei est\u00e1 confeccionado con poli\u00e9ster suave y ligero. Su resistente dise\u00f1o multicolor de arco\u00edris brinda un aspecto festivo que no abrumar\u00e1 a los invitados. Son la opci\u00f3n ideal para organizadores de eventos que necesitan grandes cantidades de accesorios tem\u00e1ticos para fiestas en la playa, ferias comerciales o celebraciones a gran escala.<\/p>\n<p><b>Caracter\u00edsticas principales:<\/b><\/p>\n<ul>\n<li>Fabricado con material de poli\u00e9ster suave y ligero.<\/li>\n<li>Dise\u00f1o de flores de arco\u00edris vibrantes y multicolores.<\/li>\n<li>C\u00f3modo para usar durante todo el d\u00eda en eventos.<\/li>\n<li>Ideal para fiestas tem\u00e1ticas, festivales y promociones.<\/li>\n<li>Suministrado a granel para pedidos grandes.<\/li>\n<\/ul>\n<p>&nbsp;<\/p>","protected":false},"excerpt":{"rendered":"<ul>\n<li>Ilumine instant\u00e1neamente fiestas corporativas, ferias comerciales o festivales.<\/li>\n<li>Presenta un dise\u00f1o de flores de poli\u00e9ster con colores arco\u00edris vibrantes y multicolores.<\/li>\n<li>Ligero y c\u00f3modo para que los asistentes lo usen durante todo el d\u00eda.<\/li>\n<li>Disponible en grandes cantidades para eventos importantes.<\/li>\n<li style=\"list-style-type: none;\"><\/li>\n<\/ul>","protected":false},"featured_media":6663,"comment_status":"closed","ping_status":"closed","template":"","meta":[],"product_brand":[],"product_cat":[129,120],"product_tag":[],"class_list":{"0":"post-5260","1":"product","2":"type-product","3":"status-publish","4":"has-post-thumbnail","6":"product_cat-leisure-lifestyle","7":"product_cat-themed-necklaces","9":"first","10":"instock","11":"shipping-taxable","12":"purchasable","13":"product-type-simple"},"_links":{"self":[{"href":"https:\/\/displayproducts.eu\/es\/wp-json\/wp\/v2\/product\/5260","targetHints":{"allow":["GET"]}}],"collection":[{"href":"https:\/\/displayproducts.eu\/es\/wp-json\/wp\/v2\/product"}],"about":[{"href":"https:\/\/displayproducts.eu\/es\/wp-json\/wp\/v2\/types\/product"}],"replies":[{"embeddable":true,"href":"https:\/\/displayproducts.eu\/es\/wp-json\/wp\/v2\/comments?post=5260"}],"wp:featuredmedia":[{"embeddable":true,"href":"https:\/\/displayproducts.eu\/es\/wp-json\/wp\/v2\/media\/6663"}],"wp:attachment":[{"href":"https:\/\/displayproducts.eu\/es\/wp-json\/wp\/v2\/media?parent=5260"}],"wp:term":[{"taxonomy":"product_brand","embeddable":true,"href":"https:\/\/displayproducts.eu\/es\/wp-json\/wp\/v2\/product_brand?post=5260"},{"taxonomy":"product_cat","embeddable":true,"href":"https:\/\/displayproducts.eu\/es\/wp-json\/wp\/v2\/product_cat?post=5260"},{"taxonomy":"product_tag","embeddable":true,"href":"https:\/\/displayproducts.eu\/es\/wp-json\/wp\/v2\/product_tag?post=5260"}],"curies":[{"name":"wp","href":"https:\/\/api.w.org\/{rel}","templated":true}]}}