{"id":5256,"date":"2025-10-23T16:41:54","date_gmt":"2025-10-23T13:41:54","guid":{"rendered":"https:\/\/wristbandfactory.eu\/?post_type=product&#038;p=5256"},"modified":"2026-04-01T21:52:04","modified_gmt":"2026-04-01T18:52:04","slug":"led-promotional-coasters-3-mode","status":"publish","type":"product","link":"https:\/\/displayproducts.eu\/es\/p\/led-promotional-coasters-3-mode\/","title":{"rendered":"Posavasos promocionales LED (3 modos)"},"content":{"rendered":"<p>Los posavasos est\u00e1ndar pasan desapercibidos. Nuestros posavasos LED promocionales convierten cada mesa en un anuncio iluminado, captando la atenci\u00f3n en galas corporativas, ferias comerciales y eventos nocturnos patrocinados.<\/p>\n<p>Fabricados en acr\u00edlico resistente, estos posavasos cuentan con 6 brillantes LED multicolor. Un simple bot\u00f3n en la base permite alternar entre tres posiciones de iluminaci\u00f3n: luz fija, destello lento y destello r\u00e1pido, lo que garantiza que su marca personalizada permanezca visible.<\/p>\n<p>Cada posavasos incluye un reverso autoadhesivo que permite fijarlo firmemente al fondo de cualquier vaso o botella. Se entregan listos para usar de inmediato en su evento, con dos pilas de bot\u00f3n incluidas. Estos posavasos luminosos son ideales para distribuci\u00f3n a granel y para mejorar la visibilidad de su marca.<\/p>\n<p><b>Caracter\u00edsticas principales:<\/b><\/p>\n<ul>\n<li>6 LED multicolores para una iluminaci\u00f3n brillante<\/li>\n<li>3 modos de luz: fijo, destello lento y destello r\u00e1pido<\/li>\n<li>Respaldo autoadhesivo para una f\u00e1cil aplicaci\u00f3n en vasos y copas.<\/li>\n<li>Construcci\u00f3n acr\u00edlica duradera<\/li>\n<li>Operado por un simple bot\u00f3n base<\/li>\n<li>Incluye 2 pilas de bot\u00f3n<\/li>\n<\/ul>","protected":false},"excerpt":{"rendered":"<ul>\n<li>Ilumine su marca en lanzamientos de productos, ferias comerciales o festivales.<\/li>\n<li>Cuenta con 3 modos de luz multicolor: fijo, destello r\u00e1pido y destello lento.<\/li>\n<li>El respaldo autoadhesivo se adhiere directamente a la base de vasos o botellas.<\/li>\n<li>Se suministra listo para usar con dos pilas de bot\u00f3n incluidas.<\/li>\n<\/ul>","protected":false},"featured_media":6543,"comment_status":"closed","ping_status":"closed","template":"","meta":[],"product_brand":[],"product_cat":[119],"product_tag":[],"class_list":{"0":"post-5256","1":"product","2":"type-product","3":"status-publish","4":"has-post-thumbnail","6":"product_cat-drinkware-accessories","8":"first","9":"instock","10":"shipping-taxable","11":"purchasable","12":"product-type-simple"},"_links":{"self":[{"href":"https:\/\/displayproducts.eu\/es\/wp-json\/wp\/v2\/product\/5256","targetHints":{"allow":["GET"]}}],"collection":[{"href":"https:\/\/displayproducts.eu\/es\/wp-json\/wp\/v2\/product"}],"about":[{"href":"https:\/\/displayproducts.eu\/es\/wp-json\/wp\/v2\/types\/product"}],"replies":[{"embeddable":true,"href":"https:\/\/displayproducts.eu\/es\/wp-json\/wp\/v2\/comments?post=5256"}],"wp:featuredmedia":[{"embeddable":true,"href":"https:\/\/displayproducts.eu\/es\/wp-json\/wp\/v2\/media\/6543"}],"wp:attachment":[{"href":"https:\/\/displayproducts.eu\/es\/wp-json\/wp\/v2\/media?parent=5256"}],"wp:term":[{"taxonomy":"product_brand","embeddable":true,"href":"https:\/\/displayproducts.eu\/es\/wp-json\/wp\/v2\/product_brand?post=5256"},{"taxonomy":"product_cat","embeddable":true,"href":"https:\/\/displayproducts.eu\/es\/wp-json\/wp\/v2\/product_cat?post=5256"},{"taxonomy":"product_tag","embeddable":true,"href":"https:\/\/displayproducts.eu\/es\/wp-json\/wp\/v2\/product_tag?post=5256"}],"curies":[{"name":"wp","href":"https:\/\/api.w.org\/{rel}","templated":true}]}}