{"id":5252,"date":"2025-10-23T15:50:34","date_gmt":"2025-10-23T12:50:34","guid":{"rendered":"https:\/\/wristbandfactory.eu\/?post_type=product&#038;p=5252"},"modified":"2026-04-01T21:52:35","modified_gmt":"2026-04-01T18:52:35","slug":"vertical-pvc-id-holder","status":"publish","type":"product","link":"https:\/\/displayproducts.eu\/es\/p\/vertical-pvc-id-holder\/","title":{"rendered":"Portaidentificaci\u00f3n vertical de PVC"},"content":{"rendered":"<p>Aseg\u00farese de que cada asistente, miembro del personal e invitado est\u00e9 claramente identificado con nuestro Porta Identificaci\u00f3n Vertical de PVC. Dise\u00f1ado para uso profesional en conferencias, ferias comerciales y entornos corporativos, este porta tarjetas ofrece una soluci\u00f3n duradera y pr\u00e1ctica para exhibir tarjetas de acceso e identificaci\u00f3n.<\/p>\n<p>Fabricado en PVC transparente y resistente, este porta credenciales protege las tarjetas de identificaci\u00f3n del desgaste y las mantiene visibles. La parte superior est\u00e1 reforzada para resistir el uso diario, evitando desgarros o da\u00f1os en la zona de fijaci\u00f3n del cord\u00f3n. Su dise\u00f1o inteligente incluye m\u00faltiples perforaciones, lo que ofrece opciones flexibles para sujetar clips de cord\u00f3n o porta credenciales, tanto centrales como laterales.<\/p>\n<p>Como art\u00edculo de stock a granel, el porta identificaci\u00f3n \u201cSkoll\u201d (Ref: 20639) es la opci\u00f3n ideal para organizadores de eventos y responsables de adquisiciones que necesitan una soluci\u00f3n confiable, rentable y de r\u00e1pida implementaci\u00f3n para requisitos de credenciales a gran escala.<\/p>\n<p><b>Caracter\u00edsticas principales:<\/b><\/p>\n<ul>\n<li><b>Orientaci\u00f3n:<\/b> Vertical<\/li>\n<li><b>Material:<\/b> PVC transparente y duradero<\/li>\n<li><b>Dise\u00f1o:<\/b> Parte superior reforzada para una mayor durabilidad.<\/li>\n<li><b>Compatibilidad:<\/b> Multiperforado para fijaci\u00f3n de cord\u00f3n central y lateral.<\/li>\n<li><b>Usar:<\/b> Ideal para identificaciones corporativas, pases para eventos y tarjetas de acceso.<\/li>\n<\/ul>","protected":false},"excerpt":{"rendered":"<ul>\n<li>Construcci\u00f3n duradera de PVC transparente para eventos de alto tr\u00e1fico.<\/li>\n<li>El borde superior reforzado evita desgarros y p\u00e9rdida de la insignia.<\/li>\n<li>Las ranuras vers\u00e1tiles se adaptan a todos los clips de cord\u00f3n y carretes de credenciales est\u00e1ndar.<\/li>\n<li>Una soluci\u00f3n rentable para la identificaci\u00f3n corporativa y de eventos a gran escala.<\/li>\n<\/ul>","protected":false},"featured_media":5253,"comment_status":"closed","ping_status":"closed","template":"","meta":[],"product_brand":[],"product_cat":[91],"product_tag":[],"class_list":{"0":"post-5252","1":"product","2":"type-product","3":"status-publish","4":"has-post-thumbnail","6":"product_cat-badge-holders","8":"first","9":"instock","10":"shipping-taxable","11":"purchasable","12":"product-type-simple"},"_links":{"self":[{"href":"https:\/\/displayproducts.eu\/es\/wp-json\/wp\/v2\/product\/5252","targetHints":{"allow":["GET"]}}],"collection":[{"href":"https:\/\/displayproducts.eu\/es\/wp-json\/wp\/v2\/product"}],"about":[{"href":"https:\/\/displayproducts.eu\/es\/wp-json\/wp\/v2\/types\/product"}],"replies":[{"embeddable":true,"href":"https:\/\/displayproducts.eu\/es\/wp-json\/wp\/v2\/comments?post=5252"}],"wp:featuredmedia":[{"embeddable":true,"href":"https:\/\/displayproducts.eu\/es\/wp-json\/wp\/v2\/media\/5253"}],"wp:attachment":[{"href":"https:\/\/displayproducts.eu\/es\/wp-json\/wp\/v2\/media?parent=5252"}],"wp:term":[{"taxonomy":"product_brand","embeddable":true,"href":"https:\/\/displayproducts.eu\/es\/wp-json\/wp\/v2\/product_brand?post=5252"},{"taxonomy":"product_cat","embeddable":true,"href":"https:\/\/displayproducts.eu\/es\/wp-json\/wp\/v2\/product_cat?post=5252"},{"taxonomy":"product_tag","embeddable":true,"href":"https:\/\/displayproducts.eu\/es\/wp-json\/wp\/v2\/product_tag?post=5252"}],"curies":[{"name":"wp","href":"https:\/\/api.w.org\/{rel}","templated":true}]}}