{"id":5247,"date":"2025-10-22T14:14:30","date_gmt":"2025-10-22T11:14:30","guid":{"rendered":"https:\/\/wristbandfactory.eu\/?post_type=product&#038;p=5247"},"modified":"2026-04-01T21:52:35","modified_gmt":"2026-04-01T18:52:35","slug":"elastic-fabric-wristbands","status":"publish","type":"product","link":"https:\/\/displayproducts.eu\/es\/p\/elastic-fabric-wristbands\/","title":{"rendered":"Pulseras de tela el\u00e1stica"},"content":{"rendered":"<p data-path-to-node=\"8\">Ofrezca a sus asistentes la m\u00e1xima comodidad con nuestras pulseras el\u00e1sticas de tela. Fabricadas con un material suave, el\u00e1stico y de primera calidad, se deslizan f\u00e1cilmente sobre la mano hasta la mu\u00f1eca, eliminando por completo la necesidad de cualquier cierre o broche de pl\u00e1stico.<\/p>\n<p data-path-to-node=\"9\">Este dise\u00f1o de \u201ctalla \u00fanica\u201d simplifica el proceso de pedidos y distribuci\u00f3n, convirti\u00e9ndolos en la soluci\u00f3n perfecta y sin complicaciones para promociones corporativas, art\u00edculos promocionales y eventos de varios d\u00edas donde la comodidad es clave.<\/p>\n<h3>Marca personalizada a todo color<\/h3>\n<p data-path-to-node=\"11\">Toda la banda es un lienzo en blanco. Utilizamos impresi\u00f3n por sublimaci\u00f3n de alta definici\u00f3n de borde a borde para garantizar que su marca sea vibrante, detallada y se integre perfectamente en la suave tela.<\/p>\n<h3>Etiqueta inteligente opcional (QR y NFC)<\/h3>\n<p data-path-to-node=\"13\">Para mayor funcionalidad, estas pulseras el\u00e1sticas pueden equiparse con una etiqueta personalizada. Esta etiqueta es ideal para a\u00f1adir un c\u00f3digo QR o de barras \u00fanico para el acceso, o incluso para integrar una etiqueta NFC. De esta forma, una c\u00f3moda pulsera se convierte en una potente herramienta inteligente para pagos sin efectivo o interacci\u00f3n digital.<\/p>\n<h3 data-path-to-node=\"14\">Caracter\u00edsticas principales:<\/h3>\n<ul data-path-to-node=\"15\">\n<li>\n<p data-path-to-node=\"15,0,0\"><b>Material:<\/b> Tejido el\u00e1stico, suave y de alta calidad.<\/p>\n<\/li>\n<li>\n<p data-path-to-node=\"15,1,0\"><b>Adaptar:<\/b> Talla \u00fanica, se estira para adaptarse.<\/p>\n<\/li>\n<li>\n<p data-path-to-node=\"15,2,0\"><b>Cierre:<\/b> No necesita cierre; c\u00f3modo dise\u00f1o sin cierre.<\/p>\n<\/li>\n<li>\n<p data-path-to-node=\"15,3,0\"><b>Impresi\u00f3n:<\/b> Sublimaci\u00f3n a todo color y de alta definici\u00f3n (de borde a borde).<\/p>\n<\/li>\n<li>\n<p data-path-to-node=\"15,4,0\"><b>Opci\u00f3n de tecnolog\u00eda inteligente:<\/b> Se le puede a\u00f1adir una etiqueta personalizada para c\u00f3digos QR o etiquetas NFC.<\/p>\n<\/li>\n<li>\n<p data-path-to-node=\"15,5,0\"><b>Ideal para:<\/b> Promociones, merchandising, festivales y uso c\u00f3modo durante varios d\u00edas.<\/p>\n<\/li>\n<\/ul>","protected":false},"excerpt":{"rendered":"<ul>\n<li>\n<p data-path-to-node=\"7,0,0\"><b>M\u00e1xima comodidad:<\/b> Confeccionada con un tejido suave, el\u00e1stico y de talla \u00fanica.<\/p>\n<\/li>\n<li>\n<p data-path-to-node=\"7,1,0\"><b>No necesita candado:<\/b> Se coloca f\u00e1cilmente, eliminando cualquier cierre de pl\u00e1stico.<\/p>\n<\/li>\n<li>\n<p data-path-to-node=\"7,2,0\"><b>Marca vibrante:<\/b> Totalmente personalizable con impresi\u00f3n por sublimaci\u00f3n a todo color de borde a borde.<\/p>\n<\/li>\n<li>\n<p data-path-to-node=\"7,3,0\"><b>Opci\u00f3n inteligente:<\/b> Se le puede colocar una etiqueta personalizada para c\u00f3digos QR, c\u00f3digos de barras o etiquetas NFC.<\/p>\n<\/li>\n<\/ul>","protected":false},"featured_media":6382,"comment_status":"closed","ping_status":"closed","template":"","meta":[],"product_brand":[],"product_cat":[47],"product_tag":[],"class_list":{"0":"post-5247","1":"product","2":"type-product","3":"status-publish","4":"has-post-thumbnail","6":"product_cat-fabric-wristbands","8":"first","9":"instock","10":"shipping-taxable","11":"purchasable","12":"product-type-simple"},"_links":{"self":[{"href":"https:\/\/displayproducts.eu\/es\/wp-json\/wp\/v2\/product\/5247","targetHints":{"allow":["GET"]}}],"collection":[{"href":"https:\/\/displayproducts.eu\/es\/wp-json\/wp\/v2\/product"}],"about":[{"href":"https:\/\/displayproducts.eu\/es\/wp-json\/wp\/v2\/types\/product"}],"replies":[{"embeddable":true,"href":"https:\/\/displayproducts.eu\/es\/wp-json\/wp\/v2\/comments?post=5247"}],"wp:featuredmedia":[{"embeddable":true,"href":"https:\/\/displayproducts.eu\/es\/wp-json\/wp\/v2\/media\/6382"}],"wp:attachment":[{"href":"https:\/\/displayproducts.eu\/es\/wp-json\/wp\/v2\/media?parent=5247"}],"wp:term":[{"taxonomy":"product_brand","embeddable":true,"href":"https:\/\/displayproducts.eu\/es\/wp-json\/wp\/v2\/product_brand?post=5247"},{"taxonomy":"product_cat","embeddable":true,"href":"https:\/\/displayproducts.eu\/es\/wp-json\/wp\/v2\/product_cat?post=5247"},{"taxonomy":"product_tag","embeddable":true,"href":"https:\/\/displayproducts.eu\/es\/wp-json\/wp\/v2\/product_tag?post=5247"}],"curies":[{"name":"wp","href":"https:\/\/api.w.org\/{rel}","templated":true}]}}