{"id":5242,"date":"2025-10-22T14:03:08","date_gmt":"2025-10-22T11:03:08","guid":{"rendered":"https:\/\/wristbandfactory.eu\/?post_type=product&#038;p=5242"},"modified":"2026-04-01T21:52:35","modified_gmt":"2026-04-01T18:52:35","slug":"pu-leather-wristbands","status":"publish","type":"product","link":"https:\/\/displayproducts.eu\/es\/p\/pu-leather-wristbands\/","title":{"rendered":"Pulseras de cuero artificial"},"content":{"rendered":"<p>Ofrezca a sus invitados una experiencia verdaderamente premium. Nuestras pulseras de cuero sint\u00e9tico ofrecen la sofisticaci\u00f3n del cuero aut\u00e9ntico, marcando un nuevo est\u00e1ndar para su evento, zona VIP o lanzamiento de producto. Son la opci\u00f3n perfecta para clientes que buscan combinar estilo con un control de acceso seguro.<\/p>\n<p>Fabricadas con cuero de poliuretano (PU) de alta calidad, estas pulseras son una alternativa elegante y vegana al cuero tradicional. Son c\u00f3modas de usar y a la vez resistentes para cualquier evento. Su superficie lisa es un lienzo excelente para su marca, que puede imprimirse o grabarse en bajorrelieve para un acabado sutil y elegante. Estas pulseras suelen tener un cierre seguro de un solo uso, lo que las garantiza a prueba de manipulaciones e ideales para controlar el acceso.<\/p>\n<p><b>Caracter\u00edsticas principales:<\/b><\/p>\n<ul>\n<li><b>Material:<\/b> Cuero PU de alta calidad (apto para veganos)<\/li>\n<li><b>Apariencia:<\/b> Elegante, profesional y de primera calidad.<\/li>\n<li><b>Personalizaci\u00f3n:<\/b> Ideal para impresi\u00f3n de logotipos o grabado en relieve.<\/li>\n<li><b>Cierre:<\/b> Cierre seguro de un solo uso para el control de eventos<\/li>\n<li><b>Ideal para:<\/b> \u00c1reas VIP, eventos corporativos, lanzamientos de productos y hospitalidad.<\/li>\n<\/ul>\n<p>&nbsp;<\/p>","protected":false},"excerpt":{"rendered":"<ul>\n<li>Ofrece el aspecto sofisticado y la sensaci\u00f3n del cuero real.<\/li>\n<li>Durable, resistente al agua y c\u00f3modo para uso prolongado.<\/li>\n<li>Perfecto para acceso VIP, fiestas corporativas y marcas premium.<\/li>\n<\/ul>\n<p>&nbsp;<\/p>","protected":false},"featured_media":6428,"comment_status":"closed","ping_status":"closed","template":"","meta":[],"product_brand":[],"product_cat":[117],"product_tag":[],"class_list":{"0":"post-5242","1":"product","2":"type-product","3":"status-publish","4":"has-post-thumbnail","6":"product_cat-leather-wristbands","8":"first","9":"instock","10":"shipping-taxable","11":"purchasable","12":"product-type-simple"},"_links":{"self":[{"href":"https:\/\/displayproducts.eu\/es\/wp-json\/wp\/v2\/product\/5242","targetHints":{"allow":["GET"]}}],"collection":[{"href":"https:\/\/displayproducts.eu\/es\/wp-json\/wp\/v2\/product"}],"about":[{"href":"https:\/\/displayproducts.eu\/es\/wp-json\/wp\/v2\/types\/product"}],"replies":[{"embeddable":true,"href":"https:\/\/displayproducts.eu\/es\/wp-json\/wp\/v2\/comments?post=5242"}],"wp:featuredmedia":[{"embeddable":true,"href":"https:\/\/displayproducts.eu\/es\/wp-json\/wp\/v2\/media\/6428"}],"wp:attachment":[{"href":"https:\/\/displayproducts.eu\/es\/wp-json\/wp\/v2\/media?parent=5242"}],"wp:term":[{"taxonomy":"product_brand","embeddable":true,"href":"https:\/\/displayproducts.eu\/es\/wp-json\/wp\/v2\/product_brand?post=5242"},{"taxonomy":"product_cat","embeddable":true,"href":"https:\/\/displayproducts.eu\/es\/wp-json\/wp\/v2\/product_cat?post=5242"},{"taxonomy":"product_tag","embeddable":true,"href":"https:\/\/displayproducts.eu\/es\/wp-json\/wp\/v2\/product_tag?post=5242"}],"curies":[{"name":"wp","href":"https:\/\/api.w.org\/{rel}","templated":true}]}}