{"id":5234,"date":"2025-10-22T13:43:36","date_gmt":"2025-10-22T10:43:36","guid":{"rendered":"https:\/\/wristbandfactory.eu\/?post_type=product&#038;p=5234"},"modified":"2026-04-01T21:52:04","modified_gmt":"2026-04-01T18:52:04","slug":"custom-charm-wristbands","status":"publish","type":"product","link":"https:\/\/displayproducts.eu\/es\/p\/custom-charm-wristbands\/","title":{"rendered":"Pulseras personalizadas con dijes"},"content":{"rendered":"<p>Realce su marca o conmemore un evento especial con nuestras pulseras de dijes totalmente personalizables. Estas pulseras son la soluci\u00f3n B2B perfecta para crear productos atractivos y de alta calidad para tiendas de souvenirs, l\u00edneas de cruceros, eventos corporativos o regalos promocionales \u00fanicos.<\/p>\n<p>Damos vida a tu visi\u00f3n. Puedes dise\u00f1ar un dije de metal o esmalte completamente \u00fanico basado en el logotipo, la mascota o la tem\u00e1tica de tu campa\u00f1a. Selecciona el color y el estilo del cord\u00f3n (desde cintas de cuello sencillos hasta nudos intrincados) y a\u00f1ade cuentas decorativas como conchas, letras o elementos met\u00e1licos que combinen con la est\u00e9tica de tu marca.<\/p>\n<p>Esta versatilidad los hace ideales para cualquier p\u00fablico objetivo. Incluso podemos crear sets de &quot;Mejores Amigos&quot; o conjuntos a juego, perfectos para atracciones tur\u00edsticas o art\u00edculos para fans. Cada set se entrega en una tarjeta de soporte con impresi\u00f3n personalizada, con la marca impresa y listo para su exhibici\u00f3n en tiendas.<\/p>\n<p><b>Caracter\u00edsticas principales:<\/b><\/p>\n<ul>\n<li><b>Charms con logotipos personalizados:<\/b> Creamos charms de esmalte o metal de alta calidad basados en su dise\u00f1o.<\/li>\n<li><b>Personalizaci\u00f3n completa:<\/b> Elija los colores de las cuerdas, el estilo de la pulsera y las cuentas decorativas (por ejemplo, conchas, met\u00e1licas).<\/li>\n<li><b>Embalaje listo para la venta minorista:<\/b> Las pulseras se entregan en una tarjeta de soporte dise\u00f1ada a medida, listas para exhibir.<\/li>\n<li><b>Mercanc\u00eda vers\u00e1til:<\/b> Ideal para tiendas de regalos, atracciones tur\u00edsticas, colaboraciones de marca y eventos.<\/li>\n<li><b>Conjuntos a juego:<\/b> Opci\u00f3n de crear \u201cMejores amigos\u201d o conjuntos coincidentes en una sola tarjeta.<\/li>\n<li><b>Ajuste ajustable:<\/b> Dise\u00f1ado con nudos ajustables para adaptarse a una amplia gama de clientes.<\/li>\n<\/ul>","protected":false},"excerpt":{"rendered":"<ul>\n<li>Dise\u00f1a pulseras \u00fanicas con tus propios dijes de logotipo personalizados.<\/li>\n<li>Elija entre una variedad de colores de cuerdas, cuentas y estilos.<\/li>\n<li>Ideal para productos de marca, tiendas de souvenirs o eventos especiales.<\/li>\n<li>Se entrega en tarjetas de soporte impresas a medida para un acabado listo para la venta minorista.<\/li>\n<\/ul>","protected":false},"featured_media":6680,"comment_status":"closed","ping_status":"closed","template":"","meta":[],"product_brand":[],"product_cat":[122],"product_tag":[],"class_list":{"0":"post-5234","1":"product","2":"type-product","3":"status-publish","4":"has-post-thumbnail","6":"product_cat-promotional-accessories","8":"first","9":"instock","10":"shipping-taxable","11":"product-type-simple"},"_links":{"self":[{"href":"https:\/\/displayproducts.eu\/es\/wp-json\/wp\/v2\/product\/5234","targetHints":{"allow":["GET"]}}],"collection":[{"href":"https:\/\/displayproducts.eu\/es\/wp-json\/wp\/v2\/product"}],"about":[{"href":"https:\/\/displayproducts.eu\/es\/wp-json\/wp\/v2\/types\/product"}],"replies":[{"embeddable":true,"href":"https:\/\/displayproducts.eu\/es\/wp-json\/wp\/v2\/comments?post=5234"}],"wp:featuredmedia":[{"embeddable":true,"href":"https:\/\/displayproducts.eu\/es\/wp-json\/wp\/v2\/media\/6680"}],"wp:attachment":[{"href":"https:\/\/displayproducts.eu\/es\/wp-json\/wp\/v2\/media?parent=5234"}],"wp:term":[{"taxonomy":"product_brand","embeddable":true,"href":"https:\/\/displayproducts.eu\/es\/wp-json\/wp\/v2\/product_brand?post=5234"},{"taxonomy":"product_cat","embeddable":true,"href":"https:\/\/displayproducts.eu\/es\/wp-json\/wp\/v2\/product_cat?post=5234"},{"taxonomy":"product_tag","embeddable":true,"href":"https:\/\/displayproducts.eu\/es\/wp-json\/wp\/v2\/product_tag?post=5234"}],"curies":[{"name":"wp","href":"https:\/\/api.w.org\/{rel}","templated":true}]}}