{"id":5224,"date":"2025-10-21T12:20:54","date_gmt":"2025-10-21T09:20:54","guid":{"rendered":"https:\/\/wristbandfactory.eu\/?post_type=product&#038;p=5224"},"modified":"2026-04-01T21:52:35","modified_gmt":"2026-04-01T18:52:35","slug":"tricolor-silicone-wristbands","status":"publish","type":"product","link":"https:\/\/displayproducts.eu\/es\/p\/tricolor-silicone-wristbands\/","title":{"rendered":"Pulseras de silicona tricolor"},"content":{"rendered":"<p>Maximiza la visibilidad de tu marca con nuestras pulseras de silicona tricolor personalizadas. Estas pulseras presentan tres segmentos de colores distintos moldeados en una sola pieza, ofreciendo un aspecto llamativo y de alto contraste que las pulseras de un solo color no pueden igualar.<\/p>\n<p>Estas pulseras segmentadas son una herramienta poderosa para organizadores de eventos, gerentes de marketing y organizaciones. \u00daselas para representar los colores de su marca, apoyar una causa o combinar con la tem\u00e1tica de un evento espec\u00edfico. Fabricamos cada pulsera con silicona 100% de alta calidad y antial\u00e9rgica para una comodidad y durabilidad duraderas.<\/p>\n<p>Su logotipo o mensaje se graba con precisi\u00f3n en relieve (hundido) en la pulsera y luego se rellena con un \u00fanico color Pantone que contraste. Este m\u00e9todo de incrustaci\u00f3n protege su dise\u00f1o del desgaste, garantizando una exposici\u00f3n duradera de la marca. Podemos fabricar estas pulseras en cualquier talla, incluyendo tallas est\u00e1ndar para adultos (202 mm), j\u00f3venes o ni\u00f1os peque\u00f1os, para adaptarse a su p\u00fablico objetivo.<\/p>\n<blockquote><p><b>Nota de producci\u00f3n:<\/b> Estas pulseras se fabrican uniendo secciones de silicona de diferentes colores. Debido a este proceso de moldeado, la l\u00ednea divisoria entre los colores no puede ser perfectamente recta y presentar\u00e1 una mezcla o fusi\u00f3n natural de colores.<\/p><\/blockquote>\n<p><b>Caracter\u00edsticas principales:<\/b><\/p>\n<ul>\n<li><b>Dise\u00f1o tricolor de alto impacto:<\/b> Presenta tres segmentos de color distintos moldeados juntos para una declaraci\u00f3n de marca audaz.<\/li>\n<li><b>Logotipo con incrustaciones duraderas:<\/b> Su dise\u00f1o est\u00e1 grabado en relieve (hundido) y relleno con una incrustaci\u00f3n de un solo color, lo que garantiza que no se desvanecer\u00e1 ni se desgastar\u00e1.<\/li>\n<li><b>Igualaci\u00f3n total de colores Pantone:<\/b> Personaliza los tres segmentos y el logotipo con los colores Pantone exactos de tu marca.<\/li>\n<li><b>Silicona de calidad 100%:<\/b> Fabricado con silicona duradera, flexible e hipoalerg\u00e9nica (<span class=\"math-inline\" data-math=\"100\\\\%\">$100\\\\%$<\/span> silicona flexible y duradera) para una comodidad duradera.<\/li>\n<li><b>Tallas vers\u00e1tiles:<\/b> Disponible en tama\u00f1o adulto est\u00e1ndar (202 *12 <span class=\"math-inline\" data-math=\"\\times\">*<\/span>\u00a02 mm), tallas juveniles y tallas infantiles personalizadas.<\/li>\n<\/ul>","protected":false},"excerpt":{"rendered":"<ul>\n<li>Presenta tres segmentos de color distintos y de alto impacto para una apariencia audaz.<\/li>\n<li>Logotipo duradero en relieve (hundido) con relleno de un solo color que no se desgasta.<\/li>\n<li>Totalmente personalizable con los colores Pantone de su organizaci\u00f3n.<\/li>\n<li>Disponibles en tallas para adultos, j\u00f3venes y ni\u00f1os para adaptarse a cualquier p\u00fablico.<\/li>\n<li><\/li>\n<\/ul>","protected":false},"featured_media":5974,"comment_status":"closed","ping_status":"closed","template":"","meta":[],"product_brand":[],"product_cat":[49],"product_tag":[],"class_list":{"0":"post-5224","1":"product","2":"type-product","3":"status-publish","4":"has-post-thumbnail","6":"product_cat-silicone","8":"first","9":"instock","10":"shipping-taxable","11":"purchasable","12":"product-type-simple"},"_links":{"self":[{"href":"https:\/\/displayproducts.eu\/es\/wp-json\/wp\/v2\/product\/5224","targetHints":{"allow":["GET"]}}],"collection":[{"href":"https:\/\/displayproducts.eu\/es\/wp-json\/wp\/v2\/product"}],"about":[{"href":"https:\/\/displayproducts.eu\/es\/wp-json\/wp\/v2\/types\/product"}],"replies":[{"embeddable":true,"href":"https:\/\/displayproducts.eu\/es\/wp-json\/wp\/v2\/comments?post=5224"}],"wp:featuredmedia":[{"embeddable":true,"href":"https:\/\/displayproducts.eu\/es\/wp-json\/wp\/v2\/media\/5974"}],"wp:attachment":[{"href":"https:\/\/displayproducts.eu\/es\/wp-json\/wp\/v2\/media?parent=5224"}],"wp:term":[{"taxonomy":"product_brand","embeddable":true,"href":"https:\/\/displayproducts.eu\/es\/wp-json\/wp\/v2\/product_brand?post=5224"},{"taxonomy":"product_cat","embeddable":true,"href":"https:\/\/displayproducts.eu\/es\/wp-json\/wp\/v2\/product_cat?post=5224"},{"taxonomy":"product_tag","embeddable":true,"href":"https:\/\/displayproducts.eu\/es\/wp-json\/wp\/v2\/product_tag?post=5224"}],"curies":[{"name":"wp","href":"https:\/\/api.w.org\/{rel}","templated":true}]}}