{"id":5218,"date":"2025-10-21T11:56:09","date_gmt":"2025-10-21T08:56:09","guid":{"rendered":"https:\/\/wristbandfactory.eu\/?post_type=product&#038;p=5218"},"modified":"2026-04-01T21:52:35","modified_gmt":"2026-04-01T18:52:35","slug":"remote-control-led-wristbands","status":"publish","type":"product","link":"https:\/\/displayproducts.eu\/es\/p\/remote-control-led-wristbands\/","title":{"rendered":"Pulseras LED personalizadas con control remoto (RF y DMX)"},"content":{"rendered":"<p data-path-to-node=\"9\">Transforma tu concierto, festival o evento corporativo en un espect\u00e1culo de luces inolvidable. Nuestras pulseras LED con control remoto te permiten sincronizar a cada asistente con tu m\u00fasica y programaci\u00f3n, creando una experiencia visual masiva y unificada que impulsa la participaci\u00f3n del p\u00fablico.<\/p>\n<p data-path-to-node=\"10\">Este es el centro de informaci\u00f3n para todos nuestros modelos de pulseras de silicona y pl\u00e1stico con control remoto. Hemos reunido aqu\u00ed nuestros diferentes estilos para ayudarle a elegir la soluci\u00f3n perfecta que se ajuste a las necesidades t\u00e9cnicas y al presupuesto de su evento.<\/p>\n<p data-path-to-node=\"11\">Todos los modelos son compatibles con una central <strong><a href=\"https:\/\/displayproducts.eu\/es\/p\/remote-dmx-controllers-for-led-wristbands\/\">Control remoto y controlador DMX<\/a><\/strong> que se vende por separado en nuestra tienda <strong><a href=\"https:\/\/displayproducts.eu\/es\/c\/event-supplies\/\">Suministros para eventos<\/a><\/strong> Este controlador permite que un solo operador cambie los colores LED y los patrones de parpadeo de todas las pulseras del recinto al mismo tiempo.<\/p>\n<h3>Elige tu modelo con control remoto<\/h3>\n<p data-path-to-node=\"13\">Seleccione el modelo espec\u00edfico seg\u00fan los requisitos de su evento en cuanto a brillo, duraci\u00f3n de la bater\u00eda, dise\u00f1o o sostenibilidad:<\/p>\n<h4>1. El modelo \u201cBrillante\u201d (11 LED \/ Alimentaci\u00f3n AAA)<\/h4>\n<p><img fetchpriority=\"high\" decoding=\"async\" class=\"alignnone wp-image-5543\" src=\"https:\/\/displayproducts.eu\/wp-content\/uploads\/2025\/10\/the-bright.jpg\" alt=\"\" width=\"300\" height=\"300\" srcset=\"https:\/\/displayproducts.eu\/wp-content\/uploads\/2025\/10\/the-bright.jpg 1080w, https:\/\/displayproducts.eu\/wp-content\/uploads\/2025\/10\/the-bright-768x768.jpg 768w, https:\/\/displayproducts.eu\/wp-content\/uploads\/2025\/10\/the-bright-12x12.jpg 12w, https:\/\/displayproducts.eu\/wp-content\/uploads\/2025\/10\/the-bright-300x300.jpg 300w, https:\/\/displayproducts.eu\/wp-content\/uploads\/2025\/10\/the-bright-600x600.jpg 600w, https:\/\/displayproducts.eu\/wp-content\/uploads\/2025\/10\/the-bright-100x100.jpg 100w, https:\/\/displayproducts.eu\/wp-content\/uploads\/2025\/10\/the-bright-64x64.jpg 64w\" sizes=\"(max-width: 300px) 100vw, 300px\" \/><\/p>\n<p data-path-to-node=\"17\">Nuestra soluci\u00f3n m\u00e1s potente: este modelo cuenta con 11 LED individuales para un m\u00e1ximo impacto visual en estadios. Funciona con dos pilas AAA est\u00e1ndar reemplazables, lo que ofrece una autonom\u00eda de 12 horas.<\/p>\n<ul data-path-to-node=\"18\">\n<li>\n<p data-path-to-node=\"18,0,0\"><b data-path-to-node=\"18,0,0\" data-index-in-node=\"0\">Ideal para:<\/b> Giras multitudinarias por estadios y festivales al aire libre.<\/p>\n<\/li>\n<\/ul>\n<h4>2. El est\u00e1ndar \u201cecol\u00f3gico\u201d<\/h4>\n<p><img decoding=\"async\" class=\"alignnone wp-image-5544\" src=\"https:\/\/displayproducts.eu\/wp-content\/uploads\/2025\/10\/eco-friendly.jpg\" alt=\"\" width=\"300\" height=\"300\" \/><\/p>\n<p data-path-to-node=\"19\"><span data-path-to-node=\"20,2\"><span class=\"citation-377\">Este modelo es nuestra soluci\u00f3n m\u00e1s popular y vers\u00e1til, fabricada con c\u00f3modo ABS y silicona. <\/span><\/span><span data-path-to-node=\"20,4\"> Cuenta con una bater\u00eda de larga duraci\u00f3n de 12 horas (CR2032) y 15 opciones de color.<\/span><\/p>\n<ul data-path-to-node=\"20\">\n<li>\n<p data-path-to-node=\"20,0,0\"><b>Ideal para:<\/b> Marcas y eventos centrados en la sostenibilidad y la fiabilidad.<\/p>\n<\/li>\n<\/ul>\n<h4>3. El \u201cDise\u00f1o Esculpido\u201d (Dise\u00f1o 3D)<\/h4>\n<p><img decoding=\"async\" class=\"alignnone wp-image-5545\" src=\"https:\/\/displayproducts.eu\/wp-content\/uploads\/2025\/10\/sculpted-1.jpg\" alt=\"\" width=\"300\" height=\"300\" srcset=\"https:\/\/displayproducts.eu\/wp-content\/uploads\/2025\/10\/sculpted-1.jpg 500w, https:\/\/displayproducts.eu\/wp-content\/uploads\/2025\/10\/sculpted-1-12x12.jpg 12w, https:\/\/displayproducts.eu\/wp-content\/uploads\/2025\/10\/sculpted-1-300x300.jpg 300w, https:\/\/displayproducts.eu\/wp-content\/uploads\/2025\/10\/sculpted-1-100x100.jpg 100w, https:\/\/displayproducts.eu\/wp-content\/uploads\/2025\/10\/sculpted-1-64x64.jpg 64w\" sizes=\"(max-width: 300px) 100vw, 300px\" \/><\/p>\n<p data-path-to-node=\"21\">Haz una declaraci\u00f3n de dise\u00f1o audaz. Este modelo presenta un dise\u00f1o \u00fanico, <b>parte superior geom\u00e9trica esculpida en 3D<\/b> (Disponible con 2 o 4 LED). Es una pieza llamativa y elegante que destaca.<\/p>\n<ul data-path-to-node=\"22\">\n<li>\n<p data-path-to-node=\"22,0,0\"><b>Ideal para:<\/b> Zonas VIP, lanzamientos de productos y eventos de alta costura.<\/p>\n<\/li>\n<\/ul>\n<h4>4. El \u201cLigero\u201d (20 g)<\/h4>\n<p><img loading=\"lazy\" decoding=\"async\" class=\"alignnone wp-image-5546\" src=\"https:\/\/displayproducts.eu\/wp-content\/uploads\/2025\/10\/lightweight.jpg\" alt=\"\" width=\"300\" height=\"300\" srcset=\"https:\/\/displayproducts.eu\/wp-content\/uploads\/2025\/10\/lightweight.jpg 500w, https:\/\/displayproducts.eu\/wp-content\/uploads\/2025\/10\/lightweight-12x12.jpg 12w, https:\/\/displayproducts.eu\/wp-content\/uploads\/2025\/10\/lightweight-300x300.jpg 300w, https:\/\/displayproducts.eu\/wp-content\/uploads\/2025\/10\/lightweight-100x100.jpg 100w, https:\/\/displayproducts.eu\/wp-content\/uploads\/2025\/10\/lightweight-64x64.jpg 64w\" sizes=\"(max-width: 300px) 100vw, 300px\" \/><\/p>\n<p data-path-to-node=\"24\">Dise\u00f1ado para ofrecer la m\u00e1xima comodidad, este modelo pesa <b>solo 20 gramos<\/b>, garantizando que los asistentes puedan usarlo toda la noche. Cuenta con 15 opciones de color y una duraci\u00f3n de 12 horas (pilas CR2032).<\/p>\n<ul data-path-to-node=\"25\">\n<li>\n<p data-path-to-node=\"25,0,0\"><b>Ideal para:<\/b> Conferencias, fiestas corporativas y eventos donde la comodidad es clave.<\/p>\n<\/li>\n<\/ul>\n<h4>5. El \u201cReloj\u201d (Reloj de Eventos)<\/h4>\n<p><img loading=\"lazy\" decoding=\"async\" class=\"alignnone wp-image-5548 size-full\" src=\"https:\/\/displayproducts.eu\/wp-content\/uploads\/2025\/10\/watch-e1763320779944.jpg\" alt=\"\" width=\"480\" height=\"288\" srcset=\"https:\/\/displayproducts.eu\/wp-content\/uploads\/2025\/10\/watch-e1763320779944.jpg 480w, https:\/\/displayproducts.eu\/wp-content\/uploads\/2025\/10\/watch-e1763320779944-18x12.jpg 18w, https:\/\/displayproducts.eu\/wp-content\/uploads\/2025\/10\/watch-e1763320779944-64x38.jpg 64w\" sizes=\"(max-width: 480px) 100vw, 480px\" \/><\/p>\n<p data-path-to-node=\"27\">Este modelo cuenta con un <b>estilo reloj<\/b> Dise\u00f1o con una superficie grande y plana, que proporciona un \u00e1rea excelente y muy visible para su logotipo personalizado.<\/p>\n<ul data-path-to-node=\"28\">\n<li>\n<p data-path-to-node=\"28,0,0\"><b>Ideal para:<\/b> Eventos corporativos y promoci\u00f3n de marcas de patrocinadores.<\/p>\n<\/li>\n<\/ul>\n<h2 data-path-to-node=\"31\">Presupuesto<\/h2>\n<ul data-path-to-node=\"32\">\n<li>\n<p data-path-to-node=\"32,0,1\"><span data-path-to-node=\"32,0,1,0\"><b data-path-to-node=\"32,0,1,0\" data-index-in-node=\"0\"><span class=\"citation-374\">Tecnolog\u00eda de control:<\/span><\/b><span class=\"citation-374\"> RF (Radiofrecuencia) y DMX512. <\/span><\/span><\/p>\n<\/li>\n<li>\n<p data-path-to-node=\"32,1,1\"><span data-path-to-node=\"32,1,1,0\"><b data-path-to-node=\"32,1,1,0\" data-index-in-node=\"0\"><span class=\"citation-373\">Materiales:<\/span><\/b><span class=\"citation-373\"> Silicona, ABS, PVC. <\/span><\/span><\/p>\n<\/li>\n<li>\n<p data-path-to-node=\"32,2,0\"><b data-path-to-node=\"32,2,0\" data-index-in-node=\"0\">Duraci\u00f3n de la bater\u00eda:<\/b> 6 a 12 horas seg\u00fan el modelo.<\/p>\n<\/li>\n<li>\n<p data-path-to-node=\"32,3,1\"><span data-path-to-node=\"32,3,1,0\"><b data-path-to-node=\"32,3,1,0\" data-index-in-node=\"0\"><span class=\"citation-372\">Herrada:<\/span><\/b><span class=\"citation-372\"> Impresi\u00f3n de logotipos personalizados en 1 color o multicolor. <\/span><\/span><\/p>\n<\/li>\n<li>\n<p data-path-to-node=\"32,4,0\"><b data-path-to-node=\"32,4,0\" data-index-in-node=\"0\">Cantidad m\u00ednima de pedido:<\/b> 100 unidades.<\/p>\n<\/li>\n<\/ul>\n<h3><strong><a href=\"https:\/\/displayproducts.eu\/es\/p\/remote-dmx-controllers-for-led-wristbands\/\">Control remoto y controlador DMX<\/a><\/strong><\/h3>\n<p><img loading=\"lazy\" decoding=\"async\" class=\"\" src=\"https:\/\/displayproducts.eu\/wp-content\/uploads\/2025\/10\/controller-2-scaled.jpeg\" width=\"365\" height=\"365\" \/><\/p>","protected":false},"excerpt":{"rendered":"<ul>\n<li>\n<p data-path-to-node=\"9,0,0\"><b data-path-to-node=\"9,0,0\" data-index-in-node=\"0\">Sincronizaci\u00f3n centralizada:<\/b> Totalmente compatible con controladores RF y DMX para espect\u00e1culos de iluminaci\u00f3n envolventes en todo el lugar.<\/p>\n<\/li>\n<li>\n<p data-path-to-node=\"9,1,0\"><b data-path-to-node=\"9,1,0\" data-index-in-node=\"0\">Amplia gama de modelos:<\/b> Elija entre 11 modelos distintos que incluyen modelos ultralivianos, de alto brillo AAA y dise\u00f1os esculpidos en 3D.<\/p>\n<\/li>\n<li>\n<p data-path-to-node=\"9,2,1\"><span data-path-to-node=\"9,2,1,0\"><b data-path-to-node=\"9,2,1,0\" data-index-in-node=\"0\"><span class=\"citation-351\">Marca B2B:<\/span><\/b><span class=\"citation-351\"> Impresi\u00f3n de logotipo personalizado de alta calidad disponible en todos los modelos para una m\u00e1xima visibilidad del patrocinador. <\/span><\/span><\/p>\n<\/li>\n<li>\n<p data-path-to-node=\"9,3,0\"><b data-path-to-node=\"9,3,0\" data-index-in-node=\"0\">Control de largo alcance:<\/b> Cobertura de se\u00f1al confiable de hasta 300 a 500 metros para eventos a escala de estadio.<\/p>\n<\/li>\n<\/ul>","protected":false},"featured_media":5031,"comment_status":"closed","ping_status":"closed","template":"","meta":[],"product_brand":[],"product_cat":[80],"product_tag":[],"class_list":{"0":"post-5218","1":"product","2":"type-product","3":"status-publish","4":"has-post-thumbnail","6":"product_cat-led-wristbands","8":"first","9":"instock","10":"shipping-taxable","11":"purchasable","12":"product-type-simple"},"_links":{"self":[{"href":"https:\/\/displayproducts.eu\/es\/wp-json\/wp\/v2\/product\/5218","targetHints":{"allow":["GET"]}}],"collection":[{"href":"https:\/\/displayproducts.eu\/es\/wp-json\/wp\/v2\/product"}],"about":[{"href":"https:\/\/displayproducts.eu\/es\/wp-json\/wp\/v2\/types\/product"}],"replies":[{"embeddable":true,"href":"https:\/\/displayproducts.eu\/es\/wp-json\/wp\/v2\/comments?post=5218"}],"wp:featuredmedia":[{"embeddable":true,"href":"https:\/\/displayproducts.eu\/es\/wp-json\/wp\/v2\/media\/5031"}],"wp:attachment":[{"href":"https:\/\/displayproducts.eu\/es\/wp-json\/wp\/v2\/media?parent=5218"}],"wp:term":[{"taxonomy":"product_brand","embeddable":true,"href":"https:\/\/displayproducts.eu\/es\/wp-json\/wp\/v2\/product_brand?post=5218"},{"taxonomy":"product_cat","embeddable":true,"href":"https:\/\/displayproducts.eu\/es\/wp-json\/wp\/v2\/product_cat?post=5218"},{"taxonomy":"product_tag","embeddable":true,"href":"https:\/\/displayproducts.eu\/es\/wp-json\/wp\/v2\/product_tag?post=5218"}],"curies":[{"name":"wp","href":"https:\/\/api.w.org\/{rel}","templated":true}]}}