{"id":5209,"date":"2025-10-20T23:33:45","date_gmt":"2025-10-20T20:33:45","guid":{"rendered":"https:\/\/wristbandfactory.eu\/?post_type=product&#038;p=5209"},"modified":"2026-04-01T21:52:35","modified_gmt":"2026-04-01T18:52:35","slug":"printed-cup-holder-clip","status":"publish","type":"product","link":"https:\/\/displayproducts.eu\/es\/p\/printed-cup-holder-clip\/","title":{"rendered":"Clip portavasos impreso"},"content":{"rendered":"<p data-path-to-node=\"12\">Mejore la experiencia de los asistentes a su pr\u00f3ximo festival o conferencia con nuestras pr\u00e1cticas <b data-path-to-node=\"12\" data-index-in-node=\"112\">Clip para portavasos impreso<\/b>. Este ingenioso accesorio soluciona un problema com\u00fan en eventos: tener que llevar siempre encima un vaso reutilizable. Al permitir que los invitados aten de forma segura su envase vac\u00edo a un cord\u00f3n o a la trabilla del cintur\u00f3n, les deja las manos libres para hacer networking, bailar o animar.<\/p>\n<p data-path-to-node=\"13\"><span data-path-to-node=\"13,1\"><span class=\"citation-56\">Dise\u00f1ado para funcionar a la perfecci\u00f3n con nuestro <\/span><b data-path-to-node=\"13,1\" data-index-in-node=\"37\"><span class=\"citation-56\">Cintas de cuello<\/span><\/b> <\/span><span data-path-to-node=\"13,4\"><span class=\"citation-55\">y <\/span><b data-path-to-node=\"13,4\" data-index-in-node=\"4\"><span class=\"citation-55\">Vasos reciclables de alta calidad para eventos<\/span><\/b><\/span><span data-path-to-node=\"13,6\">, Este clip es un complemento esencial para cualquier estrategia de evento ecol\u00f3gico. Fomenta la reutilizaci\u00f3n de vasos al facilitar su transporte, lo que reduce la probabilidad de que se desechen o se pierdan.<\/span><\/p>\n<h2 data-path-to-node=\"14\">Caracter\u00edsticas principales<\/h2>\n<ul data-path-to-node=\"15\">\n<li>\n<p data-path-to-node=\"15,0,0\"><b data-path-to-node=\"15,0,0\" data-index-in-node=\"0\">Agarre seguro:<\/b> El mecanismo de clip se adhiere firmemente al borde de los vasos y tazas de pl\u00e1stico reutilizables est\u00e1ndar (PP), lo que garantiza que el vaso permanezca en su lugar mientras camina.<\/p>\n<\/li>\n<li>\n<p data-path-to-node=\"15,1,0\"><b data-path-to-node=\"15,1,0\" data-index-in-node=\"0\">Marca de alta visibilidad:<\/b> A pesar de su tama\u00f1o compacto, el clip presenta un \u00e1rea plana prominente dise\u00f1ada espec\u00edficamente para imprimir su logotipo, poniendo su marca en el centro de atenci\u00f3n cada vez que el usuario toma un sorbo.<\/p>\n<\/li>\n<li>\n<p data-path-to-node=\"15,2,0\"><b data-path-to-node=\"15,2,0\" data-index-in-node=\"0\">Coordinaci\u00f3n de colores:<\/b> Fabricado en pl\u00e1stico ABS duradero, disponible en una amplia gama de colores para combinar con la identidad de su marca o el tema del evento.<\/p>\n<\/li>\n<li>\n<p data-path-to-node=\"15,3,0\"><b data-path-to-node=\"15,3,0\" data-index-in-node=\"0\">Dise\u00f1o ligero:<\/b> Con un peso de solo 3 gramos, no agrega volumen al cord\u00f3n del asistente.<\/p>\n<\/li>\n<\/ul>\n<h2 data-path-to-node=\"16\">Presupuesto<\/h2>\n<ul data-path-to-node=\"17\">\n<li>\n<p data-path-to-node=\"17,0,0\"><b data-path-to-node=\"17,0,0\" data-index-in-node=\"0\">Material:<\/b> Pl\u00e1stico ABS resistente.<\/p>\n<\/li>\n<li>\n<p data-path-to-node=\"17,1,0\"><b data-path-to-node=\"17,1,0\" data-index-in-node=\"0\">Dimensiones:<\/b> 1,6 x 2,2 x 2,2 cent\u00edmetros.<\/p>\n<\/li>\n<li>\n<p data-path-to-node=\"17,2,0\"><b data-path-to-node=\"17,2,0\" data-index-in-node=\"0\">Peso:<\/b> 3 gramos.<\/p>\n<\/li>\n<li>\n<p data-path-to-node=\"17,3,0\"><b data-path-to-node=\"17,3,0\" data-index-in-node=\"0\">Compatibilidad:<\/b> Se adapta a vasos y tazas reutilizables est\u00e1ndar para festivales.<\/p>\n<\/li>\n<li>\n<p data-path-to-node=\"17,4,0\"><b data-path-to-node=\"17,4,0\" data-index-in-node=\"0\">Adjunto:<\/b> Anilla para cintas de cuello o mosquetones.<\/p>\n<\/li>\n<li>\n<p data-path-to-node=\"17,5,0\"><b data-path-to-node=\"17,5,0\" data-index-in-node=\"0\">Personalizaci\u00f3n:<\/b> Tampograf\u00eda sobre superficie plana.<\/p>\n<\/li>\n<\/ul>\n<h2 data-path-to-node=\"18\">Casos de uso<\/h2>\n<ul data-path-to-node=\"19\">\n<li>\n<p data-path-to-node=\"19,0,0\"><b data-path-to-node=\"19,0,0\" data-index-in-node=\"0\">Festivales de m\u00fasica:<\/b> Permite a los fan\u00e1ticos bailar sin sostener una taza vac\u00eda.<\/p>\n<\/li>\n<li>\n<p data-path-to-node=\"19,1,0\"><b data-path-to-node=\"19,1,0\" data-index-in-node=\"0\">Eventos de cata de cerveza y vino:<\/b> Mantiene el vaso de degustaci\u00f3n accesible entre estaciones.<\/p>\n<\/li>\n<li>\n<p data-path-to-node=\"19,2,0\"><b data-path-to-node=\"19,2,0\" data-index-in-node=\"0\">Ferias comerciales:<\/b> Libera las manos para intercambiar tarjetas de presentaci\u00f3n mientras llevas una taza de caf\u00e9.<\/p>\n<\/li>\n<li>\n<p data-path-to-node=\"19,3,0\"><b data-path-to-node=\"19,3,0\" data-index-in-node=\"0\">Eventos al aire libre:<\/b> Evita que las tazas se pierdan o queden en el suelo.<\/p>\n<\/li>\n<\/ul>","protected":false},"excerpt":{"rendered":"<ul>\n<li>\n<p data-path-to-node=\"11,0,0\"><b data-path-to-node=\"11,0,0\" data-index-in-node=\"0\">Comodidad de manos libres:<\/b> Permite a los asistentes sujetar su vaso reutilizable a un cord\u00f3n o a un cintur\u00f3n.<\/p>\n<\/li>\n<li>\n<p data-path-to-node=\"11,1,0\"><b data-path-to-node=\"11,1,0\" data-index-in-node=\"0\">Ajuste universal:<\/b> Se sujeta de forma segura al borde de la mayor\u00eda de los vasos de pl\u00e1stico est\u00e1ndar para festivales.<\/p>\n<\/li>\n<li>\n<p data-path-to-node=\"11,2,0\"><b data-path-to-node=\"11,2,0\" data-index-in-node=\"0\">Marca personalizada:<\/b> Cuenta con una superficie plana dedicada para la impresi\u00f3n de logotipos de alta visibilidad.<\/p>\n<\/li>\n<li>\n<p data-path-to-node=\"11,3,0\"><b data-path-to-node=\"11,3,0\" data-index-in-node=\"0\">Ligero y duradero:<\/b> Fabricado en pl\u00e1stico ABS resistente (3g), disponible en varios colores.<\/p>\n<\/li>\n<\/ul>","protected":false},"featured_media":6476,"comment_status":"closed","ping_status":"closed","template":"","meta":[],"product_brand":[],"product_cat":[119],"product_tag":[],"class_list":{"0":"post-5209","1":"product","2":"type-product","3":"status-publish","4":"has-post-thumbnail","6":"product_cat-drinkware-accessories","8":"first","9":"instock","10":"shipping-taxable","11":"purchasable","12":"product-type-simple"},"_links":{"self":[{"href":"https:\/\/displayproducts.eu\/es\/wp-json\/wp\/v2\/product\/5209","targetHints":{"allow":["GET"]}}],"collection":[{"href":"https:\/\/displayproducts.eu\/es\/wp-json\/wp\/v2\/product"}],"about":[{"href":"https:\/\/displayproducts.eu\/es\/wp-json\/wp\/v2\/types\/product"}],"replies":[{"embeddable":true,"href":"https:\/\/displayproducts.eu\/es\/wp-json\/wp\/v2\/comments?post=5209"}],"wp:featuredmedia":[{"embeddable":true,"href":"https:\/\/displayproducts.eu\/es\/wp-json\/wp\/v2\/media\/6476"}],"wp:attachment":[{"href":"https:\/\/displayproducts.eu\/es\/wp-json\/wp\/v2\/media?parent=5209"}],"wp:term":[{"taxonomy":"product_brand","embeddable":true,"href":"https:\/\/displayproducts.eu\/es\/wp-json\/wp\/v2\/product_brand?post=5209"},{"taxonomy":"product_cat","embeddable":true,"href":"https:\/\/displayproducts.eu\/es\/wp-json\/wp\/v2\/product_cat?post=5209"},{"taxonomy":"product_tag","embeddable":true,"href":"https:\/\/displayproducts.eu\/es\/wp-json\/wp\/v2\/product_tag?post=5209"}],"curies":[{"name":"wp","href":"https:\/\/api.w.org\/{rel}","templated":true}]}}