{"id":5195,"date":"2025-10-20T22:09:07","date_gmt":"2025-10-20T19:09:07","guid":{"rendered":"https:\/\/wristbandfactory.eu\/?post_type=product&#038;p=5195"},"modified":"2026-04-01T21:52:04","modified_gmt":"2026-04-01T18:52:04","slug":"promotional-recycled-aluminium-cups","status":"publish","type":"product","link":"https:\/\/displayproducts.eu\/es\/p\/promotional-recycled-aluminium-cups\/","title":{"rendered":"Vasos reutilizables de aluminio impresos"},"content":{"rendered":"<p>Exprese con fuerza el compromiso de su marca con la sostenibilidad. Estos vasos reutilizables de 500 ml est\u00e1n fabricados con aluminio reciclado con certificaci\u00f3n GRS, ofreciendo una alternativa ecol\u00f3gica y de primera calidad al pl\u00e1stico para su pr\u00f3xima conferencia, festival o evento corporativo. Su elegante acabado plateado brillante es el lienzo perfecto y de gran valor para su logotipo.<\/p>\n<p>Esto es m\u00e1s que una simple taza; es un mensaje. El aluminio reciclado es ligero y resistente, y cuenta con la certificaci\u00f3n GRS (Est\u00e1ndar Global de Reciclaje). Esta certificaci\u00f3n garantiza el origen reciclado del material, ofreciendo total transparencia para su marketing sostenible. <span class=\"citation-5 citation-end-5\">A diferencia de otros materiales, el aluminio se puede reciclar casi infinitamente sin perder sus propiedades originales, un proceso que consume mucha menos energ\u00eda que la producci\u00f3n nueva.<\/span> Elegir este producto demuestra los valores de su marca.<\/p>\n<p><b>Caracter\u00edsticas principales:<\/b><\/p>\n<ul>\n<li><b>Capacidad:<\/b> 500 ml<\/li>\n<li><b>Material:<\/b> Aluminio reciclado certificado por GRS<\/li>\n<li><b>Finalizar:<\/b> Plata brillante<\/li>\n<li><b>Ecol\u00f3gico:<\/b> Reutilizable y infinitamente reciclable.<\/li>\n<li><b>Ligero:<\/b> F\u00e1cil de llevar para los invitados.<\/li>\n<li><b>Certificado:<\/b><span class=\"citation-4 citation-end-4\"> GRS (Global Recycled Standard) garantiza contenido reciclado<\/span><\/li>\n<li><b>Herrada:<\/b> Ideal para grabar con l\u00e1ser o imprimir su logotipo.<\/li>\n<\/ul>","protected":false},"excerpt":{"rendered":"<ul>\n<li>Muestre su marca en un vaso premium de aluminio reciclado de 500 ml.<\/li>\n<li>Ligero, duradero y presenta un acabado plateado elegante y brillante.<\/li>\n<li>Certificado GRS para garantizar materiales sostenibles y reciclados.<\/li>\n<li>Perfecto para eventos ecol\u00f3gicos, regalos corporativos y festivales.<\/li>\n<\/ul>","protected":false},"featured_media":6593,"comment_status":"closed","ping_status":"closed","template":"","meta":[],"product_brand":[],"product_cat":[111],"product_tag":[],"class_list":{"0":"post-5195","1":"product","2":"type-product","3":"status-publish","4":"has-post-thumbnail","6":"product_cat-reusable-event-cups","8":"first","9":"instock","10":"shipping-taxable","11":"purchasable","12":"product-type-simple"},"_links":{"self":[{"href":"https:\/\/displayproducts.eu\/es\/wp-json\/wp\/v2\/product\/5195","targetHints":{"allow":["GET"]}}],"collection":[{"href":"https:\/\/displayproducts.eu\/es\/wp-json\/wp\/v2\/product"}],"about":[{"href":"https:\/\/displayproducts.eu\/es\/wp-json\/wp\/v2\/types\/product"}],"replies":[{"embeddable":true,"href":"https:\/\/displayproducts.eu\/es\/wp-json\/wp\/v2\/comments?post=5195"}],"wp:featuredmedia":[{"embeddable":true,"href":"https:\/\/displayproducts.eu\/es\/wp-json\/wp\/v2\/media\/6593"}],"wp:attachment":[{"href":"https:\/\/displayproducts.eu\/es\/wp-json\/wp\/v2\/media?parent=5195"}],"wp:term":[{"taxonomy":"product_brand","embeddable":true,"href":"https:\/\/displayproducts.eu\/es\/wp-json\/wp\/v2\/product_brand?post=5195"},{"taxonomy":"product_cat","embeddable":true,"href":"https:\/\/displayproducts.eu\/es\/wp-json\/wp\/v2\/product_cat?post=5195"},{"taxonomy":"product_tag","embeddable":true,"href":"https:\/\/displayproducts.eu\/es\/wp-json\/wp\/v2\/product_tag?post=5195"}],"curies":[{"name":"wp","href":"https:\/\/api.w.org\/{rel}","templated":true}]}}