{"id":5183,"date":"2025-10-20T22:05:04","date_gmt":"2025-10-20T19:05:04","guid":{"rendered":"https:\/\/wristbandfactory.eu\/?post_type=product&#038;p=5183"},"modified":"2026-04-01T21:52:35","modified_gmt":"2026-04-01T18:52:35","slug":"reusable-event-cups-solid-frosted-finish-550ml","status":"publish","type":"product","link":"https:\/\/displayproducts.eu\/es\/p\/reusable-event-cups-solid-frosted-finish-550ml\/","title":{"rendered":"Vasos reutilizables para eventos (acabado s\u00f3lido y esmerilado) 550 ml"},"content":{"rendered":"<p data-path-to-node=\"8\">Realza la est\u00e9tica de tu evento con nuestros vasos reutilizables de 550 ml, disponibles en tres acabados premium exclusivos. Este vaso es la soluci\u00f3n perfecta para organizadores de eventos, empresas y recintos que buscan una imagen de marca que vaya m\u00e1s all\u00e1 de un simple logotipo.<\/p>\n<p data-path-to-node=\"9\">Elige el acabado que mejor se adapte a la identidad de tu marca:<\/p>\n<ul data-path-to-node=\"10\">\n<li>\n<p data-path-to-node=\"10,0,0\"><b>Blanco s\u00f3lido:<\/b> Ofrece un lienzo limpio, cl\u00e1sico y de alta visibilidad para su marca.<\/p>\n<\/li>\n<li>\n<p data-path-to-node=\"10,1,0\"><b>Negro s\u00f3lido:<\/b> Ofrece una apariencia pr\u00e9mium y de alto contraste, ideal para eventos VIP y una imagen de marca sofisticada.<\/p>\n<\/li>\n<li>\n<p data-path-to-node=\"10,2,0\"><b>Transparente esmerilado:<\/b> Ofrece una apariencia moderna, elegante y con estilo.<\/p>\n<\/li>\n<\/ul>\n<p data-path-to-node=\"11\">Fabricados con polipropileno (PP) duradero, resistente y ligero, estos vasos est\u00e1n dise\u00f1ados para un uso frecuente en festivales, conciertos y eventos corporativos. Son f\u00e1ciles de lavar y constituyen una alternativa sostenible a los vasos desechables.<\/p>\n<p data-path-to-node=\"12\">Su gran capacidad de 550 ml es perfecta para servir todo tipo de bebidas, mientras que su amplia superficie ofrece un lienzo excelente para tu impresi\u00f3n personalizada. Este vaso no solo reduce los residuos, sino que tambi\u00e9n funciona como un recuerdo ideal para llevar a casa, extendiendo la visibilidad de tu marca mucho despu\u00e9s del evento.<\/p>\n<p data-path-to-node=\"13\"><b>Caracter\u00edsticas principales:<\/b><\/p>\n<ul data-path-to-node=\"14\">\n<li>\n<p data-path-to-node=\"14,0,0\"><b>Opciones de acabado pr\u00e9mium:<\/b> Disponible en acabados blanco s\u00f3lido, negro s\u00f3lido o esmerilado transparente.<\/p>\n<\/li>\n<li>\n<p data-path-to-node=\"14,1,0\"><b>Gran capacidad de 550 ml:<\/b> Tama\u00f1o ideal y vers\u00e1til para festivales, estadios y conferencias.<\/p>\n<\/li>\n<li>\n<p data-path-to-node=\"14,2,0\"><b>Material PP duradero:<\/b> Polipropileno resistente, ligero y a prueba de roturas, dise\u00f1ado para su reutilizaci\u00f3n.<\/p>\n<\/li>\n<li>\n<p data-path-to-node=\"14,3,0\"><b>Soluci\u00f3n sostenible:<\/b> Una alternativa reutilizable y lavable a los vasos desechables para eventos.<\/p>\n<\/li>\n<li>\n<p data-path-to-node=\"14,4,0\"><b>Amplia zona para la marca:<\/b> Amplio espacio para impresi\u00f3n personalizada, realzado por un acabado \u00fanico.<\/p>\n<\/li>\n<\/ul>","protected":false},"excerpt":{"rendered":"<ul>\n<li>\n<p data-path-to-node=\"7,0,0\">Elige tu acabado: Disponible en blanco s\u00f3lido, negro s\u00f3lido o acabado esmerilado transparente.<\/p>\n<\/li>\n<li>\n<p data-path-to-node=\"7,1,0\">Ideal para una imagen de marca premium en eventos corporativos, festivales y estadios.<\/p>\n<\/li>\n<li>\n<p data-path-to-node=\"7,2,0\">Material PP reutilizable, duradero, ligero y f\u00e1cil de lavar.<\/p>\n<\/li>\n<li>\n<p data-path-to-node=\"7,3,0\">Gran capacidad de 550 ml para servir una amplia variedad de bebidas.<\/p>\n<\/li>\n<li><\/li>\n<\/ul>","protected":false},"featured_media":6624,"comment_status":"closed","ping_status":"closed","template":"","meta":[],"product_brand":[],"product_cat":[111],"product_tag":[],"class_list":{"0":"post-5183","1":"product","2":"type-product","3":"status-publish","4":"has-post-thumbnail","6":"product_cat-reusable-event-cups","8":"first","9":"instock","10":"shipping-taxable","11":"purchasable","12":"product-type-simple"},"_links":{"self":[{"href":"https:\/\/displayproducts.eu\/es\/wp-json\/wp\/v2\/product\/5183","targetHints":{"allow":["GET"]}}],"collection":[{"href":"https:\/\/displayproducts.eu\/es\/wp-json\/wp\/v2\/product"}],"about":[{"href":"https:\/\/displayproducts.eu\/es\/wp-json\/wp\/v2\/types\/product"}],"replies":[{"embeddable":true,"href":"https:\/\/displayproducts.eu\/es\/wp-json\/wp\/v2\/comments?post=5183"}],"wp:featuredmedia":[{"embeddable":true,"href":"https:\/\/displayproducts.eu\/es\/wp-json\/wp\/v2\/media\/6624"}],"wp:attachment":[{"href":"https:\/\/displayproducts.eu\/es\/wp-json\/wp\/v2\/media?parent=5183"}],"wp:term":[{"taxonomy":"product_brand","embeddable":true,"href":"https:\/\/displayproducts.eu\/es\/wp-json\/wp\/v2\/product_brand?post=5183"},{"taxonomy":"product_cat","embeddable":true,"href":"https:\/\/displayproducts.eu\/es\/wp-json\/wp\/v2\/product_cat?post=5183"},{"taxonomy":"product_tag","embeddable":true,"href":"https:\/\/displayproducts.eu\/es\/wp-json\/wp\/v2\/product_tag?post=5183"}],"curies":[{"name":"wp","href":"https:\/\/api.w.org\/{rel}","templated":true}]}}