{"id":5179,"date":"2025-10-20T21:58:37","date_gmt":"2025-10-20T18:58:37","guid":{"rendered":"https:\/\/wristbandfactory.eu\/?post_type=product&#038;p=5179"},"modified":"2026-04-01T21:52:35","modified_gmt":"2026-04-01T18:52:35","slug":"gold-laser-engraved-medals","status":"publish","type":"product","link":"https:\/\/displayproducts.eu\/es\/p\/gold-laser-engraved-medals\/","title":{"rendered":"Medallas doradas grabadas con l\u00e1ser"},"content":{"rendered":"<p>Reconozca el m\u00e1ximo rendimiento y celebre el \u00e9xito en su pr\u00f3ximo evento con estas cl\u00e1sicas medallas de oro. Ofrecen una forma tangible y de alta calidad de reconocer los logros de empleados, atletas o participantes, reforzando el compromiso de su organizaci\u00f3n con la excelencia.<\/p>\n<p>Nuestra medalla en stock mide 7 cm de di\u00e1metro, est\u00e1 fabricada en metal resistente y presenta un llamativo dise\u00f1o en relieve con un tradicional acabado dorado. Su superficie est\u00e1 especialmente preparada para el marcado l\u00e1ser, lo que garantiza que su logotipo, el nombre del evento o los datos del ganador queden grabados con excepcional precisi\u00f3n y claridad. La opci\u00f3n en stock viene lista para su presentaci\u00f3n con una anilla met\u00e1lica a juego y una cl\u00e1sica cinta roja de poli\u00e9ster.<\/p>\n<p>Para una soluci\u00f3n con marca completa, esta medalla tambi\u00e9n se puede fabricar por encargo. Elija entre varios tama\u00f1os, acabados y colores de cinta personalizados para que combinen a la perfecci\u00f3n con la identidad de marca de su organizaci\u00f3n o la tem\u00e1tica de su evento. Cont\u00e1ctenos para hablar sobre su proyecto de medalla personalizada.<\/p>\n<p><b>Caracter\u00edsticas principales:<\/b><\/p>\n<ul>\n<li><b>Material:<\/b> Metal de alta calidad<\/li>\n<li><b>Finalizar:<\/b> Dise\u00f1o en relieve con tono dorado.<\/li>\n<li><b>Personalizaci\u00f3n:<\/b> Especialmente dise\u00f1ado para marcado l\u00e1ser.<\/li>\n<li><b>Modelo de stock:<\/b> 7 cm de di\u00e1metro con cinta de poli\u00e9ster roja.<\/li>\n<li><b>Pedidos personalizados:<\/b> Disponible en diferentes tama\u00f1os y acabados.<\/li>\n<li><b>Opciones de cinta:<\/b> El stock incluye rojo; varios colores disponibles para pedidos personalizados.<\/li>\n<\/ul>\n<p>&nbsp;<\/p>","protected":false},"excerpt":{"rendered":"<ul>\n<li>Medalla de metal de primera calidad con acabado dorado cl\u00e1sico.<\/li>\n<li>Disponible como art\u00edculo de stock (7 cm) o como pedido personalizado.<\/li>\n<li>Superficie especialmente preparada para un grabado l\u00e1ser preciso.<\/li>\n<li>El art\u00edculo en stock incluye cinta roja; los pedidos personalizados ofrecen varios colores.<\/li>\n<\/ul>\n<p>&nbsp;<\/p>","protected":false},"featured_media":6503,"comment_status":"closed","ping_status":"closed","template":"","meta":[],"product_brand":[],"product_cat":[68,102],"product_tag":[],"class_list":{"0":"post-5179","1":"product","2":"type-product","3":"status-publish","4":"has-post-thumbnail","6":"product_cat-event-supplies","7":"product_cat-medals","9":"first","10":"instock","11":"shipping-taxable","12":"purchasable","13":"product-type-simple"},"_links":{"self":[{"href":"https:\/\/displayproducts.eu\/es\/wp-json\/wp\/v2\/product\/5179","targetHints":{"allow":["GET"]}}],"collection":[{"href":"https:\/\/displayproducts.eu\/es\/wp-json\/wp\/v2\/product"}],"about":[{"href":"https:\/\/displayproducts.eu\/es\/wp-json\/wp\/v2\/types\/product"}],"replies":[{"embeddable":true,"href":"https:\/\/displayproducts.eu\/es\/wp-json\/wp\/v2\/comments?post=5179"}],"wp:featuredmedia":[{"embeddable":true,"href":"https:\/\/displayproducts.eu\/es\/wp-json\/wp\/v2\/media\/6503"}],"wp:attachment":[{"href":"https:\/\/displayproducts.eu\/es\/wp-json\/wp\/v2\/media?parent=5179"}],"wp:term":[{"taxonomy":"product_brand","embeddable":true,"href":"https:\/\/displayproducts.eu\/es\/wp-json\/wp\/v2\/product_brand?post=5179"},{"taxonomy":"product_cat","embeddable":true,"href":"https:\/\/displayproducts.eu\/es\/wp-json\/wp\/v2\/product_cat?post=5179"},{"taxonomy":"product_tag","embeddable":true,"href":"https:\/\/displayproducts.eu\/es\/wp-json\/wp\/v2\/product_tag?post=5179"}],"curies":[{"name":"wp","href":"https:\/\/api.w.org\/{rel}","templated":true}]}}