{"id":5175,"date":"2025-10-20T21:51:42","date_gmt":"2025-10-20T18:51:42","guid":{"rendered":"https:\/\/wristbandfactory.eu\/?post_type=product&#038;p=5175"},"modified":"2026-04-01T21:52:04","modified_gmt":"2026-04-01T18:52:04","slug":"led-shot-glass-with-lanyard","status":"publish","type":"product","link":"https:\/\/displayproducts.eu\/es\/p\/led-shot-glass-with-lanyard\/","title":{"rendered":"Vaso de chupito LED con cord\u00f3n"},"content":{"rendered":"<p>Haga que su pr\u00f3xima fiesta corporativa, festival o evento promocional sea inolvidable. Este vaso de chupito con luz LED es una herramienta potente para mejorar la experiencia de los invitados y aumentar la visibilidad de su marca, especialmente en entornos con poca luz.<\/p>\n<p>Este vaso de chupito de 50 ml est\u00e1 fabricado en pl\u00e1stico PS resistente y libre de BPA. Los invitados pueden llevarlo f\u00e1cilmente gracias a la correa para el cuello incluida, manteniendo su logotipo visible durante toda la noche. Un sencillo bot\u00f3n en la base activa las brillantes luces LED multicolor, que ofrecen tres modos din\u00e1micos: luz fija, parpadeo r\u00e1pido y parpadeo lento.<\/p>\n<p>Este vaso es ideal para servir bebidas de bienvenida, brindis especiales o como recuerdo promocional. Incluye pilas para que est\u00e9 listo para usar de inmediato.<\/p>\n<p><b>Caracter\u00edsticas principales:<\/b><\/p>\n<ul>\n<li><b>Capacidad:<\/b> 50 ml<\/li>\n<li><b>Material:<\/b> Pl\u00e1stico PS duradero y libre de BPA<\/li>\n<li><b>Iluminaci\u00f3n:<\/b> 3 modos de luz (fijo, destello r\u00e1pido, destello lento)<\/li>\n<li><b>Usable:<\/b> Incluye un cord\u00f3n de poli\u00e9ster para el cuello para mayor comodidad.<\/li>\n<li><b>Preparado para usar:<\/b> Pilas de bot\u00f3n incluidas e instaladas<\/li>\n<li><b>Activaci\u00f3n:<\/b> Pulsador simple en la base<\/li>\n<\/ul>","protected":false},"excerpt":{"rendered":"<ul>\n<li>Incorpora 3 modos de luz LED (fija e intermitente) para una alta visibilidad.<\/li>\n<li>Incluye una pr\u00e1ctica correa para el cuello para llevarla con las manos libres en eventos.<\/li>\n<li>Resistente, con capacidad de 50 ml y fabricado con pl\u00e1stico libre de BPA.<\/li>\n<li>Listo para usar de inmediato con bater\u00edas incluidas e instaladas.<\/li>\n<li><\/li>\n<\/ul>","protected":false},"featured_media":6549,"comment_status":"closed","ping_status":"closed","template":"","meta":[],"product_brand":[],"product_cat":[43,68,119,45],"product_tag":[],"class_list":{"0":"post-5175","1":"product","2":"type-product","3":"status-publish","4":"has-post-thumbnail","6":"product_cat-lanyards","7":"product_cat-event-supplies","8":"product_cat-drinkware-accessories","9":"product_cat-other","11":"first","12":"instock","13":"shipping-taxable","14":"purchasable","15":"product-type-simple"},"_links":{"self":[{"href":"https:\/\/displayproducts.eu\/es\/wp-json\/wp\/v2\/product\/5175","targetHints":{"allow":["GET"]}}],"collection":[{"href":"https:\/\/displayproducts.eu\/es\/wp-json\/wp\/v2\/product"}],"about":[{"href":"https:\/\/displayproducts.eu\/es\/wp-json\/wp\/v2\/types\/product"}],"replies":[{"embeddable":true,"href":"https:\/\/displayproducts.eu\/es\/wp-json\/wp\/v2\/comments?post=5175"}],"wp:featuredmedia":[{"embeddable":true,"href":"https:\/\/displayproducts.eu\/es\/wp-json\/wp\/v2\/media\/6549"}],"wp:attachment":[{"href":"https:\/\/displayproducts.eu\/es\/wp-json\/wp\/v2\/media?parent=5175"}],"wp:term":[{"taxonomy":"product_brand","embeddable":true,"href":"https:\/\/displayproducts.eu\/es\/wp-json\/wp\/v2\/product_brand?post=5175"},{"taxonomy":"product_cat","embeddable":true,"href":"https:\/\/displayproducts.eu\/es\/wp-json\/wp\/v2\/product_cat?post=5175"},{"taxonomy":"product_tag","embeddable":true,"href":"https:\/\/displayproducts.eu\/es\/wp-json\/wp\/v2\/product_tag?post=5175"}],"curies":[{"name":"wp","href":"https:\/\/api.w.org\/{rel}","templated":true}]}}