{"id":5171,"date":"2025-10-20T21:47:54","date_gmt":"2025-10-20T18:47:54","guid":{"rendered":"https:\/\/wristbandfactory.eu\/?post_type=product&#038;p=5171"},"modified":"2026-04-01T21:52:35","modified_gmt":"2026-04-01T18:52:35","slug":"printable-gold-medals","status":"publish","type":"product","link":"https:\/\/displayproducts.eu\/es\/p\/printable-gold-medals\/","title":{"rendered":"Medallas de oro imprimibles"},"content":{"rendered":"<p>Cree premios personalizados para su competencia, ceremonia o programa de reconocimiento corporativo. Estas medallas met\u00e1licas de alta calidad ofrecen una forma profesional y duradera de celebrar el \u00e9xito y realzar el prestigio de su organizaci\u00f3n.<\/p>\n<p>Esta medalla presenta un acabado dorado brillante y liso, que le da un toque cl\u00e1sico a cualquier logro. Est\u00e1 especialmente dise\u00f1ada para personalizarse. Incluye una zona lisa ideal para aplicar su logotipo, texto o dise\u00f1o personalizado a todo color mediante sublimaci\u00f3n (disco\/impresi\u00f3n de sublimaci\u00f3n no incluidos). Este proceso le permite imprimir sus dise\u00f1os de marca por separado y aplicarlos para obtener un resultado n\u00edtido y vibrante. Cada medalla viene lista para regalar con una cinta roja de poli\u00e9ster para el cuello incluida.<\/p>\n<p><b>Caracter\u00edsticas principales:<\/b><\/p>\n<ul>\n<li><b>Material:<\/b> Metal de alta calidad.<\/li>\n<li><b>Finalizar:<\/b> Tono dorado pulido.<\/li>\n<li><b>Personalizaci\u00f3n:<\/b> Dise\u00f1ado para aplicar una impresi\u00f3n de sublimaci\u00f3n personalizada.<\/li>\n<li><b>Incluido:<\/b> Viene con una cinta para el cuello de poli\u00e9ster rojo duradera.<\/li>\n<li><b>Caso de uso:<\/b> Perfecto para torneos deportivos, premios acad\u00e9micos y reconocimiento de empleados.<\/li>\n<\/ul>","protected":false},"excerpt":{"rendered":"<ul>\n<li>Medalla de metal de primera calidad con acabado dorado pulido.<\/li>\n<li>Dise\u00f1ado para impresi\u00f3n por sublimaci\u00f3n personalizada (inserto imprimible no incluido).<\/li>\n<li>Ideal para premios corporativos, ligas deportivas y eventos escolares.<\/li>\n<li>Viene completo con una cl\u00e1sica cinta de cuello de poli\u00e9ster rojo.<\/li>\n<\/ul>\n<p>&nbsp;<\/p>","protected":false},"featured_media":6561,"comment_status":"closed","ping_status":"closed","template":"","meta":[],"product_brand":[],"product_cat":[68,102],"product_tag":[],"class_list":{"0":"post-5171","1":"product","2":"type-product","3":"status-publish","4":"has-post-thumbnail","6":"product_cat-event-supplies","7":"product_cat-medals","9":"first","10":"instock","11":"shipping-taxable","12":"purchasable","13":"product-type-simple"},"_links":{"self":[{"href":"https:\/\/displayproducts.eu\/es\/wp-json\/wp\/v2\/product\/5171","targetHints":{"allow":["GET"]}}],"collection":[{"href":"https:\/\/displayproducts.eu\/es\/wp-json\/wp\/v2\/product"}],"about":[{"href":"https:\/\/displayproducts.eu\/es\/wp-json\/wp\/v2\/types\/product"}],"replies":[{"embeddable":true,"href":"https:\/\/displayproducts.eu\/es\/wp-json\/wp\/v2\/comments?post=5171"}],"wp:featuredmedia":[{"embeddable":true,"href":"https:\/\/displayproducts.eu\/es\/wp-json\/wp\/v2\/media\/6561"}],"wp:attachment":[{"href":"https:\/\/displayproducts.eu\/es\/wp-json\/wp\/v2\/media?parent=5171"}],"wp:term":[{"taxonomy":"product_brand","embeddable":true,"href":"https:\/\/displayproducts.eu\/es\/wp-json\/wp\/v2\/product_brand?post=5171"},{"taxonomy":"product_cat","embeddable":true,"href":"https:\/\/displayproducts.eu\/es\/wp-json\/wp\/v2\/product_cat?post=5171"},{"taxonomy":"product_tag","embeddable":true,"href":"https:\/\/displayproducts.eu\/es\/wp-json\/wp\/v2\/product_tag?post=5171"}],"curies":[{"name":"wp","href":"https:\/\/api.w.org\/{rel}","templated":true}]}}