{"id":5165,"date":"2025-10-20T21:40:50","date_gmt":"2025-10-20T18:40:50","guid":{"rendered":"https:\/\/wristbandfactory.eu\/?post_type=product&#038;p=5165"},"modified":"2026-04-01T21:52:04","modified_gmt":"2026-04-01T18:52:04","slug":"silicone-cup-lids","status":"publish","type":"product","link":"https:\/\/displayproducts.eu\/es\/p\/silicone-cup-lids\/","title":{"rendered":"Tapas de silicona para tazas"},"content":{"rendered":"<p>Aseg\u00farese de que sus invitados tengan una experiencia segura y profesional en su pr\u00f3ximo evento al aire libre, conferencia o festival. Estas tapas promocionales de silicona para vasos ofrecen una soluci\u00f3n pr\u00e1ctica para proteger las bebidas, manteni\u00e9ndolas limpias y reduciendo los derrames, a la vez que promocionan su marca.<\/p>\n<p>Fabricadas con silicona flexible de grado alimenticio, estas fundas para vasos est\u00e1n dise\u00f1adas para estirarse y ajustarse de forma segura a la mayor\u00eda de los tama\u00f1os de vasos est\u00e1ndar. Son una alternativa reutilizable y ecol\u00f3gica a las opciones desechables. Cada tapa cuenta con una abertura central ideal para una pajita. El llavero incluido las convierte en el obsequio promocional perfecto, permitiendo que los asistentes lleven su marca consigo mucho despu\u00e9s del evento. Personalice la funda o el estuche con el logotipo de su empresa para una m\u00e1xima visibilidad.<\/p>\n<p><b>Caracter\u00edsticas principales:<\/b><\/p>\n<ul>\n<li><b>Material:<\/b> Silicona flexible y duradera.<\/li>\n<li><b>Adaptar:<\/b> El dise\u00f1o ajustable se estira para adaptarse a la mayor\u00eda de los tipos de copa.<\/li>\n<li><b>Funci\u00f3n:<\/b> Protege las bebidas del polvo, los insectos y los derrames.<\/li>\n<li><b>Reutilizable:<\/b> F\u00e1cil de lavar y reutilizar, ofrece un gran valor.<\/li>\n<li><b>Port\u00e1til:<\/b> Incluye un estuche de llavero compacto para transportarlo f\u00e1cilmente.<\/li>\n<li><b>Herrada:<\/b> Ideal para imprimir su logotipo o detalles de su evento.<\/li>\n<li><b>Bandera:<\/b> Disponible en negro, azul, verde y rojo.<\/li>\n<\/ul>\n<p>&nbsp;<\/p>","protected":false},"excerpt":{"rendered":"<ul>\n<li>Mantenga las bebidas a salvo de derrames y residuos en cualquier evento.<\/li>\n<li>Silicona reutilizable y f\u00e1cil de lavar que se adapta a la mayor\u00eda de las tazas est\u00e1ndar.<\/li>\n<li>Incluye un estuche de llavero port\u00e1til para f\u00e1cil transporte.<\/li>\n<li>Ideal para festivales, marketing al aire libre y eventos corporativos.<\/li>\n<\/ul>","protected":false},"featured_media":6633,"comment_status":"closed","ping_status":"closed","template":"","meta":[],"product_brand":[],"product_cat":[119],"product_tag":[],"class_list":{"0":"post-5165","1":"product","2":"type-product","3":"status-publish","4":"has-post-thumbnail","6":"product_cat-drinkware-accessories","8":"first","9":"instock","10":"shipping-taxable","11":"purchasable","12":"product-type-simple"},"_links":{"self":[{"href":"https:\/\/displayproducts.eu\/es\/wp-json\/wp\/v2\/product\/5165","targetHints":{"allow":["GET"]}}],"collection":[{"href":"https:\/\/displayproducts.eu\/es\/wp-json\/wp\/v2\/product"}],"about":[{"href":"https:\/\/displayproducts.eu\/es\/wp-json\/wp\/v2\/types\/product"}],"replies":[{"embeddable":true,"href":"https:\/\/displayproducts.eu\/es\/wp-json\/wp\/v2\/comments?post=5165"}],"wp:featuredmedia":[{"embeddable":true,"href":"https:\/\/displayproducts.eu\/es\/wp-json\/wp\/v2\/media\/6633"}],"wp:attachment":[{"href":"https:\/\/displayproducts.eu\/es\/wp-json\/wp\/v2\/media?parent=5165"}],"wp:term":[{"taxonomy":"product_brand","embeddable":true,"href":"https:\/\/displayproducts.eu\/es\/wp-json\/wp\/v2\/product_brand?post=5165"},{"taxonomy":"product_cat","embeddable":true,"href":"https:\/\/displayproducts.eu\/es\/wp-json\/wp\/v2\/product_cat?post=5165"},{"taxonomy":"product_tag","embeddable":true,"href":"https:\/\/displayproducts.eu\/es\/wp-json\/wp\/v2\/product_tag?post=5165"}],"curies":[{"name":"wp","href":"https:\/\/api.w.org\/{rel}","templated":true}]}}