{"id":5144,"date":"2025-10-14T23:32:11","date_gmt":"2025-10-14T20:32:11","guid":{"rendered":"https:\/\/wristbandfactory.eu\/?post_type=product&#038;p=5144"},"modified":"2026-04-01T21:52:35","modified_gmt":"2026-04-01T18:52:35","slug":"numbered-plain-tyvek-wristbands","status":"publish","type":"product","link":"https:\/\/displayproducts.eu\/es\/p\/numbered-plain-tyvek-wristbands\/","title":{"rendered":"Pulseras Tyvek lisas numeradas"},"content":{"rendered":"<p>Optimice el control de acceso de su evento y mejore la seguridad con nuestras resistentes pulseras Tyvek lisas. Dise\u00f1adas para uso profesional, estas pulseras ofrecen una soluci\u00f3n fiable y econ\u00f3mica para gestionar a los invitados, controlar la entrada y simplificar la identificaci\u00f3n en cualquier reuni\u00f3n.<\/p>\n<h3>Dise\u00f1ado para la seguridad y la visibilidad<\/h3>\n<p>Fabricadas con aut\u00e9ntico DuPont\u2122 Tyvek\u00ae, nuestras pulseras son impermeables, resistentes al desgarro y cuentan con un cierre adhesivo seguro e inviolable. Cada pulsera incluye un n\u00famero de serie \u00fanico preimpreso para evitar fraudes y simplificar el conteo de clientes.<\/p>\n<h3>Elija su ancho: 19 mm vs 25 mm<\/h3>\n<p>Seleccione el tama\u00f1o que mejor se adapte a las necesidades de visibilidad de su evento:<\/p>\n<h3>Ancho est\u00e1ndar de 19 mm (el est\u00e1ndar de la industria)<\/h3>\n<p>La opci\u00f3n m\u00e1s popular para eventos 90%. Ofrece el equilibrio perfecto entre comodidad y visibilidad.<\/p>\n<ul>\n<li><b>Ideal para:<\/b> Festivales de un d\u00eda, conciertos, discotecas y fiestas privadas.<\/li>\n<li><b>Beneficio:<\/b> Sutil en la mu\u00f1eca pero f\u00e1cil de verificar para el personal de seguridad.<\/li>\n<\/ul>\n<h3>25 mm extra ancho (m\u00e1xima visibilidad)<\/h3>\n<p>Proporciona una mayor superficie, haciendo que el color y la numeraci\u00f3n sean visibles desde una mayor distancia.<\/p>\n<ul>\n<li><b>Ideal para:<\/b> Identificaci\u00f3n VIP, lugares concurridos o eventos que requieran notas escritas a mano en la banda.<\/li>\n<li><b>Beneficio:<\/b> Una mayor visibilidad facilita un procesamiento m\u00e1s r\u00e1pido de la multitud en los puntos de entrada.<\/li>\n<\/ul>\n<h3>Caracter\u00edsticas principales:<\/h3>\n<ul>\n<li><b>Numeraci\u00f3n secuencial:<\/b> Cada pulsera cuenta con un n\u00famero \u00fanico para mayor seguridad y seguimiento de los invitados.<\/li>\n<li><b>DuPont\u2122 Tyvek\u00ae genuino:<\/b> Material impermeable y resistente a las roturas para un uso fiable en eventos.<\/li>\n<li><b>Cierre a prueba de manipulaciones:<\/b> El adhesivo seguro de un solo uso evita la transferencia entre hu\u00e9spedes.<\/li>\n<li><b>Dos opciones de ancho:<\/b> Disponible en versiones est\u00e1ndar (19 mm) o ancha (25 mm).<\/li>\n<li><b>Opciones de colores vibrantes:<\/b> Disponible en colores ne\u00f3n, met\u00e1licos y est\u00e1ndar para una f\u00e1cil segmentaci\u00f3n visual de los clientes.<\/li>\n<li><b>Caso de uso:<\/b> Ideal para control de acceso, verificaci\u00f3n de edad e identificaci\u00f3n de hu\u00e9spedes.<\/li>\n<\/ul>","protected":false},"excerpt":{"rendered":"<ul>\n<li>Incorpora numeraci\u00f3n secuencial \u00fanica para un control de acceso seguro y seguimiento de invitados.<\/li>\n<li>Fabricado con aut\u00e9ntico DuPont\u2122 Tyvek\u00ae (impermeable y resistente al desgarro).<\/li>\n<li>Amplia gama de colores vibrantes para una f\u00e1cil identificaci\u00f3n visual de los hu\u00e9spedes.<\/li>\n<li>El cierre adhesivo a prueba de manipulaciones impide la transferencia entre los asistentes.<\/li>\n<\/ul>","protected":false},"featured_media":6111,"comment_status":"closed","ping_status":"closed","template":"","meta":[],"product_brand":[],"product_cat":[66,41,68],"product_tag":[],"class_list":{"0":"post-5144","1":"product","2":"type-product","3":"status-publish","4":"has-post-thumbnail","6":"product_cat-wristbands","7":"product_cat-tyvek","8":"product_cat-event-supplies","10":"first","11":"instock","12":"shipping-taxable","13":"purchasable","14":"product-type-simple"},"_links":{"self":[{"href":"https:\/\/displayproducts.eu\/es\/wp-json\/wp\/v2\/product\/5144","targetHints":{"allow":["GET"]}}],"collection":[{"href":"https:\/\/displayproducts.eu\/es\/wp-json\/wp\/v2\/product"}],"about":[{"href":"https:\/\/displayproducts.eu\/es\/wp-json\/wp\/v2\/types\/product"}],"replies":[{"embeddable":true,"href":"https:\/\/displayproducts.eu\/es\/wp-json\/wp\/v2\/comments?post=5144"}],"wp:featuredmedia":[{"embeddable":true,"href":"https:\/\/displayproducts.eu\/es\/wp-json\/wp\/v2\/media\/6111"}],"wp:attachment":[{"href":"https:\/\/displayproducts.eu\/es\/wp-json\/wp\/v2\/media?parent=5144"}],"wp:term":[{"taxonomy":"product_brand","embeddable":true,"href":"https:\/\/displayproducts.eu\/es\/wp-json\/wp\/v2\/product_brand?post=5144"},{"taxonomy":"product_cat","embeddable":true,"href":"https:\/\/displayproducts.eu\/es\/wp-json\/wp\/v2\/product_cat?post=5144"},{"taxonomy":"product_tag","embeddable":true,"href":"https:\/\/displayproducts.eu\/es\/wp-json\/wp\/v2\/product_tag?post=5144"}],"curies":[{"name":"wp","href":"https:\/\/api.w.org\/{rel}","templated":true}]}}