{"id":5130,"date":"2025-10-13T13:22:52","date_gmt":"2025-10-13T10:22:52","guid":{"rendered":"https:\/\/wristbandfactory.eu\/?post_type=product&#038;p=5130"},"modified":"2026-04-01T21:52:35","modified_gmt":"2026-04-01T18:52:35","slug":"fluorescent-fabric-wristbands-uv-reactive","status":"publish","type":"product","link":"https:\/\/displayproducts.eu\/es\/p\/fluorescent-fabric-wristbands-uv-reactive\/","title":{"rendered":"Pulseras de tela fluorescente (reactivas a los rayos UV)"},"content":{"rendered":"<p data-path-to-node=\"8\">Gestiona la seguridad de tus eventos en entornos con poca luz con nuestras pulseras fluorescentes de tela. Es la soluci\u00f3n ideal para discotecas, conciertos y festivales nocturnos que requieren un control de acceso fiable y de alta visibilidad.<\/p>\n<h3>Funci\u00f3n de luz negra\/UV de alta visibilidad<\/h3>\n<p data-path-to-node=\"10\">La pulsera est\u00e1 confeccionada en poli\u00e9ster suave al tacto y en vibrantes colores fluorescentes. Este material es altamente visible a la luz del d\u00eda y <b>Brilla intensamente bajo luz ultravioleta\/luz negra.<\/b>, mejorando as\u00ed tanto los controles de seguridad del personal como la presencia de su marca en la oscuridad.<\/p>\n<h3>Configure su cerradura de seguridad<\/h3>\n<p data-path-to-node=\"12\">Garantice un control de acceso seguro seleccionando la cerradura que mejor se adapte a las necesidades de su evento. Estas bandas fluorescentes son compatibles con toda nuestra gama de cerraduras.<\/p>\n<ul data-path-to-node=\"13\">\n<li>\n<p data-path-to-node=\"13,0,0\"><b>Cerradura de alta seguridad:<\/b> Cierre de seguridad ajustable y unidireccional (fabricado en ABS) para evitar la transferencia y la entrada no autorizada.<\/p>\n<\/li>\n<li>\n<p data-path-to-node=\"13,1,0\"><b>Candado reutilizable:<\/b> Una cuenta ajustable para un uso flexible o para eventos donde se pueden quitar las pulseras.<\/p>\n<\/li>\n<li>\n<p data-path-to-node=\"13,2,0\"><b>Candado de bamb\u00fa ecol\u00f3gico:<\/b> Un candado sostenible de un solo uso que combina bien con cualquier cinta de tela.<\/p>\n<\/li>\n<\/ul>\n<p data-path-to-node=\"14\">La resistente y c\u00f3moda banda de poli\u00e9ster es la superficie perfecta para su logotipo impreso personalizado, lo que garantiza que su marca sea visible incluso en la oscuridad.<\/p>\n<h3 data-path-to-node=\"15\">Caracter\u00edsticas principales:<\/h3>\n<ul data-path-to-node=\"16\">\n<li>\n<p data-path-to-node=\"16,0,0\"><b>Material de alta visibilidad:<\/b> Brilla intensamente bajo luz ultravioleta\/luz negra para facilitar su identificaci\u00f3n en la oscuridad.<\/p>\n<\/li>\n<li>\n<p data-path-to-node=\"16,1,0\"><b>M\u00faltiples opciones de bloqueo:<\/b> Elija entre cierres de alta seguridad (de un solo uso), reutilizables o ecol\u00f3gicos de bamb\u00fa.<\/p>\n<\/li>\n<li>\n<p data-path-to-node=\"16,2,0\"><b>Tejido de poli\u00e9ster duradero:<\/b> Material suave y resistente dise\u00f1ado para un uso prolongado y c\u00f3modo.<\/p>\n<\/li>\n<li>\n<p data-path-to-node=\"16,3,0\"><b>Totalmente personalizable:<\/b> Superficie ideal para imprimir de forma personalizada el logotipo de su evento o la marca de sus patrocinadores.<\/p>\n<\/li>\n<li>\n<p data-path-to-node=\"16,4,0\"><b>Ajuste universal:<\/b> El dise\u00f1o de cierre ajustable se adapta c\u00f3modamente a cualquier tama\u00f1o de mu\u00f1eca.<\/p>\n<\/li>\n<\/ul>","protected":false},"excerpt":{"rendered":"<ul>\n<li>\n<p data-path-to-node=\"7,0,0\"><b>Reactivo a la luz ultravioleta\/luz negra:<\/b> Brilla intensamente en entornos con poca luz para facilitar su identificaci\u00f3n.<\/p>\n<\/li>\n<li>\n<p data-path-to-node=\"7,1,0\"><b>Opciones de bloqueo:<\/b> Elige entre un candado de alta seguridad, una cuenta reutilizable o un candado de bamb\u00fa ecol\u00f3gico.<\/p>\n<\/li>\n<li>\n<p data-path-to-node=\"7,2,0\"><b>Durable y c\u00f3modo:<\/b> Confeccionada con poli\u00e9ster suave y duradero para una comodidad que permite usarla c\u00f3modamente durante varios d\u00edas.<\/p>\n<\/li>\n<li>\n<p data-path-to-node=\"7,3,0\"><b>Totalmente personalizable:<\/b> El lienzo perfecto para su logotipo o mensaje del evento impresos a medida.<\/p>\n<\/li>\n<\/ul>","protected":false},"featured_media":6383,"comment_status":"closed","ping_status":"closed","template":"","meta":[],"product_brand":[],"product_cat":[66,47,68],"product_tag":[],"class_list":{"0":"post-5130","1":"product","2":"type-product","3":"status-publish","4":"has-post-thumbnail","6":"product_cat-wristbands","7":"product_cat-fabric-wristbands","8":"product_cat-event-supplies","10":"first","11":"instock","12":"shipping-taxable","13":"purchasable","14":"product-type-simple"},"_links":{"self":[{"href":"https:\/\/displayproducts.eu\/es\/wp-json\/wp\/v2\/product\/5130","targetHints":{"allow":["GET"]}}],"collection":[{"href":"https:\/\/displayproducts.eu\/es\/wp-json\/wp\/v2\/product"}],"about":[{"href":"https:\/\/displayproducts.eu\/es\/wp-json\/wp\/v2\/types\/product"}],"replies":[{"embeddable":true,"href":"https:\/\/displayproducts.eu\/es\/wp-json\/wp\/v2\/comments?post=5130"}],"wp:featuredmedia":[{"embeddable":true,"href":"https:\/\/displayproducts.eu\/es\/wp-json\/wp\/v2\/media\/6383"}],"wp:attachment":[{"href":"https:\/\/displayproducts.eu\/es\/wp-json\/wp\/v2\/media?parent=5130"}],"wp:term":[{"taxonomy":"product_brand","embeddable":true,"href":"https:\/\/displayproducts.eu\/es\/wp-json\/wp\/v2\/product_brand?post=5130"},{"taxonomy":"product_cat","embeddable":true,"href":"https:\/\/displayproducts.eu\/es\/wp-json\/wp\/v2\/product_cat?post=5130"},{"taxonomy":"product_tag","embeddable":true,"href":"https:\/\/displayproducts.eu\/es\/wp-json\/wp\/v2\/product_tag?post=5130"}],"curies":[{"name":"wp","href":"https:\/\/api.w.org\/{rel}","templated":true}]}}