{"id":5108,"date":"2025-10-06T22:07:55","date_gmt":"2025-10-06T19:07:55","guid":{"rendered":"https:\/\/wristbandfactory.eu\/?post_type=product&#038;p=5108"},"modified":"2026-04-01T21:52:35","modified_gmt":"2026-04-01T18:52:35","slug":"custom-engraved-printed-wooden-medals","status":"publish","type":"product","link":"https:\/\/displayproducts.eu\/es\/p\/custom-engraved-printed-wooden-medals\/","title":{"rendered":"Medallas de madera grabadas e impresas a medida"},"content":{"rendered":"<p>Adopte una est\u00e9tica natural y sostenible para sus premios con nuestras Medallas de Madera Personalizadas. Perfectas para eventos al aire libre, marcas con conciencia ecol\u00f3gica y reconocimientos \u00fanicos, estas medallas ofrecen una alternativa c\u00e1lida y r\u00fastica a los premios met\u00e1licos tradicionales. Elaboradas en cualquier forma personalizada, ofrecen una forma memorable y ecol\u00f3gica de celebrar sus logros.<\/p>\n<p><b>Opciones de dise\u00f1o vers\u00e1tiles<\/b> Ofrecemos tres m\u00e9todos distintos para darle vida a su dise\u00f1o en la superficie de la madera:<\/p>\n<ol start=\"1\">\n<li><b>Logotipo grabado:<\/b> Para una apariencia cl\u00e1sica y r\u00fastica, su dise\u00f1o se graba con l\u00e1ser directamente en la madera, creando un hermoso acabado t\u00e1ctil que resalta la veta natural.<\/li>\n<li><b>Serigraf\u00eda:<\/b> Ideal para logotipos llamativos de un solo color que se destacan claramente sobre la madera.<\/li>\n<li><b>Impresi\u00f3n UV a todo color:<\/b> Para obras de arte vibrantes y complejas, nuestro avanzado proceso de impresi\u00f3n UV aplica su dise\u00f1o a todo color directamente sobre la superficie de madera con precisi\u00f3n y durabilidad.<\/li>\n<\/ol>\n<p>Cada medalla se puede personalizar a\u00fan m\u00e1s con nombres y n\u00fameros individuales grabados en la parte posterior.<\/p>\n<p><b>Cintas premium y sostenibles<\/b> Para completar el premio, cada medalla incluye una cinta premium de 80 cm, impresa a todo color por ambas caras. Puede elegir entre una cinta de poli\u00e9ster est\u00e1ndar cosida en bucle o una <b>cinta de rPET ecol\u00f3gica<\/b> Fabricado con materiales reciclados, mejorando a\u00fan m\u00e1s las credenciales sostenibles de su evento.<\/p>\n<p><b>Caracter\u00edsticas principales:<\/b><\/p>\n<ul>\n<li><b>Material de madera natural:<\/b> Proporciona una est\u00e9tica \u00fanica, r\u00fastica y ecol\u00f3gica.<\/li>\n<li><b>Tres opciones de dise\u00f1o:<\/b> Elija entre grabado l\u00e1ser, serigraf\u00eda de 1 color o impresi\u00f3n UV a todo color.<\/li>\n<li><b>Forma totalmente personalizada:<\/b> Crea una medalla en cualquier forma para que combine perfectamente con tu evento o marca.<\/li>\n<li><b>Cintas impresas a todo color incluidas:<\/b> Su dise\u00f1o est\u00e1 impreso en ambos lados de la cinta.<\/li>\n<li><b>Opci\u00f3n de cinta rPET ecol\u00f3gica:<\/b> Una opci\u00f3n de cinta sostenible elaborada con materiales reciclados.<\/li>\n<li><b>Grabado de nombre y n\u00famero individual:<\/b> Personaliza cada medalla para el destinatario en la parte posterior.<\/li>\n<\/ul>","protected":false},"excerpt":{"rendered":"<p>Elige un premio \u00fanico y sostenible con nuestras medallas de madera personalizadas. Fabricadas en cualquier forma, tu dise\u00f1o puede grabarse, serigrafiarse o imprimirse con UV a todo color.<\/p>","protected":false},"featured_media":6458,"comment_status":"closed","ping_status":"closed","template":"","meta":[],"product_brand":[],"product_cat":[102,45],"product_tag":[],"class_list":{"0":"post-5108","1":"product","2":"type-product","3":"status-publish","4":"has-post-thumbnail","6":"product_cat-medals","7":"product_cat-other","9":"first","10":"instock","11":"shipping-taxable","12":"purchasable","13":"product-type-simple"},"_links":{"self":[{"href":"https:\/\/displayproducts.eu\/es\/wp-json\/wp\/v2\/product\/5108","targetHints":{"allow":["GET"]}}],"collection":[{"href":"https:\/\/displayproducts.eu\/es\/wp-json\/wp\/v2\/product"}],"about":[{"href":"https:\/\/displayproducts.eu\/es\/wp-json\/wp\/v2\/types\/product"}],"replies":[{"embeddable":true,"href":"https:\/\/displayproducts.eu\/es\/wp-json\/wp\/v2\/comments?post=5108"}],"wp:featuredmedia":[{"embeddable":true,"href":"https:\/\/displayproducts.eu\/es\/wp-json\/wp\/v2\/media\/6458"}],"wp:attachment":[{"href":"https:\/\/displayproducts.eu\/es\/wp-json\/wp\/v2\/media?parent=5108"}],"wp:term":[{"taxonomy":"product_brand","embeddable":true,"href":"https:\/\/displayproducts.eu\/es\/wp-json\/wp\/v2\/product_brand?post=5108"},{"taxonomy":"product_cat","embeddable":true,"href":"https:\/\/displayproducts.eu\/es\/wp-json\/wp\/v2\/product_cat?post=5108"},{"taxonomy":"product_tag","embeddable":true,"href":"https:\/\/displayproducts.eu\/es\/wp-json\/wp\/v2\/product_tag?post=5108"}],"curies":[{"name":"wp","href":"https:\/\/api.w.org\/{rel}","templated":true}]}}