{"id":5103,"date":"2025-10-06T22:03:40","date_gmt":"2025-10-06T19:03:40","guid":{"rendered":"https:\/\/wristbandfactory.eu\/?post_type=product&#038;p=5103"},"modified":"2026-04-01T21:52:35","modified_gmt":"2026-04-01T18:52:35","slug":"custom-3d-medals-with-uv-color-printing","status":"publish","type":"product","link":"https:\/\/displayproducts.eu\/es\/p\/custom-3d-medals-with-uv-color-printing\/","title":{"rendered":"Medallas 3D personalizadas con impresi\u00f3n a color UV"},"content":{"rendered":"<p>Descubra posibilidades de dise\u00f1o inigualables con nuestras Medallas 3D Personalizadas con Impresi\u00f3n UV a Color. Esta t\u00e9cnica de vanguardia combina la profundidad t\u00e1ctil de una medalla en relieve 3D fundida a presi\u00f3n con el vibrante detalle de la impresi\u00f3n a todo color, creando un premio con un impacto visual y textura impactante que sin duda impresionar\u00e1.<\/p>\n<p><b>El color se encuentra con la textura<\/b> A diferencia de los m\u00e9todos tradicionales, la impresi\u00f3n UV aplica su dise\u00f1o a todo color directamente sobre la superficie de la medalla, adapt\u00e1ndose perfectamente a las zonas en relieve y hundidas de su dise\u00f1o 3D personalizado. Esto permite que logotipos e ilustraciones intrincados y coloridos coexistan con un relieve met\u00e1lico y t\u00e1ctil. La medalla est\u00e1 fabricada con una aleaci\u00f3n de zinc de primera calidad, lo que permite formas y recortes personalizados con intrincados detalles.<\/p>\n<p><b>Cintas premium a todo color<\/b> Para complementar la medalla premium, cada premio incluye una cinta de alta calidad impresa a todo color por ambas caras. Elija entre poli\u00e9ster cl\u00e1sico o una cinta ecol\u00f3gica. <b>Cinta de rPET<\/b> Fabricado con materiales reciclados para alinearse con los objetivos de sostenibilidad de su organizaci\u00f3n.<\/p>\n<p><b>Opciones de personalizaci\u00f3n completas<\/b><\/p>\n<ul>\n<li><b>Medalla:<\/b> Puedes personalizar tu dise\u00f1o con cualquier forma hasta 65 mm. Elige entre 8 colores de chapado diferentes para la base met\u00e1lica. Opcionalmente, puedes a\u00f1adir un logotipo en relieve o hundido en la parte trasera, as\u00ed como grabar nombres y n\u00fameros individuales.<\/li>\n<li><b>Cinta:<\/b> Incluye una cinta de 80cm cosida en bucle con impresi\u00f3n a todo color en ambas caras.<\/li>\n<\/ul>\n<p>&nbsp;<\/p>\n<p><b>El paquete &#039;Medallas ganadoras&#039;<\/b> Nuestro exclusivo paquete &#039;Medallas ganadoras&#039; tambi\u00e9n est\u00e1 disponible, lo que le permite incluir un conjunto de medallas de 1.er, 2.do y 3.er lugar en su pedido para crear un conjunto de premios completo para su competencia.<\/p>\n<p><b>Caracter\u00edsticas principales:<\/b><\/p>\n<ul>\n<li><b>Impresi\u00f3n UV sobre superficies 3D:<\/b> Dise\u00f1os a todo color aplicados directamente sobre el metal elevado y empotrado.<\/li>\n<li><b>Material de aleaci\u00f3n de zinc de primera calidad:<\/b> Permite realizar intrincadas formas de relieve 3D y recortes personalizados.<\/li>\n<li><b>Cintas impresas a todo color incluidas:<\/b> Su dise\u00f1o impreso en ambos lados de la cinta.<\/li>\n<li><b>Opci\u00f3n de cinta rPET ecol\u00f3gica:<\/b> Una opci\u00f3n de cinta sostenible elaborada con materiales reciclados.<\/li>\n<li><b>Forma totalmente personalizada:<\/b> Su medalla puede ser fundida a presi\u00f3n en cualquier forma para representar su marca o evento.<\/li>\n<li><b>Paquete &#039;Ganando Medallas&#039; Disponible:<\/b> Incluya f\u00e1cilmente medallas de 1.er, 2.\u00ba y 3.er lugar.<\/li>\n<li><b>Grabado de nombre y n\u00famero individual:<\/b> Personaliza cada medalla para el destinatario.<\/li>\n<li><b>8 colores de enchapado diferentes:<\/b> Seleccione el acabado met\u00e1lico perfecto para su dise\u00f1o.<\/li>\n<\/ul>\n<p>&nbsp;<\/p>\n<h3><\/h3>","protected":false},"excerpt":{"rendered":"<p>Experimente el dise\u00f1o de medallas a un nivel superior con nuestras medallas 3D con impresi\u00f3n UV. Esta t\u00e9cnica imprime dise\u00f1os vibrantes a todo color directamente sobre superficies met\u00e1licas con relieve y rebaje.<\/p>","protected":false},"featured_media":6447,"comment_status":"closed","ping_status":"closed","template":"","meta":[],"product_brand":[],"product_cat":[68,102,45],"product_tag":[],"class_list":{"0":"post-5103","1":"product","2":"type-product","3":"status-publish","4":"has-post-thumbnail","6":"product_cat-event-supplies","7":"product_cat-medals","8":"product_cat-other","10":"first","11":"instock","12":"shipping-taxable","13":"purchasable","14":"product-type-simple"},"_links":{"self":[{"href":"https:\/\/displayproducts.eu\/es\/wp-json\/wp\/v2\/product\/5103","targetHints":{"allow":["GET"]}}],"collection":[{"href":"https:\/\/displayproducts.eu\/es\/wp-json\/wp\/v2\/product"}],"about":[{"href":"https:\/\/displayproducts.eu\/es\/wp-json\/wp\/v2\/types\/product"}],"replies":[{"embeddable":true,"href":"https:\/\/displayproducts.eu\/es\/wp-json\/wp\/v2\/comments?post=5103"}],"wp:featuredmedia":[{"embeddable":true,"href":"https:\/\/displayproducts.eu\/es\/wp-json\/wp\/v2\/media\/6447"}],"wp:attachment":[{"href":"https:\/\/displayproducts.eu\/es\/wp-json\/wp\/v2\/media?parent=5103"}],"wp:term":[{"taxonomy":"product_brand","embeddable":true,"href":"https:\/\/displayproducts.eu\/es\/wp-json\/wp\/v2\/product_brand?post=5103"},{"taxonomy":"product_cat","embeddable":true,"href":"https:\/\/displayproducts.eu\/es\/wp-json\/wp\/v2\/product_cat?post=5103"},{"taxonomy":"product_tag","embeddable":true,"href":"https:\/\/displayproducts.eu\/es\/wp-json\/wp\/v2\/product_tag?post=5103"}],"curies":[{"name":"wp","href":"https:\/\/api.w.org\/{rel}","templated":true}]}}