{"id":5098,"date":"2025-10-06T21:55:28","date_gmt":"2025-10-06T18:55:28","guid":{"rendered":"https:\/\/wristbandfactory.eu\/?post_type=product&#038;p=5098"},"modified":"2026-04-01T21:52:35","modified_gmt":"2026-04-01T18:52:35","slug":"standard-shape-medals-with-full-color-doming","status":"publish","type":"product","link":"https:\/\/displayproducts.eu\/es\/p\/standard-shape-medals-with-full-color-doming\/","title":{"rendered":"Medallas de forma est\u00e1ndar con domo a todo color"},"content":{"rendered":"<p>Para eventos que requieren una soluci\u00f3n de premios r\u00e1pida, sencilla y muy rentable, nuestras Medallas de Hierro de Forma Est\u00e1ndar son la opci\u00f3n ideal. Al utilizar una forma est\u00e1ndar de medalla de 50 mm (por ejemplo, redonda), ofrecemos el precio m\u00e1s bajo y los plazos de entrega m\u00e1s r\u00e1pidos, a la vez que ofrecemos un atractivo dise\u00f1o personalizado a todo color para su evento.<\/p>\n<p><b>M\u00e1ximo impacto con un presupuesto m\u00ednimo<\/b> Estas medallas son la opci\u00f3n ideal para premios de participaci\u00f3n, jornadas deportivas escolares o cualquier evento que requiera una gran cantidad de medallas de alta calidad a un precio asequible. El frente presenta un dise\u00f1o vibrante a todo color, protegido por una c\u00fapula brillante y duradera. La base de la medalla est\u00e1 hecha de hierro macizo, lo que le confiere un peso y una sensaci\u00f3n agradables.<\/p>\n<p><b>Personalizaci\u00f3n sencilla y optimizada<\/b><\/p>\n<ul>\n<li><b>Medalla:<\/b> La medalla tiene un formato est\u00e1ndar de 50 mm. Puede elegir entre ocho colores de ba\u00f1o diferentes y personalizar el reverso con un logotipo grabado o nombres y n\u00fameros individuales.<\/li>\n<li><b>Cinta:<\/b> Cada medalla incluye una cinta de poli\u00e9ster de 80 cm cosida en bucle. Las cintas se pueden producir en hasta tres colores a su elecci\u00f3n y puede a\u00f1adir su logotipo serigrafiado en uno o ambos lados.<\/li>\n<\/ul>\n<p>&nbsp;<\/p>\n<p><b>El paquete &#039;Medallas ganadoras&#039;<\/b> Incluso con nuestra opci\u00f3n m\u00e1s econ\u00f3mica, puedes celebrar a tus mejores jugadores. Nuestro exclusivo paquete &quot;Medallas Ganadoras&quot; est\u00e1 disponible, lo que te permite incluir un conjunto de medallas para el primer, segundo y tercer puesto en tu pedido.<\/p>\n<p><b>Caracter\u00edsticas principales:<\/b><\/p>\n<ul>\n<li><b>Opci\u00f3n de medalla m\u00e1s rentable:<\/b> Nuestro mejor valor para pedidos grandes y presupuestos ajustados.<\/li>\n<li><b>Forma est\u00e1ndar de 50 mm:<\/b> Permite una producci\u00f3n m\u00e1s r\u00e1pida y menores costos.<\/li>\n<li><b>Acabado abovedado a todo color:<\/b> Muestra su logotipo complejo y colorido con una capa brillante protectora.<\/li>\n<li><b>Paquete &#039;Ganando Medallas&#039; Disponible:<\/b> Incluya f\u00e1cilmente medallas de 1.er, 2.\u00ba y 3.er lugar.<\/li>\n<li><b>Grabado de nombre y n\u00famero individual:<\/b> Personaliza cada medalla para el destinatario.<\/li>\n<li><b>Logotipo grabado en la parte trasera opcional:<\/b> A\u00f1ade una marca adicional en la parte posterior de la medalla.<\/li>\n<li><b>Cintas cosidas en V personalizables incluidas:<\/b> Elige tus colores y a\u00f1ade tu logotipo.<\/li>\n<li><b>8 colores de enchapado diferentes:<\/b> Seleccione el acabado met\u00e1lico perfecto para su medalla.<\/li>\n<\/ul>\n<p>&nbsp;<\/p>\n<h3><\/h3>","protected":false},"excerpt":{"rendered":"<p>Nuestra soluci\u00f3n de premios m\u00e1s r\u00e1pida y econ\u00f3mica. Estas medallas de hierro de forma est\u00e1ndar presentan su logotipo abovedado, vibrante y a todo color, lo que ofrece el m\u00e1ximo impacto con un presupuesto m\u00ednimo.<\/p>","protected":false},"featured_media":6643,"comment_status":"closed","ping_status":"closed","template":"","meta":[],"product_brand":[],"product_cat":[68,102,45],"product_tag":[],"class_list":{"0":"post-5098","1":"product","2":"type-product","3":"status-publish","4":"has-post-thumbnail","6":"product_cat-event-supplies","7":"product_cat-medals","8":"product_cat-other","10":"first","11":"instock","12":"shipping-taxable","13":"purchasable","14":"product-type-simple"},"_links":{"self":[{"href":"https:\/\/displayproducts.eu\/es\/wp-json\/wp\/v2\/product\/5098","targetHints":{"allow":["GET"]}}],"collection":[{"href":"https:\/\/displayproducts.eu\/es\/wp-json\/wp\/v2\/product"}],"about":[{"href":"https:\/\/displayproducts.eu\/es\/wp-json\/wp\/v2\/types\/product"}],"replies":[{"embeddable":true,"href":"https:\/\/displayproducts.eu\/es\/wp-json\/wp\/v2\/comments?post=5098"}],"wp:featuredmedia":[{"embeddable":true,"href":"https:\/\/displayproducts.eu\/es\/wp-json\/wp\/v2\/media\/6643"}],"wp:attachment":[{"href":"https:\/\/displayproducts.eu\/es\/wp-json\/wp\/v2\/media?parent=5098"}],"wp:term":[{"taxonomy":"product_brand","embeddable":true,"href":"https:\/\/displayproducts.eu\/es\/wp-json\/wp\/v2\/product_brand?post=5098"},{"taxonomy":"product_cat","embeddable":true,"href":"https:\/\/displayproducts.eu\/es\/wp-json\/wp\/v2\/product_cat?post=5098"},{"taxonomy":"product_tag","embeddable":true,"href":"https:\/\/displayproducts.eu\/es\/wp-json\/wp\/v2\/product_tag?post=5098"}],"curies":[{"name":"wp","href":"https:\/\/api.w.org\/{rel}","templated":true}]}}