{"id":5093,"date":"2025-10-06T21:50:00","date_gmt":"2025-10-06T18:50:00","guid":{"rendered":"https:\/\/wristbandfactory.eu\/?post_type=product&#038;p=5093"},"modified":"2026-04-01T21:52:04","modified_gmt":"2026-04-01T18:52:04","slug":"custom-iron-medals-with-full-color-doming","status":"publish","type":"product","link":"https:\/\/displayproducts.eu\/es\/p\/custom-iron-medals-with-full-color-doming\/","title":{"rendered":"Medallas de hierro personalizadas con domo a todo color"},"content":{"rendered":"<p>Consiga un premio vibrante y a todo color a un precio excepcional con nuestras Medallas de Hierro Personalizadas con Resina Domada. Esta opci\u00f3n es la soluci\u00f3n perfecta para dar vida a logotipos, im\u00e1genes y degradados complejos en una medalla econ\u00f3mica, ideal para eventos a gran escala, campa\u00f1as promocionales y torneos donde el presupuesto y el impacto visual son clave.<\/p>\n<p><b>A todo color con un presupuesto inteligente<\/b> Esta medalla combina una base de hierro resistente con un moderno acabado abovedado a todo color. El proceso de doming consiste en aplicar una resina de poliuretano transparente y resistente a los ara\u00f1azos sobre el dise\u00f1o impreso, lo que lo protege y le da un efecto 3D brillante. Al usar una base de hierro, podemos ofrecer este brillante estilo a todo color a un precio m\u00e1s accesible. Estas medallas se pueden fabricar en cualquier forma personalizada de hasta 50 mm.<\/p>\n<p><b>Opciones de personalizaci\u00f3n completas<\/b><\/p>\n<ul>\n<li><b>Medalla:<\/b> Puedes crear tu dise\u00f1o con cualquier forma personalizada. Elige entre 8 colores de ba\u00f1o diferentes para el borde met\u00e1lico y personaliza cada medalla con nombres, n\u00fameros o un logotipo grabado en el reverso.<\/li>\n<li><b>Cinta:<\/b> Cada medalla incluye una cinta de poli\u00e9ster de 80 cm cosida en bucle. Las cintas se pueden producir en hasta tres colores a su elecci\u00f3n y puede a\u00f1adir su logotipo serigrafiado en uno o ambos lados.<\/li>\n<\/ul>\n<p>&nbsp;<\/p>\n<p><b>El paquete &#039;Medallas ganadoras&#039;<\/b> Nuestro exclusivo paquete &#039;Medallas ganadoras&#039; tambi\u00e9n est\u00e1 disponible para este tipo de medalla, lo que le permite incluir un conjunto de medallas de 1.er, 2.do y 3.er lugar en su pedido para crear una soluci\u00f3n de premios completa y asequible.<\/p>\n<p><b>Caracter\u00edsticas principales:<\/b><\/p>\n<ul>\n<li><b>Base de hierro rentable:<\/b> La elecci\u00f3n ideal para pedidos grandes y eventos con presupuesto limitado.<\/li>\n<li><b>Acabado abovedado a todo color:<\/b> Reproduce perfectamente logotipos complejos, fotograf\u00edas y degradados de color.<\/li>\n<li><b>C\u00fapula brillante resistente a ara\u00f1azos:<\/b> Protege su dise\u00f1o y agrega una apariencia 3D premium.<\/li>\n<li><b>Forma totalmente personalizada:<\/b> Crea una medalla \u00fanica que represente tu marca o evento.<\/li>\n<li><b>Paquete &#039;Ganando Medallas&#039; Disponible:<\/b> Incluya f\u00e1cilmente medallas de 1.er, 2.\u00ba y 3.er lugar.<\/li>\n<li><b>Grabado de nombre y n\u00famero individual:<\/b> Personaliza cada medalla para el destinatario.<\/li>\n<li><b>Logotipo grabado en la parte trasera opcional:<\/b> A\u00f1ade una marca adicional en la parte posterior de la medalla.<\/li>\n<li><b>Cintas cosidas en V personalizables incluidas:<\/b> Elige tus colores y a\u00f1ade tu logotipo.<\/li>\n<\/ul>","protected":false},"excerpt":{"rendered":"<p>Consiga medallas personalizadas vibrantes y a todo color a un precio inmejorable. Nuestras medallas de hierro con acabado brillante son perfectas para reproducir logotipos complejos en un premio econ\u00f3mico.<\/p>","protected":false},"featured_media":6464,"comment_status":"closed","ping_status":"closed","template":"","meta":[],"product_brand":[],"product_cat":[68,102,45],"product_tag":[],"class_list":{"0":"post-5093","1":"product","2":"type-product","3":"status-publish","4":"has-post-thumbnail","6":"product_cat-event-supplies","7":"product_cat-medals","8":"product_cat-other","10":"first","11":"instock","12":"shipping-taxable","13":"purchasable","14":"product-type-simple"},"_links":{"self":[{"href":"https:\/\/displayproducts.eu\/es\/wp-json\/wp\/v2\/product\/5093","targetHints":{"allow":["GET"]}}],"collection":[{"href":"https:\/\/displayproducts.eu\/es\/wp-json\/wp\/v2\/product"}],"about":[{"href":"https:\/\/displayproducts.eu\/es\/wp-json\/wp\/v2\/types\/product"}],"replies":[{"embeddable":true,"href":"https:\/\/displayproducts.eu\/es\/wp-json\/wp\/v2\/comments?post=5093"}],"wp:featuredmedia":[{"embeddable":true,"href":"https:\/\/displayproducts.eu\/es\/wp-json\/wp\/v2\/media\/6464"}],"wp:attachment":[{"href":"https:\/\/displayproducts.eu\/es\/wp-json\/wp\/v2\/media?parent=5093"}],"wp:term":[{"taxonomy":"product_brand","embeddable":true,"href":"https:\/\/displayproducts.eu\/es\/wp-json\/wp\/v2\/product_brand?post=5093"},{"taxonomy":"product_cat","embeddable":true,"href":"https:\/\/displayproducts.eu\/es\/wp-json\/wp\/v2\/product_cat?post=5093"},{"taxonomy":"product_tag","embeddable":true,"href":"https:\/\/displayproducts.eu\/es\/wp-json\/wp\/v2\/product_tag?post=5093"}],"curies":[{"name":"wp","href":"https:\/\/api.w.org\/{rel}","templated":true}]}}