{"id":5088,"date":"2025-10-06T21:44:18","date_gmt":"2025-10-06T18:44:18","guid":{"rendered":"https:\/\/wristbandfactory.eu\/?post_type=product&#038;p=5088"},"modified":"2026-04-01T21:52:35","modified_gmt":"2026-04-01T18:52:35","slug":"custom-medals-with-full-color-doming","status":"publish","type":"product","link":"https:\/\/displayproducts.eu\/es\/p\/custom-medals-with-full-color-doming\/","title":{"rendered":"Medallas personalizadas con domo a todo color"},"content":{"rendered":"<p>Para dise\u00f1os que requieren detalles vibrantes y a todo color, nuestras Medallas Personalizadas con Domo son la soluci\u00f3n ideal. Esta t\u00e9cnica permite la reproducci\u00f3n perfecta de logotipos complejos, degradados e incluso im\u00e1genes fotogr\u00e1ficas, que quedan protegidas por un domo transparente y resistente a rayones. Es la opci\u00f3n ideal para premios modernos y llamativos.<\/p>\n<p><b>Acabado vibrante a todo color<\/b> El proceso de doming consiste en aplicar una resina de poliuretano transparente sobre un dise\u00f1o impreso a todo color. Esto crea un efecto de burbuja 3D brillante y duradero que realza su obra de arte y la protege del desgaste. La base de la medalla est\u00e1 fabricada con una aleaci\u00f3n de zinc de primera calidad, lo que permite moldearla en cualquier forma intrincada, con finos detalles y orificios personalizados que enmarcan a la perfecci\u00f3n su colorido dise\u00f1o.<\/p>\n<p><b>Opciones de personalizaci\u00f3n completas<\/b><\/p>\n<ul>\n<li><b>Medalla:<\/b> Puedes personalizar tu dise\u00f1o con cualquier forma. Elige entre 8 colores de ba\u00f1o diferentes para la base met\u00e1lica. Puedes a\u00f1adir un logotipo en relieve o hundido en la parte trasera, as\u00ed como grabar nombres y n\u00fameros individuales.<\/li>\n<li><b>Cinta:<\/b> Cada medalla incluye una cinta de poli\u00e9ster de 80 cm cosida en bucle. Las cintas se pueden producir en hasta tres colores a su elecci\u00f3n y puede a\u00f1adir su logotipo serigrafiado en uno o ambos lados.<\/li>\n<\/ul>\n<p>&nbsp;<\/p>\n<p><b>El paquete &#039;Medallas ganadoras&#039;<\/b> Nuestro exclusivo paquete &quot;Medallas de Ganador&quot; tambi\u00e9n est\u00e1 disponible para este estilo de medalla. En cualquier pedido, puede optar por tres medallas con ba\u00f1o cl\u00e1sico de oro, plata y bronce para el primer, segundo y tercer puesto, creando un conjunto completo de premios para su competencia.<\/p>\n<p><b>Caracter\u00edsticas principales:<\/b><\/p>\n<ul>\n<li><b>Acabado abovedado a todo color:<\/b> Perfecto para logotipos complejos, im\u00e1genes fotogr\u00e1ficas y degradados de color.<\/li>\n<li><b>Material de aleaci\u00f3n de zinc de primera calidad:<\/b> Permite realizar formas y recortes personalizados intrincados para la base de la medalla.<\/li>\n<li><b>C\u00fapula brillante resistente a ara\u00f1azos:<\/b> Protege el dise\u00f1o y le da un aspecto 3D premium.<\/li>\n<li><b>Forma totalmente personalizada:<\/b> Su medalla puede ser fundida a presi\u00f3n en cualquier forma para representar su marca o evento.<\/li>\n<li><b>Paquete &#039;Ganando Medallas&#039; Disponible:<\/b> Incluya f\u00e1cilmente las medallas del 1.er, 2.\u00ba y 3.er lugar en su pedido.<\/li>\n<li><b>Grabado de nombre y n\u00famero individual:<\/b> Personaliza cada medalla para el destinatario.<\/li>\n<li><b>Cintas cosidas con bucle personalizables incluidas:<\/b> Elige tus colores y a\u00f1ade tu logotipo.<\/li>\n<li><b>8 colores de enchapado para base de medalla:<\/b> Seleccione el acabado met\u00e1lico perfecto para complementar su dise\u00f1o.<\/li>\n<\/ul>","protected":false},"excerpt":{"rendered":"<p>Dale vida a tus dise\u00f1os vibrantes y a todo color con nuestras medallas abovedadas personalizadas. Fabricadas en aleaci\u00f3n de zinc de primera calidad, cuentan con una c\u00fapula protectora brillante sobre tu logotipo o imagen impresa.<\/p>","protected":false},"featured_media":6471,"comment_status":"closed","ping_status":"closed","template":"","meta":[],"product_brand":[],"product_cat":[102,45],"product_tag":[],"class_list":{"0":"post-5088","1":"product","2":"type-product","3":"status-publish","4":"has-post-thumbnail","6":"product_cat-medals","7":"product_cat-other","9":"first","10":"instock","11":"shipping-taxable","12":"purchasable","13":"product-type-simple"},"_links":{"self":[{"href":"https:\/\/displayproducts.eu\/es\/wp-json\/wp\/v2\/product\/5088","targetHints":{"allow":["GET"]}}],"collection":[{"href":"https:\/\/displayproducts.eu\/es\/wp-json\/wp\/v2\/product"}],"about":[{"href":"https:\/\/displayproducts.eu\/es\/wp-json\/wp\/v2\/types\/product"}],"replies":[{"embeddable":true,"href":"https:\/\/displayproducts.eu\/es\/wp-json\/wp\/v2\/comments?post=5088"}],"wp:featuredmedia":[{"embeddable":true,"href":"https:\/\/displayproducts.eu\/es\/wp-json\/wp\/v2\/media\/6471"}],"wp:attachment":[{"href":"https:\/\/displayproducts.eu\/es\/wp-json\/wp\/v2\/media?parent=5088"}],"wp:term":[{"taxonomy":"product_brand","embeddable":true,"href":"https:\/\/displayproducts.eu\/es\/wp-json\/wp\/v2\/product_brand?post=5088"},{"taxonomy":"product_cat","embeddable":true,"href":"https:\/\/displayproducts.eu\/es\/wp-json\/wp\/v2\/product_cat?post=5088"},{"taxonomy":"product_tag","embeddable":true,"href":"https:\/\/displayproducts.eu\/es\/wp-json\/wp\/v2\/product_tag?post=5088"}],"curies":[{"name":"wp","href":"https:\/\/api.w.org\/{rel}","templated":true}]}}