{"id":5083,"date":"2025-10-06T21:37:53","date_gmt":"2025-10-06T18:37:53","guid":{"rendered":"https:\/\/wristbandfactory.eu\/?post_type=product&#038;p=5083"},"modified":"2026-04-01T21:52:35","modified_gmt":"2026-04-01T18:52:35","slug":"custom-3d-relief-iron-medals","status":"publish","type":"product","link":"https:\/\/displayproducts.eu\/es\/p\/custom-3d-relief-iron-medals\/","title":{"rendered":"Medallas de hierro con relieve 3D personalizadas"},"content":{"rendered":"<p>Consiga una apariencia cl\u00e1sica y sofisticada para sus premios sin un precio elevado. Nuestras medallas de hierro con relieve 3D personalizadas ofrecen la sofisticada est\u00e9tica de un dise\u00f1o fundido a presi\u00f3n sin esmaltar, combinada con las ventajas econ\u00f3micas del hierro, lo que las convierte en la opci\u00f3n ideal para eventos, competiciones y torneos a gran escala.<\/p>\n<p><b>Metal cl\u00e1sico a un gran precio<\/b> Este estilo de medalla se centra en la textura 3D y el detalle del propio metal, creando un galard\u00f3n atemporal con un acabado t\u00e1ctil y en relieve. Gracias al hierro, podemos ofrecer este elegante estilo a un precio accesible. Si bien el hierro es m\u00e1s econ\u00f3mico y no permite recortes como la aleaci\u00f3n de zinc, ofrece una sensaci\u00f3n de durabilidad y peso, adem\u00e1s de un acabado hermoso y detallado para dise\u00f1os de hasta 50 mm.<\/p>\n<p><b>Opciones de personalizaci\u00f3n completas<\/b><\/p>\n<ul>\n<li><b>Medalla:<\/b> Puedes personalizar tu dise\u00f1o con cualquier forma. Elige entre 8 colores de ba\u00f1o diferentes y personaliza cada medalla con nombres, n\u00fameros o un logotipo grabado en el reverso.<\/li>\n<li><b>Cinta:<\/b> Cada medalla incluye una cinta de poli\u00e9ster de 80 cm cosida en bucle. Las cintas se pueden producir en hasta tres colores a su elecci\u00f3n y puede a\u00f1adir su logotipo serigrafiado en uno o ambos lados.<\/li>\n<\/ul>\n<p>&nbsp;<\/p>\n<p><b>El paquete &#039;Medallas ganadoras&#039;<\/b> Nuestro exclusivo paquete &#039;Medallas ganadoras&#039; tambi\u00e9n est\u00e1 disponible para este tipo de medalla, lo que le permite incluir un conjunto de medallas de 1.er, 2.do y 3.er lugar en su pedido, lo que agrega un valor significativo para eventos competitivos.<\/p>\n<p><b>Caracter\u00edsticas principales:<\/b><\/p>\n<ul>\n<li><b>Material de hierro rentable:<\/b> La elecci\u00f3n perfecta para lograr un look cl\u00e1sico con un presupuesto limitado.<\/li>\n<li><b>Dise\u00f1o cl\u00e1sico en relieve 3D:<\/b> Un acabado totalmente met\u00e1lico, sin esmaltar, para una sensaci\u00f3n sofisticada.<\/li>\n<li><b>Forma totalmente personalizada:<\/b> Su medalla puede realizarse en cualquier forma para representar su marca o evento.<\/li>\n<li><b>Paquete &#039;Ganando Medallas&#039; Disponible:<\/b> Incluya f\u00e1cilmente medallas de 1.er, 2.\u00ba y 3.er lugar.<\/li>\n<li><b>Grabado de nombre y n\u00famero individual:<\/b> Personaliza cada medalla para el destinatario.<\/li>\n<li><b>Logotipo grabado en la parte trasera opcional:<\/b> A\u00f1ade una marca adicional en la parte posterior de la medalla.<\/li>\n<li><b>Cintas cosidas en V personalizables incluidas:<\/b> Elige tus colores y a\u00f1ade tu logotipo.<\/li>\n<li><b>8 colores de enchapado diferentes:<\/b> Seleccione el acabado met\u00e1lico perfecto para su dise\u00f1o.<\/li>\n<\/ul>","protected":false},"excerpt":{"rendered":"<p>Consiga un premio cl\u00e1sico y atemporal a un precio incre\u00edble con nuestras medallas de hierro con relieve 3D. Estas medallas sin esmaltar presentan un dise\u00f1o met\u00e1lico detallado, perfecto para una apariencia de alta gama con un presupuesto ajustado.<\/p>","protected":false},"featured_media":6451,"comment_status":"closed","ping_status":"closed","template":"","meta":[],"product_brand":[],"product_cat":[102],"product_tag":[],"class_list":{"0":"post-5083","1":"product","2":"type-product","3":"status-publish","4":"has-post-thumbnail","6":"product_cat-medals","8":"first","9":"instock","10":"shipping-taxable","11":"purchasable","12":"product-type-simple"},"_links":{"self":[{"href":"https:\/\/displayproducts.eu\/es\/wp-json\/wp\/v2\/product\/5083","targetHints":{"allow":["GET"]}}],"collection":[{"href":"https:\/\/displayproducts.eu\/es\/wp-json\/wp\/v2\/product"}],"about":[{"href":"https:\/\/displayproducts.eu\/es\/wp-json\/wp\/v2\/types\/product"}],"replies":[{"embeddable":true,"href":"https:\/\/displayproducts.eu\/es\/wp-json\/wp\/v2\/comments?post=5083"}],"wp:featuredmedia":[{"embeddable":true,"href":"https:\/\/displayproducts.eu\/es\/wp-json\/wp\/v2\/media\/6451"}],"wp:attachment":[{"href":"https:\/\/displayproducts.eu\/es\/wp-json\/wp\/v2\/media?parent=5083"}],"wp:term":[{"taxonomy":"product_brand","embeddable":true,"href":"https:\/\/displayproducts.eu\/es\/wp-json\/wp\/v2\/product_brand?post=5083"},{"taxonomy":"product_cat","embeddable":true,"href":"https:\/\/displayproducts.eu\/es\/wp-json\/wp\/v2\/product_cat?post=5083"},{"taxonomy":"product_tag","embeddable":true,"href":"https:\/\/displayproducts.eu\/es\/wp-json\/wp\/v2\/product_tag?post=5083"}],"curies":[{"name":"wp","href":"https:\/\/api.w.org\/{rel}","templated":true}]}}