{"id":5080,"date":"2025-10-06T21:31:57","date_gmt":"2025-10-06T18:31:57","guid":{"rendered":"https:\/\/wristbandfactory.eu\/?post_type=product&#038;p=5080"},"modified":"2026-04-01T21:52:35","modified_gmt":"2026-04-01T18:52:35","slug":"custom-3d-relief-zinc-alloy-medals","status":"publish","type":"product","link":"https:\/\/displayproducts.eu\/es\/p\/custom-3d-relief-zinc-alloy-medals\/","title":{"rendered":"Medallas de aleaci\u00f3n de zinc con relieve 3D personalizado"},"content":{"rendered":"<p>Adopte una est\u00e9tica atemporal y sofisticada con nuestras Medallas Personalizadas de Aleaci\u00f3n de Zinc con Relieve 3D. Perfectas para reconocimientos corporativos, aniversarios y premios prestigiosos, estas medallas prescinden del esmalte para realzar el impresionante detalle y la textura del metal fundido a presi\u00f3n. El resultado es un premio cl\u00e1sico con una sensaci\u00f3n t\u00e1ctil de alta calidad.<\/p>\n<p><b>Elegancia de metal puro<\/b> El dise\u00f1o en relieve sin esmaltar crea un efecto 3D de alto contraste con zonas elevadas y hundidas que realzan a la perfecci\u00f3n el acabado de chapado elegido. Utilizamos aleaci\u00f3n de zinc de primera calidad, esencial para este estilo, ya que permite detalles incre\u00edblemente finos y cortes (orificios) personalizados, perfectos para logotipos complejos o im\u00e1genes intrincadas que un acabado puramente met\u00e1lico realzar\u00e1.<\/p>\n<p><b>Opciones de personalizaci\u00f3n completas<\/b><\/p>\n<ul>\n<li><b>Medalla:<\/b> Su dise\u00f1o puede tener cualquier forma hasta 65 mm. Elija entre 8 colores de chapado diferentes. Opcionalmente, puede a\u00f1adir un logotipo en relieve o hundido en la parte trasera, as\u00ed como grabar nombres y n\u00fameros individuales.<\/li>\n<li><b>Cinta:<\/b> Cada medalla incluye una cinta de poli\u00e9ster de 80 cm cosida en bucle. Las cintas se pueden producir en hasta tres colores a su elecci\u00f3n y puede a\u00f1adir su logotipo serigrafiado en uno o ambos lados.<\/li>\n<\/ul>\n<p>&nbsp;<\/p>\n<p><b>El paquete &#039;Medallas ganadoras&#039;<\/b> Este estilo cl\u00e1sico de medalla tambi\u00e9n est\u00e1 disponible con nuestro exclusivo paquete &quot;Medallas de Ganador&quot;. En cualquier pedido, puede optar por tres medallas con ba\u00f1o cl\u00e1sico en oro, plata y bronce para el primer, segundo y tercer puesto, con nombres o n\u00fameros \u00fanicos.<\/p>\n<p><b>Caracter\u00edsticas principales:<\/b><\/p>\n<ul>\n<li><b>Impresionante dise\u00f1o en relieve 3D:<\/b> Un acabado totalmente met\u00e1lico, sin esmaltar, para una apariencia cl\u00e1sica y elegante.<\/li>\n<li><b>Material de aleaci\u00f3n de zinc de primera calidad:<\/b> Permite detalles intrincados y recortes personalizados.<\/li>\n<li><b>Forma totalmente personalizada:<\/b> Su medalla puede ser fundida a presi\u00f3n en cualquier forma para representar su marca o evento.<\/li>\n<li><b>Paquete &#039;Ganando Medallas&#039; Disponible:<\/b> Incluya f\u00e1cilmente las medallas del 1.er, 2.\u00ba y 3.er lugar en su pedido.<\/li>\n<li><b>Grabado de nombre y n\u00famero individual:<\/b> Personaliza cada medalla para el destinatario.<\/li>\n<li><b>Cintas cosidas con bucle personalizables incluidas:<\/b> Elige tus colores y a\u00f1ade tu logotipo.<\/li>\n<li><b>8 colores de enchapado diferentes:<\/b> Seleccione el acabado perfecto para complementar el dise\u00f1o 3D.<\/li>\n<li><b>Ideal para premios corporativos y prestigiosos:<\/b> Una elecci\u00f3n sofisticada para el reconocimiento formal.<\/li>\n<\/ul>","protected":false},"excerpt":{"rendered":"<p>Para un premio cl\u00e1sico y elegante, elija nuestras medallas personalizadas con relieve 3D. Fabricadas en aleaci\u00f3n de zinc de primera calidad, estas medallas sin esmaltar realzan su dise\u00f1o con impresionantes detalles met\u00e1licos.<\/p>","protected":false},"featured_media":6455,"comment_status":"closed","ping_status":"closed","template":"","meta":[],"product_brand":[],"product_cat":[68,102,45],"product_tag":[],"class_list":{"0":"post-5080","1":"product","2":"type-product","3":"status-publish","4":"has-post-thumbnail","6":"product_cat-event-supplies","7":"product_cat-medals","8":"product_cat-other","10":"first","11":"instock","12":"shipping-taxable","13":"purchasable","14":"product-type-simple"},"_links":{"self":[{"href":"https:\/\/displayproducts.eu\/es\/wp-json\/wp\/v2\/product\/5080","targetHints":{"allow":["GET"]}}],"collection":[{"href":"https:\/\/displayproducts.eu\/es\/wp-json\/wp\/v2\/product"}],"about":[{"href":"https:\/\/displayproducts.eu\/es\/wp-json\/wp\/v2\/types\/product"}],"replies":[{"embeddable":true,"href":"https:\/\/displayproducts.eu\/es\/wp-json\/wp\/v2\/comments?post=5080"}],"wp:featuredmedia":[{"embeddable":true,"href":"https:\/\/displayproducts.eu\/es\/wp-json\/wp\/v2\/media\/6455"}],"wp:attachment":[{"href":"https:\/\/displayproducts.eu\/es\/wp-json\/wp\/v2\/media?parent=5080"}],"wp:term":[{"taxonomy":"product_brand","embeddable":true,"href":"https:\/\/displayproducts.eu\/es\/wp-json\/wp\/v2\/product_brand?post=5080"},{"taxonomy":"product_cat","embeddable":true,"href":"https:\/\/displayproducts.eu\/es\/wp-json\/wp\/v2\/product_cat?post=5080"},{"taxonomy":"product_tag","embeddable":true,"href":"https:\/\/displayproducts.eu\/es\/wp-json\/wp\/v2\/product_tag?post=5080"}],"curies":[{"name":"wp","href":"https:\/\/api.w.org\/{rel}","templated":true}]}}