{"id":5078,"date":"2025-10-06T21:26:17","date_gmt":"2025-10-06T18:26:17","guid":{"rendered":"https:\/\/wristbandfactory.eu\/?post_type=product&#038;p=5078"},"modified":"2026-04-01T21:52:35","modified_gmt":"2026-04-01T18:52:35","slug":"custom-iron-medals-with-soft-enamel","status":"publish","type":"product","link":"https:\/\/displayproducts.eu\/es\/p\/custom-iron-medals-with-soft-enamel\/","title":{"rendered":"Medallas de hierro personalizadas con esmalte suave"},"content":{"rendered":"<p>Cree hermosos premios personalizados para su evento sin salirse del presupuesto. Nuestras medallas de hierro personalizadas son la soluci\u00f3n ideal y econ\u00f3mica para carreras, torneos y eventos corporativos con gran afluencia de participantes. Ofrecen una excelente relaci\u00f3n calidad-precio y conservan la est\u00e9tica de un premio de calidad hecho a medida.<\/p>\n<p><b>Acabado y dise\u00f1o cl\u00e1sicos<\/b> El hierro es m\u00e1s econ\u00f3mico que la aleaci\u00f3n de zinc, lo que permite un precio m\u00e1s accesible, especialmente en pedidos de gran volumen. Estas medallas presentan un acabado tradicional de esmalte suave, donde la pintura de esmalte queda ligeramente hundida, creando una agradable textura. Si bien el hierro no admite dise\u00f1os con recortes ni el mismo nivel de detalle intrincado que la aleaci\u00f3n de zinc, es un material duradero y fiable para una amplia gama de formas personalizadas de hasta 50 mm.<\/p>\n<p><b>Opciones de personalizaci\u00f3n completas<\/b><\/p>\n<ul>\n<li><b>Medalla:<\/b> Puedes personalizar tu dise\u00f1o con cualquier forma. Elige entre 8 colores de ba\u00f1o diferentes y personaliza cada medalla con nombres y n\u00fameros individuales en el reverso.<\/li>\n<li><b>Cinta:<\/b> Cada medalla incluye una cinta de poli\u00e9ster de 80 cm cosida en bucle. Las cintas se pueden producir en hasta tres colores a su elecci\u00f3n y puede a\u00f1adir su logotipo serigrafiado en uno o ambos lados.<\/li>\n<\/ul>\n<p>&nbsp;<\/p>\n<p><b>El paquete &#039;Medallas ganadoras&#039;<\/b> Incluso con un presupuesto ajustado, puedes celebrar a tus mejores finalistas. Nuestro exclusivo paquete &quot;Medallas Ganadoras&quot; est\u00e1 disponible para medallas de hierro, lo que te permite incluir un juego de medallas para el 1.er, 2.\u00ba y 3.er puesto en tu pedido, con nombres o n\u00fameros \u00fanicos.<\/p>\n<p><b>Caracter\u00edsticas principales:<\/b><\/p>\n<ul>\n<li><b>Material de hierro rentable:<\/b> Una excelente opci\u00f3n para eventos con gran participaci\u00f3n o un presupuesto ajustado.<\/li>\n<li><b>Acabado cl\u00e1sico de esmalte suave:<\/b> Proporciona un aspecto texturizado y dimensional a su dise\u00f1o.<\/li>\n<li><b>Forma totalmente personalizada:<\/b> Su medalla puede realizarse en cualquier forma para representar su marca o evento.<\/li>\n<li><b>Paquete &#039;Ganando Medallas&#039; Disponible:<\/b> Incluya f\u00e1cilmente las medallas del 1.er, 2.\u00ba y 3.er lugar en su pedido.<\/li>\n<li><b>Grabado de nombre y n\u00famero individual:<\/b> Personaliza cada medalla para el destinatario.<\/li>\n<li><b>Cintas cosidas en V personalizables incluidas:<\/b> Elige tus colores y a\u00f1ade tu logotipo.<\/li>\n<li><b>8 colores de enchapado diferentes:<\/b> Seleccione el acabado perfecto para combinar con su dise\u00f1o.<\/li>\n<li><b>Ideal para pedidos de gran volumen:<\/b> Un premio de alta calidad que ofrece un valor fant\u00e1stico.<\/li>\n<\/ul>","protected":false},"excerpt":{"rendered":"<p>Una excelente opci\u00f3n para su evento. Nuestras medallas de hierro personalizadas tienen un acabado cl\u00e1sico de esmalte suave y se pueden fabricar en cualquier forma, ofreciendo un premio de alta calidad a un precio accesible.<\/p>","protected":false},"featured_media":6462,"comment_status":"closed","ping_status":"closed","template":"","meta":[],"product_brand":[],"product_cat":[68,102],"product_tag":[],"class_list":{"0":"post-5078","1":"product","2":"type-product","3":"status-publish","4":"has-post-thumbnail","6":"product_cat-event-supplies","7":"product_cat-medals","9":"first","10":"instock","11":"shipping-taxable","12":"purchasable","13":"product-type-simple"},"_links":{"self":[{"href":"https:\/\/displayproducts.eu\/es\/wp-json\/wp\/v2\/product\/5078","targetHints":{"allow":["GET"]}}],"collection":[{"href":"https:\/\/displayproducts.eu\/es\/wp-json\/wp\/v2\/product"}],"about":[{"href":"https:\/\/displayproducts.eu\/es\/wp-json\/wp\/v2\/types\/product"}],"replies":[{"embeddable":true,"href":"https:\/\/displayproducts.eu\/es\/wp-json\/wp\/v2\/comments?post=5078"}],"wp:featuredmedia":[{"embeddable":true,"href":"https:\/\/displayproducts.eu\/es\/wp-json\/wp\/v2\/media\/6462"}],"wp:attachment":[{"href":"https:\/\/displayproducts.eu\/es\/wp-json\/wp\/v2\/media?parent=5078"}],"wp:term":[{"taxonomy":"product_brand","embeddable":true,"href":"https:\/\/displayproducts.eu\/es\/wp-json\/wp\/v2\/product_brand?post=5078"},{"taxonomy":"product_cat","embeddable":true,"href":"https:\/\/displayproducts.eu\/es\/wp-json\/wp\/v2\/product_cat?post=5078"},{"taxonomy":"product_tag","embeddable":true,"href":"https:\/\/displayproducts.eu\/es\/wp-json\/wp\/v2\/product_tag?post=5078"}],"curies":[{"name":"wp","href":"https:\/\/api.w.org\/{rel}","templated":true}]}}