{"id":5071,"date":"2025-10-06T21:16:24","date_gmt":"2025-10-06T18:16:24","guid":{"rendered":"https:\/\/wristbandfactory.eu\/?post_type=product&#038;p=5071"},"modified":"2026-04-01T21:52:35","modified_gmt":"2026-04-01T18:52:35","slug":"custom-shape-zinc-alloy-medals","status":"publish","type":"product","link":"https:\/\/displayproducts.eu\/es\/p\/custom-shape-zinc-alloy-medals\/","title":{"rendered":"Medallas de aleaci\u00f3n de zinc con forma personalizada"},"content":{"rendered":"<p>Reconozca sus logros con un premio \u00fanico y de primera calidad. Nuestras medallas de aleaci\u00f3n de zinc con formas personalizadas son la opci\u00f3n perfecta para eventos deportivos, premios corporativos y competiciones, ofreciendo una libertad de dise\u00f1o inigualable y un acabado de alta calidad que encantar\u00e1 a los galardonados.<\/p>\n<p><b>Material y detalle superiores<\/b> Utilizamos aleaci\u00f3n de zinc, un material m\u00e1s ligero y duradero que el hierro. Y lo m\u00e1s importante, permite una fundici\u00f3n con detalles mucho m\u00e1s finos, lo que la convierte en la mejor opci\u00f3n para dise\u00f1os con detalles intrincados o cortes (agujeros) en el dise\u00f1o de la medalla. El anverso de cada medalla presenta un dise\u00f1o duradero de imitaci\u00f3n de esmalte duro con un acabado liso similar al vidrio.<\/p>\n<p><b>Opciones de personalizaci\u00f3n completas<\/b><\/p>\n<ul>\n<li><b>Medalla:<\/b> Su dise\u00f1o puede tener cualquier forma hasta 65 mm. Elija entre 8 colores de chapado diferentes. Opcionalmente, puede a\u00f1adir un logotipo en relieve o hundido en la parte trasera, as\u00ed como grabar nombres y n\u00fameros individuales.<\/li>\n<li><b>Cinta:<\/b> Cada medalla incluye una cinta de poli\u00e9ster de 80 cm cosida en bucle. Las cintas se pueden producir en hasta tres colores a su elecci\u00f3n y puede a\u00f1adir su logotipo serigrafiado en uno o ambos lados.<\/li>\n<\/ul>\n<p>&nbsp;<\/p>\n<p><b>El paquete &#039;Medallas ganadoras&#039;<\/b> Ideal para competiciones, ofrecemos un paquete \u00fanico de &quot;Medallas de Ganador&quot;. En cualquier pedido, puede optar por tres medallas con ba\u00f1o cl\u00e1sico en tonos dorados, plateados y bronce para el primer, segundo y tercer puesto, con nombres o n\u00fameros \u00fanicos. Por ejemplo, un pedido de 100 medallas incluir\u00eda 97 en su dise\u00f1o principal y 3 en el juego de ba\u00f1o del ganador.<\/p>\n<p><b>Caracter\u00edsticas principales:<\/b><\/p>\n<ul>\n<li><b>Forma totalmente personalizada:<\/b> Su medalla puede fundirse a presi\u00f3n en cualquier forma, no solo en un c\u00edrculo est\u00e1ndar.<\/li>\n<li><b>Material de aleaci\u00f3n de zinc de primera calidad:<\/b> Permite realizar detalles finos e intrincados y recortes personalizados.<\/li>\n<li><b>Acabado de esmalte duro liso:<\/b> Proporciona una superficie similar al vidrio de alta calidad.<\/li>\n<li><b>Paquete &#039;Ganando Medallas&#039; Disponible:<\/b> Incluya f\u00e1cilmente las medallas del 1.er, 2.\u00ba y 3.er lugar en su pedido.<\/li>\n<li><b>Grabado de nombre y n\u00famero individual:<\/b> Personaliza cada medalla para el destinatario.<\/li>\n<li><b>Cintas personalizables incluidas:<\/b> Elige tus colores y a\u00f1ade tu logo a las cintas de 80cm.<\/li>\n<li><b>8 colores de enchapado diferentes:<\/b> Seleccione el acabado perfecto para combinar con su dise\u00f1o.<\/li>\n<li><b>Dise\u00f1o de logotipo opcional en la parte trasera:<\/b> Agregue una marca adicional con un logotipo elevado o hundido.<\/li>\n<\/ul>","protected":false},"excerpt":{"rendered":"<p>Cree premios impresionantes y totalmente personalizados con nuestras medallas de aleaci\u00f3n de zinc. Con un acabado liso de esmalte duro y detalles intrincados, se pueden fabricar en cualquier forma para representar su evento.<\/p>","protected":false},"featured_media":6483,"comment_status":"closed","ping_status":"closed","template":"","meta":[],"product_brand":[],"product_cat":[68,102],"product_tag":[],"class_list":{"0":"post-5071","1":"product","2":"type-product","3":"status-publish","4":"has-post-thumbnail","6":"product_cat-event-supplies","7":"product_cat-medals","9":"first","10":"instock","11":"shipping-taxable","12":"purchasable","13":"product-type-simple"},"_links":{"self":[{"href":"https:\/\/displayproducts.eu\/es\/wp-json\/wp\/v2\/product\/5071","targetHints":{"allow":["GET"]}}],"collection":[{"href":"https:\/\/displayproducts.eu\/es\/wp-json\/wp\/v2\/product"}],"about":[{"href":"https:\/\/displayproducts.eu\/es\/wp-json\/wp\/v2\/types\/product"}],"replies":[{"embeddable":true,"href":"https:\/\/displayproducts.eu\/es\/wp-json\/wp\/v2\/comments?post=5071"}],"wp:featuredmedia":[{"embeddable":true,"href":"https:\/\/displayproducts.eu\/es\/wp-json\/wp\/v2\/media\/6483"}],"wp:attachment":[{"href":"https:\/\/displayproducts.eu\/es\/wp-json\/wp\/v2\/media?parent=5071"}],"wp:term":[{"taxonomy":"product_brand","embeddable":true,"href":"https:\/\/displayproducts.eu\/es\/wp-json\/wp\/v2\/product_brand?post=5071"},{"taxonomy":"product_cat","embeddable":true,"href":"https:\/\/displayproducts.eu\/es\/wp-json\/wp\/v2\/product_cat?post=5071"},{"taxonomy":"product_tag","embeddable":true,"href":"https:\/\/displayproducts.eu\/es\/wp-json\/wp\/v2\/product_tag?post=5071"}],"curies":[{"name":"wp","href":"https:\/\/api.w.org\/{rel}","templated":true}]}}