{"id":5067,"date":"2025-10-06T16:53:44","date_gmt":"2025-10-06T13:53:44","guid":{"rendered":"https:\/\/wristbandfactory.eu\/?post_type=product&#038;p=5067"},"modified":"2026-04-01T21:52:04","modified_gmt":"2026-04-01T18:52:04","slug":"sound-activated-led-glow-glasses","status":"publish","type":"product","link":"https:\/\/displayproducts.eu\/es\/p\/sound-activated-led-glow-glasses\/","title":{"rendered":"Gafas con sonido activado y luz LED"},"content":{"rendered":"<p>Convi\u00e9rtete en el alma de la fiesta con nuestras electrizantes gafas LED luminosas. Perfectas como producto promocional, para eventos promocionales o simplemente por diversi\u00f3n, estas gafas son la forma perfecta de causar una impresi\u00f3n memorable. Cuentan con una montura de alambre EL brillante y un dise\u00f1o cl\u00e1sico y c\u00f3modo de pl\u00e1stico estilo wayfarer. Las lentes son lisas, lo que garantiza una visi\u00f3n n\u00edtida mientras iluminas la noche.<\/p>\n<p>Para clientes B2B, estas gafas son una fant\u00e1stica herramienta de marca. La montura y el color del cable EL se pueden personalizar para que combinen con la identidad de su empresa o la tem\u00e1tica de su evento. Ofrecemos dos versiones funcionales para cualquier ocasi\u00f3n.<\/p>\n<p><b>Elige tu funci\u00f3n:<\/b><\/p>\n<ol start=\"1\">\n<li><b>Controlado por bot\u00f3n:<\/b> Esta versi\u00f3n ofrece control manual sobre los modos de luz, que generalmente incluyen encendido fijo, destello lento y destello r\u00e1pido, lo que permite al usuario elegir su estilo preferido.<\/li>\n<li><b>Sonido activado:<\/b> El modo fiesta definitivo. Esta versi\u00f3n cuenta con un sensor integrado que hace que las luces parpadeen y destellen al ritmo de la m\u00fasica, creando una experiencia din\u00e1mica e interactiva.<\/li>\n<\/ol>\n<p>Alimentadas por un discreto paquete de bater\u00edas que utiliza dos pilas AAA, estas gafas est\u00e1n dise\u00f1adas para durar. Respaldamos su calidad con... <b>Garant\u00eda de 2 a\u00f1os<\/b> y lleno <b>Certificaci\u00f3n CE y ROHS<\/b>, lo que los convierte en una opci\u00f3n confiable para el mercado europeo.<\/p>\n<p><b>Caracter\u00edsticas principales:<\/b><\/p>\n<ul>\n<li><b>Dos versiones disponibles:<\/b> Elija entre modelos controlados manualmente por botones o modelos interactivos activados por sonido.<\/li>\n<li><b>10 colores vibrantes y brillantes:<\/b> Seleccione entre una amplia gama de colores para el cable EL.<\/li>\n<li><b>Colores de marco personalizables:<\/b> Combina los marcos con tu marca o el tema del evento.<\/li>\n<li><b>Certificaci\u00f3n CE y ROHS:<\/b> Un producto de calidad y conforme con el mercado europeo.<\/li>\n<li><b>Garant\u00eda de 2 a\u00f1os:<\/b> Respaldamos la durabilidad y el rendimiento de nuestros productos.<\/li>\n<li><b>Funciona con 2 pilas AAA:<\/b> Una fuente de energ\u00eda com\u00fan y f\u00e1cil de reemplazar.<\/li>\n<li><b>Estilo cl\u00e1sico Wayfarer:<\/b> Un dise\u00f1o universalmente popular y c\u00f3modo.<\/li>\n<\/ul>","protected":false},"excerpt":{"rendered":"<p>Destaca en cualquier evento con nuestras gafas luminosas personalizadas. Disponibles en 10 vibrantes colores y dos versiones: control manual o activaci\u00f3n por sonido que vibra al ritmo de la m\u00fasica. Certificaci\u00f3n CE.<\/p>","protected":false},"featured_media":6638,"comment_status":"closed","ping_status":"closed","template":"","meta":[],"product_brand":[],"product_cat":[68,76,45],"product_tag":[],"class_list":{"0":"post-5067","1":"product","2":"type-product","3":"status-publish","4":"has-post-thumbnail","6":"product_cat-event-supplies","7":"product_cat-glow-led-products","8":"product_cat-other","10":"first","11":"instock","12":"shipping-taxable","13":"purchasable","14":"product-type-simple"},"_links":{"self":[{"href":"https:\/\/displayproducts.eu\/es\/wp-json\/wp\/v2\/product\/5067","targetHints":{"allow":["GET"]}}],"collection":[{"href":"https:\/\/displayproducts.eu\/es\/wp-json\/wp\/v2\/product"}],"about":[{"href":"https:\/\/displayproducts.eu\/es\/wp-json\/wp\/v2\/types\/product"}],"replies":[{"embeddable":true,"href":"https:\/\/displayproducts.eu\/es\/wp-json\/wp\/v2\/comments?post=5067"}],"wp:featuredmedia":[{"embeddable":true,"href":"https:\/\/displayproducts.eu\/es\/wp-json\/wp\/v2\/media\/6638"}],"wp:attachment":[{"href":"https:\/\/displayproducts.eu\/es\/wp-json\/wp\/v2\/media?parent=5067"}],"wp:term":[{"taxonomy":"product_brand","embeddable":true,"href":"https:\/\/displayproducts.eu\/es\/wp-json\/wp\/v2\/product_brand?post=5067"},{"taxonomy":"product_cat","embeddable":true,"href":"https:\/\/displayproducts.eu\/es\/wp-json\/wp\/v2\/product_cat?post=5067"},{"taxonomy":"product_tag","embeddable":true,"href":"https:\/\/displayproducts.eu\/es\/wp-json\/wp\/v2\/product_tag?post=5067"}],"curies":[{"name":"wp","href":"https:\/\/api.w.org\/{rel}","templated":true}]}}