{"id":5063,"date":"2025-10-06T16:48:59","date_gmt":"2025-10-06T13:48:59","guid":{"rendered":"https:\/\/wristbandfactory.eu\/?post_type=product&#038;p=5063"},"modified":"2026-04-01T21:52:04","modified_gmt":"2026-04-01T18:52:04","slug":"remote-controlled-led-glow-wands","status":"publish","type":"product","link":"https:\/\/displayproducts.eu\/es\/p\/remote-controlled-led-glow-wands\/","title":{"rendered":"Varitas luminosas LED con control remoto"},"content":{"rendered":"<p>Impulsa al p\u00fablico y crea un escenario visual impactante con nuestras varitas luminosas LED personalizables. Un art\u00edculo esencial para conciertos, festivales y eventos deportivos, estas varitas de 30 cm est\u00e1n dise\u00f1adas para una participaci\u00f3n impactante del p\u00fablico. Con un mango de ABS c\u00f3modo y ergon\u00f3mico y una varita brillante iluminada por 4 potentes LED, representan una mejora significativa respecto a las varitas de espuma desechables est\u00e1ndar.<\/p>\n<p>El mango se puede personalizar con el color y el logotipo de su marca, lo que convierte cada varita en una potente herramienta promocional. Ofrecemos dos versiones funcionales que se adaptan perfectamente a las necesidades de su evento.<\/p>\n<p><b>Elige tu versi\u00f3n:<\/b><\/p>\n<ol start=\"1\">\n<li><b>Versi\u00f3n del interruptor de bot\u00f3n:<\/b> La opci\u00f3n cl\u00e1sica para un uso sencillo. Los usuarios pueden alternar entre 15 colores vibrantes y diversos modos con un simple bot\u00f3n en el mango.<\/li>\n<li><b>Versi\u00f3n de control remoto:<\/b> Transforma tu evento en un espect\u00e1culo de luces interactivo. Esta versi\u00f3n es compatible con nuestros... <b><a class=\"ng-star-inserted\" href=\"https:\/\/displayproducts.eu\/es\/p\/remote-dmx-controllers-for-led-wristbands\/\" target=\"_blank\" rel=\"noopener\" data-hveid=\"0\" data-ved=\"0CAAQ_4QMahgKEwih_pyAto-QAxUAAAAAHQAAAAAQ7Rg\">Controladores remotos y DMX<\/a><\/b>, lo que le permite sincronizar todas las varitas de la audiencia para una actuaci\u00f3n coordinada verdaderamente inolvidable.<\/li>\n<\/ol>\n<p>Lo mejor de todo es que cada varita incluye pilas, lo que garantiza que est\u00e9n listas para usar desde el primer momento.<\/p>\n<p><b>Caracter\u00edsticas principales:<\/b><\/p>\n<ul>\n<li><b>Mango ergon\u00f3mico reutilizable:<\/b> Proporciona un agarre c\u00f3modo y duradero.<\/li>\n<li><b>Varita luminosa brillante de 30 cm:<\/b> Iluminado por 4 LED internos para una excelente visibilidad.<\/li>\n<li><b>Dos versiones disponibles:<\/b> Elija entre un modelo con interruptor de bot\u00f3n manual o un modelo con control remoto completo.<\/li>\n<li><b>15 opciones de colores vibrantes:<\/b> Un amplio espectro de colores para dinamizar cualquier evento.<\/li>\n<li><b>Pilas incluidas:<\/b> Listo para uso inmediato, sin complicaciones para los organizadores de eventos.<\/li>\n<li><b>Mango personalizable para marca:<\/b> Agregue su logotipo o color personalizado para promocionar su marca.<\/li>\n<\/ul>","protected":false},"excerpt":{"rendered":"<p>Ilumina tu concierto o fiesta con nuestras varitas luminosas LED premium. Con un mango c\u00f3modo y luces brillantes, est\u00e1n disponibles en versi\u00f3n manual o interactiva con control remoto.<\/p>","protected":false},"featured_media":6596,"comment_status":"closed","ping_status":"closed","template":"","meta":[],"product_brand":[],"product_cat":[68,76,45],"product_tag":[],"class_list":{"0":"post-5063","1":"product","2":"type-product","3":"status-publish","4":"has-post-thumbnail","6":"product_cat-event-supplies","7":"product_cat-glow-led-products","8":"product_cat-other","10":"first","11":"instock","12":"shipping-taxable","13":"product-type-simple"},"_links":{"self":[{"href":"https:\/\/displayproducts.eu\/es\/wp-json\/wp\/v2\/product\/5063","targetHints":{"allow":["GET"]}}],"collection":[{"href":"https:\/\/displayproducts.eu\/es\/wp-json\/wp\/v2\/product"}],"about":[{"href":"https:\/\/displayproducts.eu\/es\/wp-json\/wp\/v2\/types\/product"}],"replies":[{"embeddable":true,"href":"https:\/\/displayproducts.eu\/es\/wp-json\/wp\/v2\/comments?post=5063"}],"wp:featuredmedia":[{"embeddable":true,"href":"https:\/\/displayproducts.eu\/es\/wp-json\/wp\/v2\/media\/6596"}],"wp:attachment":[{"href":"https:\/\/displayproducts.eu\/es\/wp-json\/wp\/v2\/media?parent=5063"}],"wp:term":[{"taxonomy":"product_brand","embeddable":true,"href":"https:\/\/displayproducts.eu\/es\/wp-json\/wp\/v2\/product_brand?post=5063"},{"taxonomy":"product_cat","embeddable":true,"href":"https:\/\/displayproducts.eu\/es\/wp-json\/wp\/v2\/product_cat?post=5063"},{"taxonomy":"product_tag","embeddable":true,"href":"https:\/\/displayproducts.eu\/es\/wp-json\/wp\/v2\/product_tag?post=5063"}],"curies":[{"name":"wp","href":"https:\/\/api.w.org\/{rel}","templated":true}]}}