{"id":5058,"date":"2025-10-06T16:43:30","date_gmt":"2025-10-06T13:43:30","guid":{"rendered":"https:\/\/wristbandfactory.eu\/?post_type=product&#038;p=5058"},"modified":"2026-04-01T21:52:35","modified_gmt":"2026-04-01T18:52:35","slug":"custom-shaped-led-light-sticks","status":"publish","type":"product","link":"https:\/\/displayproducts.eu\/es\/p\/custom-shaped-led-light-sticks\/","title":{"rendered":"Barras de luz LED con forma personalizada"},"content":{"rendered":"<p data-path-to-node=\"7\">Crea un inmersivo \u201cmar de luz\u201d y una experiencia inolvidable para tus fans con nuestras barras luminosas LED para conciertos, totalmente personalizables. Esta es la herramienta ideal para artistas, bandas y eventos corporativos que buscan merchandising coleccionable de alto impacto que conecte al p\u00fablico directamente con la marca.<\/p>\n<p data-path-to-node=\"8\">El verdadero potencial de este producto reside en su incomparable nivel de personalizaci\u00f3n. El gran globo acr\u00edlico se puede personalizar con la imagen exacta de su organizaci\u00f3n.<\/p>\n<ul data-path-to-node=\"9\">\n<li>\n<p data-path-to-node=\"9,0,0\"><b>Figuras 3D personalizadas:<\/b> Coloca una figura 3D moldeada a medida dentro del globo para obtener un art\u00edculo de colecci\u00f3n verdaderamente \u00fanico y de gran valor.<\/p>\n<\/li>\n<li>\n<p data-path-to-node=\"9,1,0\"><b>Insertos grabados con l\u00e1ser:<\/b> Graba tu logotipo, s\u00edmbolo del evento o texto para lograr una apariencia n\u00edtida y elegante.<\/p>\n<\/li>\n<li>\n<p data-path-to-node=\"9,2,0\"><b>Insertos impresos a todo color:<\/b> Muestra im\u00e1genes o dise\u00f1os de marca detallados y a todo color.<\/p>\n<\/li>\n<\/ul>\n<p data-path-to-node=\"10\">Para completar la imagen de marca, el mango se puede fabricar en el color corporativo personalizado de su empresa e imprimir con su logotipo.<\/p>\n<p data-path-to-node=\"11\">Seleccione la versi\u00f3n tecnol\u00f3gica que mejor se ajuste al presupuesto y las necesidades t\u00e9cnicas de su evento:<\/p>\n<ol start=\"1\" data-path-to-node=\"12\">\n<li>\n<p data-path-to-node=\"12,0,0\"><b>Manual (monocolor):<\/b> Ideal para un color de marca fuerte y uniforme.<\/p>\n<\/li>\n<li>\n<p data-path-to-node=\"12,1,0\"><b>Manual (15 colores):<\/b> Una opci\u00f3n vers\u00e1til que permite a los usuarios alternar entre 15 colores diferentes.<\/p>\n<\/li>\n<li>\n<p data-path-to-node=\"12,2,0\"><b>Control remoto DMX:<\/b> La experiencia interactiva definitiva. Esta versi\u00f3n es compatible con nuestros controladores remotos y DMX, lo que permite a tu equipo sincronizar todas las barras de luz del recinto para crear espect\u00e1culos de luces impresionantes y coordinados al ritmo de la m\u00fasica.<\/p>\n<\/li>\n<\/ol>\n<p data-path-to-node=\"13\">Cada barra luminosa est\u00e1 fabricada con ABS y acr\u00edlico duraderos, y funciona con tres pilas AAA (no incluidas).<\/p>\n<p data-path-to-node=\"14\"><b>Caracter\u00edsticas principales:<\/b><\/p>\n<ul data-path-to-node=\"15\">\n<li>\n<p data-path-to-node=\"15,0,0\"><b>Globo totalmente personalizable:<\/b> Opciones para figuras 3D personalizadas, grabado l\u00e1ser o inserciones impresas a todo color.<\/p>\n<\/li>\n<li>\n<p data-path-to-node=\"15,1,0\"><b>Mango personalizado con la marca:<\/b> Se puede personalizar el color y el logotipo.<\/p>\n<\/li>\n<li>\n<p data-path-to-node=\"15,2,0\"><b>Opci\u00f3n de control remoto DMX:<\/b> Permite espect\u00e1culos de luces para todo el p\u00fablico, totalmente sincronizados y que abarcan todo el recinto.<\/p>\n<\/li>\n<li>\n<p data-path-to-node=\"15,3,0\"><b>Opciones t\u00e9cnicas manuales:<\/b> Tambi\u00e9n disponible en versiones econ\u00f3micas de un solo color o en versiones manuales de 15 colores.<\/p>\n<\/li>\n<li>\n<p data-path-to-node=\"15,4,0\"><b>Materiales duraderos:<\/b> Fabricado con ABS y acr\u00edlico resistentes, aptos para eventos.<\/p>\n<\/li>\n<li>\n<p data-path-to-node=\"15,5,0\"><b>Productos de alto impacto:<\/b> El art\u00edculo coleccionable perfecto para conciertos, giras de fans y eventos corporativos.<\/p>\n<\/li>\n<\/ul>","protected":false},"excerpt":{"rendered":"<ul data-path-to-node=\"6\">\n<li>\n<p data-path-to-node=\"6,0,0\">Globo acr\u00edlico totalmente personalizable: coloque una figura 3D en el interior, grabe un logotipo con l\u00e1ser o utilice una l\u00e1mina impresa a todo color.<\/p>\n<\/li>\n<li>\n<p data-path-to-node=\"6,1,0\">Mango personalizable con impresi\u00f3n de su logotipo disponible.<\/p>\n<\/li>\n<li>\n<p data-path-to-node=\"6,2,0\">Elige tu tecnolog\u00eda: versiones monocrom\u00e1ticas, manuales de 15 colores o controladas remotamente por DMX para espect\u00e1culos de luces sincronizados.<\/p>\n<\/li>\n<li>\n<p data-path-to-node=\"6,3,0\">El merchandising definitivo de alto impacto para conciertos, reuniones de fans y eventos de marca.<\/p>\n<\/li>\n<\/ul>","protected":false},"featured_media":5057,"comment_status":"closed","ping_status":"closed","template":"","meta":[],"product_brand":[],"product_cat":[76,45],"product_tag":[],"class_list":{"0":"post-5058","1":"product","2":"type-product","3":"status-publish","4":"has-post-thumbnail","6":"product_cat-glow-led-products","7":"product_cat-other","9":"first","10":"instock","11":"shipping-taxable","12":"product-type-simple"},"_links":{"self":[{"href":"https:\/\/displayproducts.eu\/es\/wp-json\/wp\/v2\/product\/5058","targetHints":{"allow":["GET"]}}],"collection":[{"href":"https:\/\/displayproducts.eu\/es\/wp-json\/wp\/v2\/product"}],"about":[{"href":"https:\/\/displayproducts.eu\/es\/wp-json\/wp\/v2\/types\/product"}],"replies":[{"embeddable":true,"href":"https:\/\/displayproducts.eu\/es\/wp-json\/wp\/v2\/comments?post=5058"}],"wp:featuredmedia":[{"embeddable":true,"href":"https:\/\/displayproducts.eu\/es\/wp-json\/wp\/v2\/media\/5057"}],"wp:attachment":[{"href":"https:\/\/displayproducts.eu\/es\/wp-json\/wp\/v2\/media?parent=5058"}],"wp:term":[{"taxonomy":"product_brand","embeddable":true,"href":"https:\/\/displayproducts.eu\/es\/wp-json\/wp\/v2\/product_brand?post=5058"},{"taxonomy":"product_cat","embeddable":true,"href":"https:\/\/displayproducts.eu\/es\/wp-json\/wp\/v2\/product_cat?post=5058"},{"taxonomy":"product_tag","embeddable":true,"href":"https:\/\/displayproducts.eu\/es\/wp-json\/wp\/v2\/product_tag?post=5058"}],"curies":[{"name":"wp","href":"https:\/\/api.w.org\/{rel}","templated":true}]}}