{"id":5052,"date":"2025-10-06T16:33:54","date_gmt":"2025-10-06T13:33:54","guid":{"rendered":"https:\/\/wristbandfactory.eu\/?post_type=product&#038;p=5052"},"modified":"2026-04-01T21:52:35","modified_gmt":"2026-04-01T18:52:35","slug":"remote-dmx-controllers-for-led-wristbands","status":"publish","type":"product","link":"https:\/\/displayproducts.eu\/es\/p\/remote-dmx-controllers-for-led-wristbands\/","title":{"rendered":"Mandos a distancia y controladores DMX para pulseras LED"},"content":{"rendered":"<p>Para lograr una sincronizaci\u00f3n completa y crear espect\u00e1culos de luz inmersivos con nuestras pulseras de control remoto, un controlador central es un accesorio esencial. Nuestros controladores le brindan control absoluto sobre la atm\u00f3sfera del recinto, permitiendo que un solo operador active vibrantes cambios de color y secuencias din\u00e1micas de destellos para todo el p\u00fablico. Ya sea que organice una gala corporativa o una gira por estadios de talla mundial, estos dispositivos garantizan que todas las pulseras se mantengan perfectamente sincronizadas.<\/p>\n<h2 data-path-to-node=\"12\">El controlador DMX &quot;Grande&quot; (Centro Profesional)<\/h2>\n<p data-path-to-node=\"13\">Esta es nuestra unidad de control m\u00e1s potente, dise\u00f1ada para t\u00e9cnicos de iluminaci\u00f3n profesionales y producciones a gran escala. Es totalmente compatible con DMX512, lo que permite integrar las pulseras directamente en la consola de iluminaci\u00f3n de su local.<\/p>\n<ul data-path-to-node=\"14\">\n<li>\n<p data-path-to-node=\"14,0,0\"><b data-path-to-node=\"14,0,0\" data-index-in-node=\"0\">Rango:<\/b> Hasta 500 metros en espacios abiertos.<\/p>\n<\/li>\n<li>\n<p data-path-to-node=\"14,1,0\"><b data-path-to-node=\"14,1,0\" data-index-in-node=\"0\">Capacidad:<\/b> Controla hasta 5000+ pulseras simult\u00e1neamente.<\/p>\n<\/li>\n<li>\n<p data-path-to-node=\"14,2,0\"><b data-path-to-node=\"14,2,0\" data-index-in-node=\"0\">Fuerza:<\/b> Fuente de alimentaci\u00f3n externa para funcionamiento continuo.<\/p>\n<\/li>\n<\/ul>\n<h2 data-path-to-node=\"15\">El controlador port\u00e1til \u201cpeque\u00f1o\u201d (f\u00e1cil de transportar)<\/h2>\n<p data-path-to-node=\"16\">Ideal para eventos peque\u00f1os, fiestas y lanzamientos de productos, el Controlador Peque\u00f1o ofrece una interfaz sencilla e intuitiva para el control manual. Funciona con bater\u00edas y es port\u00e1til, lo que permite al operador moverse libremente por el recinto mientras gestiona el espect\u00e1culo de luces.<\/p>\n<ul data-path-to-node=\"17\">\n<li>\n<p data-path-to-node=\"17,0,0\"><b data-path-to-node=\"17,0,0\" data-index-in-node=\"0\">Rango:<\/b> Se\u00f1al confiable hasta 200-300 metros.<\/p>\n<\/li>\n<li>\n<p data-path-to-node=\"17,1,0\"><b data-path-to-node=\"17,1,0\" data-index-in-node=\"0\">Funciones:<\/b> Botones f\u00e1ciles de usar para 15 ajustes preestablecidos de color y 8 modos de parpadeo.<\/p>\n<\/li>\n<li>\n<p data-path-to-node=\"17,2,0\"><b data-path-to-node=\"17,2,0\" data-index-in-node=\"0\">Portabilidad:<\/b> Dise\u00f1o liviano con bater\u00eda de larga duraci\u00f3n.<\/p>\n<\/li>\n<\/ul>\n<h2 data-path-to-node=\"18\">Caracter\u00edsticas principales y conectividad<\/h2>\n<ul data-path-to-node=\"19\">\n<li>\n<p data-path-to-node=\"19,0,0\"><b data-path-to-node=\"19,0,0\" data-index-in-node=\"0\">Tecnolog\u00eda RF:<\/b> Utiliza una frecuencia de 433 MHz de alta estabilidad para garantizar la penetraci\u00f3n de la se\u00f1al incluso a trav\u00e9s de multitudes densas.<\/p>\n<\/li>\n<li>\n<p data-path-to-node=\"19,1,0\"><b data-path-to-node=\"19,1,0\" data-index-in-node=\"0\">Integraci\u00f3n DMX512:<\/b> Se sincroniza perfectamente con las mesas de iluminaci\u00f3n profesionales para secuencias de espect\u00e1culos preprogramadas.<\/p>\n<\/li>\n<li>\n<p data-path-to-node=\"19,2,0\"><b data-path-to-node=\"19,2,0\" data-index-in-node=\"0\">Respuesta instant\u00e1nea:<\/b> Transmisi\u00f3n de se\u00f1al de latencia cero para una sincronizaci\u00f3n perfecta con la m\u00fasica y las se\u00f1ales visuales.<\/p>\n<\/li>\n<\/ul>\n<h2 data-path-to-node=\"20\">Presupuesto<\/h2>\n<ul data-path-to-node=\"21\">\n<li>\n<p data-path-to-node=\"21,0,0\"><b data-path-to-node=\"21,0,0\" data-index-in-node=\"0\">Frecuencias:<\/b> 433,92 MHz.<\/p>\n<\/li>\n<li>\n<p data-path-to-node=\"21,1,0\"><b data-path-to-node=\"21,1,0\" data-index-in-node=\"0\">Voltaje de trabajo:<\/b> DC 5 V (peque\u00f1o) \/ DC 12 V (grande).<\/p>\n<\/li>\n<li>\n<p data-path-to-node=\"21,2,0\"><b data-path-to-node=\"21,2,0\" data-index-in-node=\"0\">Canales:<\/b> Admite m\u00faltiples zonas y control espec\u00edfico de grupo.<\/p>\n<\/li>\n<li>\n<p data-path-to-node=\"21,3,0\"><b data-path-to-node=\"21,3,0\" data-index-in-node=\"0\">Dimensiones:<\/b> Unidad profesional port\u00e1til de tama\u00f1o port\u00e1til o montable en bastidor.<\/p>\n<\/li>\n<\/ul>\n<p data-path-to-node=\"22\">","protected":false},"excerpt":{"rendered":"<ul>\n<li>\n<p data-path-to-node=\"10,0,0\"><b data-path-to-node=\"10,0,0\" data-index-in-node=\"0\">Comando Universal:<\/b> Controle miles de pulseras LED simult\u00e1neamente dentro de un alcance de hasta 500 metros.<\/p>\n<\/li>\n<li>\n<p data-path-to-node=\"10,1,0\"><b data-path-to-node=\"10,1,0\" data-index-in-node=\"0\">Tecnolog\u00eda dual:<\/b> Admite control remoto manual de RF (radiofrecuencia) e integraci\u00f3n profesional DMX512.<\/p>\n<\/li>\n<li>\n<p data-path-to-node=\"10,2,0\"><b data-path-to-node=\"10,2,0\" data-index-in-node=\"0\">Soluciones escalables:<\/b> Elija entre el controlador peque\u00f1o port\u00e1til para lugares \u00edntimos o el controlador grande para eventos del tama\u00f1o de un estadio.<\/p>\n<\/li>\n<li>\n<p data-path-to-node=\"10,3,0\"><b data-path-to-node=\"10,3,0\" data-index-in-node=\"0\">Efectos en tiempo real:<\/b> Cambie instant\u00e1neamente entre m\u00e1s de 15 colores y varios patrones intermitentes para adaptarse al ritmo de su evento.<\/p>\n<\/li>\n<\/ul>","protected":false},"featured_media":5980,"comment_status":"closed","ping_status":"closed","template":"","meta":[],"product_brand":[],"product_cat":[80],"product_tag":[],"class_list":{"0":"post-5052","1":"product","2":"type-product","3":"status-publish","4":"has-post-thumbnail","6":"product_cat-led-wristbands","8":"first","9":"instock","10":"shipping-taxable","11":"purchasable","12":"product-type-simple"},"_links":{"self":[{"href":"https:\/\/displayproducts.eu\/es\/wp-json\/wp\/v2\/product\/5052","targetHints":{"allow":["GET"]}}],"collection":[{"href":"https:\/\/displayproducts.eu\/es\/wp-json\/wp\/v2\/product"}],"about":[{"href":"https:\/\/displayproducts.eu\/es\/wp-json\/wp\/v2\/types\/product"}],"replies":[{"embeddable":true,"href":"https:\/\/displayproducts.eu\/es\/wp-json\/wp\/v2\/comments?post=5052"}],"wp:featuredmedia":[{"embeddable":true,"href":"https:\/\/displayproducts.eu\/es\/wp-json\/wp\/v2\/media\/5980"}],"wp:attachment":[{"href":"https:\/\/displayproducts.eu\/es\/wp-json\/wp\/v2\/media?parent=5052"}],"wp:term":[{"taxonomy":"product_brand","embeddable":true,"href":"https:\/\/displayproducts.eu\/es\/wp-json\/wp\/v2\/product_brand?post=5052"},{"taxonomy":"product_cat","embeddable":true,"href":"https:\/\/displayproducts.eu\/es\/wp-json\/wp\/v2\/product_cat?post=5052"},{"taxonomy":"product_tag","embeddable":true,"href":"https:\/\/displayproducts.eu\/es\/wp-json\/wp\/v2\/product_tag?post=5052"}],"curies":[{"name":"wp","href":"https:\/\/api.w.org\/{rel}","templated":true}]}}