{"id":5034,"date":"2025-10-06T16:03:54","date_gmt":"2025-10-06T13:03:54","guid":{"rendered":"https:\/\/wristbandfactory.eu\/?post_type=product&#038;p=5034"},"modified":"2026-04-01T21:52:35","modified_gmt":"2026-04-01T18:52:35","slug":"custom-glow-flashing-led-wristbands","status":"publish","type":"product","link":"https:\/\/displayproducts.eu\/es\/p\/custom-glow-flashing-led-wristbands\/","title":{"rendered":"Pulseras LED brillantes y parpadeantes"},"content":{"rendered":"<p data-path-to-node=\"9\">Si busca una soluci\u00f3n de marca sencilla, econ\u00f3mica y llamativa, nuestras pulseras LED personalizadas con efecto luminoso e intermitente son la opci\u00f3n perfecta. Dise\u00f1adas para una alta visibilidad, estas pulseras proporcionan una luz potente y constante sin necesidad de complejos mandos a distancia.<\/p>\n<p data-path-to-node=\"10\">Este es nuestro centro integral para bandas LED manuales (sin control remoto), ideal para eventos corporativos, lanzamientos de productos, festivales y campa\u00f1as de concientizaci\u00f3n donde una imagen de marca unificada es crucial.<\/p>\n<h2><strong>Elige tu modelo LED manual<\/strong><\/h2>\n<p data-path-to-node=\"12\">Seleccione el modelo que mejor se ajuste al tema de su evento:<\/p>\n<h3 data-path-to-node=\"13,0,0\"><strong>Modelo de brillo monocrom\u00e1tico<\/strong><\/h3>\n<p><img fetchpriority=\"high\" decoding=\"async\" class=\"alignnone wp-image-5554\" src=\"https:\/\/displayproducts.eu\/wp-content\/uploads\/2025\/10\/flashing-led-1.jpeg\" alt=\"\" width=\"300\" height=\"300\" srcset=\"https:\/\/displayproducts.eu\/wp-content\/uploads\/2025\/10\/flashing-led-1.jpeg 600w, https:\/\/displayproducts.eu\/wp-content\/uploads\/2025\/10\/flashing-led-1-12x12.jpeg 12w, https:\/\/displayproducts.eu\/wp-content\/uploads\/2025\/10\/flashing-led-1-300x300.jpeg 300w, https:\/\/displayproducts.eu\/wp-content\/uploads\/2025\/10\/flashing-led-1-100x100.jpeg 100w, https:\/\/displayproducts.eu\/wp-content\/uploads\/2025\/10\/flashing-led-1-64x64.jpeg 64w\" sizes=\"(max-width: 300px) 100vw, 300px\" \/><\/p>\n<p>La fortaleza de este modelo reside en su simplicidad. Se ilumina en <b>un color espec\u00edfico y vibrante<\/b> (rojo, azul, verde, etc.) para que combine a la perfecci\u00f3n con la imagen corporativa o la tem\u00e1tica del evento. Est\u00e1 fabricado con un material TPU ultraligero (17 g) y resistente, y ofrece una gran durabilidad. <b>Duraci\u00f3n de la bater\u00eda: 12 horas<\/b>.<\/p>\n<h3 data-path-to-node=\"13,1,0\"><strong>Modelo intermitente multicolor<\/strong><\/h3>\n<p data-path-to-node=\"13,1,0\"><img decoding=\"async\" class=\"alignnone wp-image-5556\" src=\"https:\/\/displayproducts.eu\/wp-content\/uploads\/2025\/10\/flashing-led.jpg\" alt=\"\" width=\"300\" height=\"300\" srcset=\"https:\/\/displayproducts.eu\/wp-content\/uploads\/2025\/10\/flashing-led.jpg 1080w, https:\/\/displayproducts.eu\/wp-content\/uploads\/2025\/10\/flashing-led-768x768.jpg 768w, https:\/\/displayproducts.eu\/wp-content\/uploads\/2025\/10\/flashing-led-12x12.jpg 12w, https:\/\/displayproducts.eu\/wp-content\/uploads\/2025\/10\/flashing-led-300x300.jpg 300w, https:\/\/displayproducts.eu\/wp-content\/uploads\/2025\/10\/flashing-led-600x600.jpg 600w, https:\/\/displayproducts.eu\/wp-content\/uploads\/2025\/10\/flashing-led-100x100.jpg 100w, https:\/\/displayproducts.eu\/wp-content\/uploads\/2025\/10\/flashing-led-64x64.jpg 64w\" sizes=\"(max-width: 300px) 100vw, 300px\" \/><\/p>\n<p data-path-to-node=\"13,1,0\">Este modelo es un cl\u00e1sico que no pasa desapercibido. Cuenta con una correa de color (fucsia, verde, azul, etc.) y un LED brillante que ilumina toda la banda. Un discreto interruptor de encendido\/apagado permite controlar el parpadeo, convirti\u00e9ndolo en el accesorio interactivo perfecto para fiestas y conciertos.<\/p>\n<p data-path-to-node=\"14\">Ambos modelos funcionan con las bater\u00edas incluidas y est\u00e1n listos para usar de inmediato. Ofrecemos impresi\u00f3n tampogr\u00e1fica a un color en un \u00e1rea de impresi\u00f3n dedicada para su logotipo personalizado o mensaje del evento.<\/p>\n<h2 data-path-to-node=\"15\"><b>Caracter\u00edsticas principales:<\/b><\/h2>\n<ul data-path-to-node=\"16\">\n<li>\n<p data-path-to-node=\"16,0,0\"><b>Dos opciones de modelo:<\/b> Elige entre una <b>Resplandor monocrom\u00e1tico<\/b> o un <b>Intermitente multicolor<\/b> modelo.<\/p>\n<\/li>\n<li>\n<p data-path-to-node=\"16,1,0\"><b>Control manual sencillo:<\/b> Ambos modelos cuentan con un sencillo interruptor de encendido\/apagado.<\/p>\n<\/li>\n<li>\n<p data-path-to-node=\"16,2,0\"><b>Comodidad ultraligera:<\/b> El modelo monocrom\u00e1tico pesa solo 17 g, lo que garantiza una comodidad total.<\/p>\n<\/li>\n<li>\n<p data-path-to-node=\"16,3,0\"><b>Bater\u00eda de larga duraci\u00f3n:<\/b> Rendimiento fiable, con el modelo monocrom\u00e1tico con una duraci\u00f3n de hasta 12 horas.<\/p>\n<\/li>\n<li>\n<p data-path-to-node=\"16,4,0\"><b>Marca personalizada:<\/b> Ambos modelos cuentan con un \u00e1rea de impresi\u00f3n dedicada para un logotipo de 1 color (negro o blanco).<\/p>\n<\/li>\n<li>\n<p data-path-to-node=\"16,5,0\"><b>Preparado para usar:<\/b> Funciona con pilas de bot\u00f3n incluidas.<\/p>\n<\/li>\n<li>\n<p data-path-to-node=\"16,6,0\"><b>Ideal para:<\/b> Pedidos al por mayor para promociones, fiestas y campa\u00f1as de reconocimiento de marca.<\/p>\n<\/li>\n<\/ul>\n<p data-path-to-node=\"17\">","protected":false},"excerpt":{"rendered":"<p>Ilumine su marca con nuestras pulseras LED de colores personalizados. Estas pulseras ultraligeras de TPU est\u00e1n disponibles en un solo color vibrante para combinar a la perfecci\u00f3n con la tem\u00e1tica de su evento.<\/p>","protected":false},"featured_media":5035,"comment_status":"closed","ping_status":"closed","template":"","meta":[],"product_brand":[],"product_cat":[80],"product_tag":[],"class_list":{"0":"post-5034","1":"product","2":"type-product","3":"status-publish","4":"has-post-thumbnail","6":"product_cat-led-wristbands","8":"first","9":"instock","10":"shipping-taxable","11":"purchasable","12":"product-type-simple"},"_links":{"self":[{"href":"https:\/\/displayproducts.eu\/es\/wp-json\/wp\/v2\/product\/5034","targetHints":{"allow":["GET"]}}],"collection":[{"href":"https:\/\/displayproducts.eu\/es\/wp-json\/wp\/v2\/product"}],"about":[{"href":"https:\/\/displayproducts.eu\/es\/wp-json\/wp\/v2\/types\/product"}],"replies":[{"embeddable":true,"href":"https:\/\/displayproducts.eu\/es\/wp-json\/wp\/v2\/comments?post=5034"}],"wp:featuredmedia":[{"embeddable":true,"href":"https:\/\/displayproducts.eu\/es\/wp-json\/wp\/v2\/media\/5035"}],"wp:attachment":[{"href":"https:\/\/displayproducts.eu\/es\/wp-json\/wp\/v2\/media?parent=5034"}],"wp:term":[{"taxonomy":"product_brand","embeddable":true,"href":"https:\/\/displayproducts.eu\/es\/wp-json\/wp\/v2\/product_brand?post=5034"},{"taxonomy":"product_cat","embeddable":true,"href":"https:\/\/displayproducts.eu\/es\/wp-json\/wp\/v2\/product_cat?post=5034"},{"taxonomy":"product_tag","embeddable":true,"href":"https:\/\/displayproducts.eu\/es\/wp-json\/wp\/v2\/product_tag?post=5034"}],"curies":[{"name":"wp","href":"https:\/\/api.w.org\/{rel}","templated":true}]}}