{"id":5012,"date":"2025-10-06T15:39:59","date_gmt":"2025-10-06T12:39:59","guid":{"rendered":"https:\/\/wristbandfactory.eu\/?post_type=product&#038;p=5012"},"modified":"2026-04-01T21:52:35","modified_gmt":"2026-04-01T18:52:35","slug":"remote-controlled-fabric-led-wristbands","status":"publish","type":"product","link":"https:\/\/displayproducts.eu\/es\/p\/remote-controlled-fabric-led-wristbands\/","title":{"rendered":"Pulseras LED de tela con control remoto"},"content":{"rendered":"<p data-path-to-node=\"11\">Realce su evento con nuestras pulseras LED de tela premium con control remoto. Esta es la soluci\u00f3n perfecta para clientes B2B y eventos de alta gama que requieren la comodidad y la calidad de una pulsera textil, combinadas con el impresionante impacto visual de un espect\u00e1culo de luces sincronizado. Todos los modelos son compatibles con un control remoto y DMX central (se vende por separado), lo que permite que un solo operador gestione todas las pulseras del recinto a la vez.<\/p>\n<p data-path-to-node=\"12\">Este es su centro de control para todos nuestros modelos de control remoto basados en tela. Todos los modelos son compatibles con un centro de control. <strong><a href=\"https:\/\/displayproducts.eu\/es\/p\/remote-dmx-controllers-for-led-wristbands\/\">Control remoto y controlador DMX<\/a><\/strong> que se vende por separado en nuestra tienda <strong><a href=\"https:\/\/displayproducts.eu\/es\/c\/event-supplies\/\">Suministros para eventos<\/a><\/strong> Este controlador permite que un solo operador cambie los colores LED y los patrones de parpadeo de todas las pulseras del recinto al mismo tiempo.<\/p>\n<h2>Elige tu modelo de tela<\/h2>\n<p data-path-to-node=\"14\">Seleccione el modelo de tela espec\u00edfico que mejor se adapte a las necesidades est\u00e9ticas y t\u00e9cnicas de su evento:<\/p>\n<h2 data-path-to-node=\"11\">Banda de tela est\u00e1ndar (impresi\u00f3n completa)<\/h2>\n<h2 data-path-to-node=\"11\"><img fetchpriority=\"high\" decoding=\"async\" class=\"alignnone wp-image-5551\" src=\"https:\/\/displayproducts.eu\/wp-content\/uploads\/2025\/10\/standard-fabric.jpg\" alt=\"\" width=\"300\" height=\"300\" srcset=\"https:\/\/displayproducts.eu\/wp-content\/uploads\/2025\/10\/standard-fabric.jpg 1024w, https:\/\/displayproducts.eu\/wp-content\/uploads\/2025\/10\/standard-fabric-768x768.jpg 768w, https:\/\/displayproducts.eu\/wp-content\/uploads\/2025\/10\/standard-fabric-12x12.jpg 12w, https:\/\/displayproducts.eu\/wp-content\/uploads\/2025\/10\/standard-fabric-300x300.jpg 300w, https:\/\/displayproducts.eu\/wp-content\/uploads\/2025\/10\/standard-fabric-600x600.jpg 600w, https:\/\/displayproducts.eu\/wp-content\/uploads\/2025\/10\/standard-fabric-100x100.jpg 100w, https:\/\/displayproducts.eu\/wp-content\/uploads\/2025\/10\/standard-fabric-64x64.jpg 64w\" sizes=\"(max-width: 300px) 100vw, 300px\" \/><\/h2>\n<p data-path-to-node=\"12\">Este modelo cuenta con una pulsera de nailon suave y duradera con un m\u00f3dulo LED brillante con control remoto. La pulsera de tela es totalmente personalizable con una vibrante impresi\u00f3n por sublimaci\u00f3n a todo color, lo que la hace ideal para logotipos detallados o una imagen corporativa compleja para eventos.<\/p>\n<ul data-path-to-node=\"13\">\n<li>\n<p data-path-to-node=\"13,0,0\"><b data-path-to-node=\"13,0,0\" data-index-in-node=\"0\">Ideal para:<\/b> Eventos corporativos, patrocinios y festivales familiares.<\/p>\n<\/li>\n<li>\n<p data-path-to-node=\"13,1,0\"><b data-path-to-node=\"13,1,0\" data-index-in-node=\"0\">Duraci\u00f3n de la bater\u00eda:<\/b> 12 horas de funcionamiento con 2 pilas reemplazables CR2032.<\/p>\n<\/li>\n<\/ul>\n<h2 data-path-to-node=\"14\">La banda de tela luminosa de 360\u00b0<\/h2>\n<p><img decoding=\"async\" class=\"alignnone wp-image-5044\" src=\"https:\/\/displayproducts.eu\/wp-content\/uploads\/2025\/10\/360\u00b0-Luminous-Remote-LED-Wristbands_main-e1763322702945.jpg\" alt=\"\" width=\"300\" height=\"131\" srcset=\"https:\/\/displayproducts.eu\/wp-content\/uploads\/2025\/10\/360\u00b0-Luminous-Remote-LED-Wristbands_main-e1763322702945.jpg 1080w, https:\/\/displayproducts.eu\/wp-content\/uploads\/2025\/10\/360\u00b0-Luminous-Remote-LED-Wristbands_main-e1763322702945-768x336.jpg 768w, https:\/\/displayproducts.eu\/wp-content\/uploads\/2025\/10\/360\u00b0-Luminous-Remote-LED-Wristbands_main-e1763322702945-18x8.jpg 18w, https:\/\/displayproducts.eu\/wp-content\/uploads\/2025\/10\/360\u00b0-Luminous-Remote-LED-Wristbands_main-e1763322702945-600x263.jpg 600w, https:\/\/displayproducts.eu\/wp-content\/uploads\/2025\/10\/360\u00b0-Luminous-Remote-LED-Wristbands_main-e1763322702945-64x28.jpg 64w\" sizes=\"(max-width: 300px) 100vw, 300px\" \/><\/p>\n<p data-path-to-node=\"19\">Este innovador modelo incorpora LED integrados a lo largo de la <b>toda la longitud de la c\u00f3moda banda de nailon<\/b>, Proporciona una iluminaci\u00f3n completa y envolvente. Su dise\u00f1o \u00fanico garantiza un impacto visual impresionante desde cualquier \u00e1ngulo.<\/p>\n<ul data-path-to-node=\"20\">\n<li>\n<p data-path-to-node=\"20,0,0\"><b>Ideal para:<\/b> Eventos que exigen el m\u00e1ximo espect\u00e1culo visual.<\/p>\n<\/li>\n<li>\n<p data-path-to-node=\"20,1,0\"><b>Bater\u00eda:<\/b> 8 horas (2 pilas CR2032)<\/p>\n<\/li>\n<\/ul>\n<h2 data-path-to-node=\"17\">La correa h\u00edbrida de tela y silicona<\/h2>\n<p><img decoding=\"async\" class=\"alignnone wp-image-5552\" src=\"https:\/\/displayproducts.eu\/wp-content\/uploads\/2025\/10\/hybrid-led.jpg\" alt=\"\" width=\"300\" height=\"300\" srcset=\"https:\/\/displayproducts.eu\/wp-content\/uploads\/2025\/10\/hybrid-led.jpg 2048w, https:\/\/displayproducts.eu\/wp-content\/uploads\/2025\/10\/hybrid-led-768x768.jpg 768w, https:\/\/displayproducts.eu\/wp-content\/uploads\/2025\/10\/hybrid-led-1536x1536.jpg 1536w, https:\/\/displayproducts.eu\/wp-content\/uploads\/2025\/10\/hybrid-led-12x12.jpg 12w, https:\/\/displayproducts.eu\/wp-content\/uploads\/2025\/10\/hybrid-led-300x300.jpg 300w, https:\/\/displayproducts.eu\/wp-content\/uploads\/2025\/10\/hybrid-led-600x600.jpg 600w, https:\/\/displayproducts.eu\/wp-content\/uploads\/2025\/10\/hybrid-led-100x100.jpg 100w, https:\/\/displayproducts.eu\/wp-content\/uploads\/2025\/10\/hybrid-led-64x64.jpg 64w\" sizes=\"(max-width: 300px) 100vw, 300px\" \/><\/p>\n<p data-path-to-node=\"22\">Este modelo combina una correa de tela suave con un m\u00f3dulo LED de silicona\/ABS c\u00f3modo y liso, ofreciendo una mezcla \u00fanica de comodidad y durabilidad para uso durante varios d\u00edas.<\/p>\n<ul data-path-to-node=\"23\">\n<li>\n<p data-path-to-node=\"23,0,0\"><b>Ideal para:<\/b> Festivales de varios d\u00edas donde se necesita tanto comodidad como un dise\u00f1o robusto.<\/p>\n<\/li>\n<li>\n<p data-path-to-node=\"23,1,0\"><b>Bater\u00eda:<\/b> 12 horas (2 pilas CR2032)<\/p>\n<\/li>\n<\/ul>\n<h2 data-path-to-node=\"20\">Caracter\u00edsticas y tecnolog\u00eda clave<\/h2>\n<ul data-path-to-node=\"21\">\n<li>\n<p data-path-to-node=\"21,0,0\"><b data-path-to-node=\"21,0,0\" data-index-in-node=\"0\">Control centralizado RF\/DMX:<\/b> Todos los modelos de tela se sincronizan con un controlador central para realizar cambios de color y patr\u00f3n en tiempo real.<\/p>\n<\/li>\n<li>\n<p data-path-to-node=\"21,1,0\"><b data-path-to-node=\"21,1,0\" data-index-in-node=\"0\">Ajuste ajustable:<\/b> Disponible con varios mecanismos de bloqueo (perlas o bucles) para adaptarse de forma segura a todos los invitados.<\/p>\n<\/li>\n<li>\n<p data-path-to-node=\"21,2,0\"><b data-path-to-node=\"21,2,0\" data-index-in-node=\"0\">Marca personalizada:<\/b> \u00c1rea grande y de alta visibilidad en la correa de tela para impresi\u00f3n premium a un solo color o a todo color.<\/p>\n<\/li>\n<li>\n<p data-path-to-node=\"21,3,0\"><b data-path-to-node=\"21,3,0\" data-index-in-node=\"0\">Largo alcance:<\/b> Recepci\u00f3n de se\u00f1al confiable hasta 300-500 metros para lugares grandes.<\/p>\n<\/li>\n<\/ul>\n<h2 data-path-to-node=\"22\">Presupuesto<\/h2>\n<ul data-path-to-node=\"23\">\n<li>\n<p data-path-to-node=\"23,0,0\"><b data-path-to-node=\"23,0,0\" data-index-in-node=\"0\">Material de la correa:<\/b> Poli\u00e9ster suave o nailon (15x350 mm).<\/p>\n<\/li>\n<li>\n<p data-path-to-node=\"23,1,0\"><b data-path-to-node=\"23,1,0\" data-index-in-node=\"0\">Peso:<\/b> Aproximadamente 24g.<\/p>\n<\/li>\n<li>\n<p data-path-to-node=\"23,2,0\"><b data-path-to-node=\"23,2,0\" data-index-in-node=\"0\">Frecuencia:<\/b> 433 MHz (RF) \/ DMX512.<\/p>\n<\/li>\n<li>\n<p data-path-to-node=\"23,3,0\"><b data-path-to-node=\"23,3,0\" data-index-in-node=\"0\">Bater\u00eda:<\/b> 2x CR2032 (reemplazables).<\/p>\n<\/li>\n<li>\n<p data-path-to-node=\"23,4,0\"><b data-path-to-node=\"23,4,0\" data-index-in-node=\"0\">Pedido m\u00ednimo:<\/b> 100 unidades.<\/p>\n<\/li>\n<\/ul>\n<h3><strong><a href=\"https:\/\/displayproducts.eu\/es\/p\/remote-dmx-controllers-for-led-wristbands\/\">Control remoto y controlador DMX<\/a><\/strong><\/h3>\n<p><img loading=\"lazy\" decoding=\"async\" class=\"\" src=\"https:\/\/displayproducts.eu\/wp-content\/uploads\/2025\/10\/controller-2-scaled.jpeg\" width=\"365\" height=\"365\" \/><\/p>","protected":false},"excerpt":{"rendered":"<ul>\n<li>\n<p data-path-to-node=\"9,0,0\"><b data-path-to-node=\"9,0,0\" data-index-in-node=\"0\">Experiencia de evento premium:<\/b> Combina la sensaci\u00f3n suave de las bandas textiles con la avanzada tecnolog\u00eda de iluminaci\u00f3n sincronizada.<\/p>\n<\/li>\n<li>\n<p data-path-to-node=\"9,1,0\"><b data-path-to-node=\"9,1,0\" data-index-in-node=\"0\">Sublimaci\u00f3n a todo color:<\/b> Correas de tela altamente personalizables para logotipos detallados y visuales de marca vibrantes.<\/p>\n<\/li>\n<li>\n<p data-path-to-node=\"9,2,0\"><b data-path-to-node=\"9,2,0\" data-index-in-node=\"0\">Control a escala de estadio:<\/b> Sincronizaci\u00f3n confiable de RF y DMX en miles de unidades simult\u00e1neamente.<\/p>\n<\/li>\n<li>\n<p data-path-to-node=\"9,3,0\"><b data-path-to-node=\"9,3,0\" data-index-in-node=\"0\">Comodidad de larga duraci\u00f3n:<\/b> Dise\u00f1o liviano de 24 g dise\u00f1ado para festivales de varios d\u00edas y eventos corporativos.<\/p>\n<\/li>\n<\/ul>","protected":false},"featured_media":5983,"comment_status":"closed","ping_status":"closed","template":"","meta":[],"product_brand":[],"product_cat":[80],"product_tag":[],"class_list":{"0":"post-5012","1":"product","2":"type-product","3":"status-publish","4":"has-post-thumbnail","6":"product_cat-led-wristbands","8":"first","9":"instock","10":"shipping-taxable","11":"purchasable","12":"product-type-simple"},"_links":{"self":[{"href":"https:\/\/displayproducts.eu\/es\/wp-json\/wp\/v2\/product\/5012","targetHints":{"allow":["GET"]}}],"collection":[{"href":"https:\/\/displayproducts.eu\/es\/wp-json\/wp\/v2\/product"}],"about":[{"href":"https:\/\/displayproducts.eu\/es\/wp-json\/wp\/v2\/types\/product"}],"replies":[{"embeddable":true,"href":"https:\/\/displayproducts.eu\/es\/wp-json\/wp\/v2\/comments?post=5012"}],"wp:featuredmedia":[{"embeddable":true,"href":"https:\/\/displayproducts.eu\/es\/wp-json\/wp\/v2\/media\/5983"}],"wp:attachment":[{"href":"https:\/\/displayproducts.eu\/es\/wp-json\/wp\/v2\/media?parent=5012"}],"wp:term":[{"taxonomy":"product_brand","embeddable":true,"href":"https:\/\/displayproducts.eu\/es\/wp-json\/wp\/v2\/product_brand?post=5012"},{"taxonomy":"product_cat","embeddable":true,"href":"https:\/\/displayproducts.eu\/es\/wp-json\/wp\/v2\/product_cat?post=5012"},{"taxonomy":"product_tag","embeddable":true,"href":"https:\/\/displayproducts.eu\/es\/wp-json\/wp\/v2\/product_tag?post=5012"}],"curies":[{"name":"wp","href":"https:\/\/api.w.org\/{rel}","templated":true}]}}