{"id":4988,"date":"2025-10-06T14:34:19","date_gmt":"2025-10-06T11:34:19","guid":{"rendered":"https:\/\/wristbandfactory.eu\/?post_type=product&#038;p=4988"},"modified":"2026-04-01T21:52:35","modified_gmt":"2026-04-01T18:52:35","slug":"rechargeable-waterproof-led-sports-belt-for-runners","status":"publish","type":"product","link":"https:\/\/displayproducts.eu\/es\/p\/rechargeable-waterproof-led-sports-belt-for-runners\/","title":{"rendered":"Cintur\u00f3n deportivo LED recargable e impermeable para corredores"},"content":{"rendered":"<p>Mant\u00e9ngase visible y seguro con el cintur\u00f3n deportivo LED de alta visibilidad de Wristbandfactory. Dise\u00f1ado para atletas, ni\u00f1os y cualquier persona activa en condiciones de poca luz, este cintur\u00f3n es un elemento esencial del equipo de seguridad. <span class=\"citation-148 citation-end-148\">Est\u00e1 fabricado con una mezcla c\u00f3moda e impermeable de Lycra y TPU, lo que garantiza que siga siendo funcional en todas las condiciones clim\u00e1ticas.<\/span>.<\/p>\n<p><span class=\"citation-147 citation-end-147\">El cintur\u00f3n es liviano, pesa solo 60 g y se ajusta f\u00e1cilmente desde un m\u00ednimo de 30 cm hasta un m\u00e1ximo de 60 cm, lo que proporciona un ajuste c\u00f3modo y seguro para una amplia gama de usuarios.<\/span>. <span class=\"citation-146 citation-end-146\">Alimentado por una pr\u00e1ctica bater\u00eda de litio recargable, este cintur\u00f3n deportivo ofrece un tiempo de trabajo medido de 10 horas con una sola carga.<\/span>. <span class=\"citation-145 citation-end-145\">Elija entre cuatro funciones de iluminaci\u00f3n distintas (luz brillante prolongada, parpadeo r\u00e1pido, parpadeo lento o apagado) para maximizar su visibilidad ante los conductores y otras personas.<\/span>. <span class=\"citation-144 citation-end-144\">Ofrecemos este producto en embalaje OPP est\u00e1ndar, con soluciones de embalaje personalizadas disponibles para pedidos B2B al por mayor en toda Europa.<\/span>.<\/p>\n<p><b>Caracter\u00edsticas principales:<\/b><\/p>\n<ul>\n<li><span class=\"citation-143 citation-end-143\">Luces LED de alta visibilidad con 4 modos (luz larga, parpadeo r\u00e1pido\/lento, apagado)<\/span>.<\/li>\n<li><span class=\"citation-142 citation-end-142\">Bater\u00eda de litio totalmente recargable con una autonom\u00eda de 10 horas.<\/span>.<\/li>\n<li><span class=\"citation-141 citation-end-141\">Fabricado con materiales de licra y TPU c\u00f3modos e impermeables.<\/span>.<\/li>\n<li><span class=\"citation-140 citation-end-140\">Tama\u00f1o ajustable de 30 cm a 60 cm para garantizar un ajuste perfecto.<\/span>.<\/li>\n<li><span class=\"citation-139 citation-end-139\">Dise\u00f1o ligero de solo 60 g.<\/span>.<\/li>\n<\/ul>","protected":false},"excerpt":{"rendered":"<p>Aumenta tu seguridad durante las actividades nocturnas con nuestro cintur\u00f3n deportivo LED recargable, fabricado con licra impermeable para m\u00e1xima comodidad y durabilidad. Con cuatro modos de luz diferentes, este cintur\u00f3n ajustable te garantiza ser visible al correr, andar en bicicleta o caminar.<\/p>","protected":false},"featured_media":4989,"comment_status":"closed","ping_status":"closed","template":"","meta":[],"product_brand":[],"product_cat":[68,118,45],"product_tag":[],"class_list":{"0":"post-4988","1":"product","2":"type-product","3":"status-publish","4":"has-post-thumbnail","6":"product_cat-event-supplies","7":"product_cat-sports-fitness","8":"product_cat-other","10":"first","11":"instock","12":"shipping-taxable","13":"purchasable","14":"product-type-simple"},"_links":{"self":[{"href":"https:\/\/displayproducts.eu\/es\/wp-json\/wp\/v2\/product\/4988","targetHints":{"allow":["GET"]}}],"collection":[{"href":"https:\/\/displayproducts.eu\/es\/wp-json\/wp\/v2\/product"}],"about":[{"href":"https:\/\/displayproducts.eu\/es\/wp-json\/wp\/v2\/types\/product"}],"replies":[{"embeddable":true,"href":"https:\/\/displayproducts.eu\/es\/wp-json\/wp\/v2\/comments?post=4988"}],"wp:featuredmedia":[{"embeddable":true,"href":"https:\/\/displayproducts.eu\/es\/wp-json\/wp\/v2\/media\/4989"}],"wp:attachment":[{"href":"https:\/\/displayproducts.eu\/es\/wp-json\/wp\/v2\/media?parent=4988"}],"wp:term":[{"taxonomy":"product_brand","embeddable":true,"href":"https:\/\/displayproducts.eu\/es\/wp-json\/wp\/v2\/product_brand?post=4988"},{"taxonomy":"product_cat","embeddable":true,"href":"https:\/\/displayproducts.eu\/es\/wp-json\/wp\/v2\/product_cat?post=4988"},{"taxonomy":"product_tag","embeddable":true,"href":"https:\/\/displayproducts.eu\/es\/wp-json\/wp\/v2\/product_tag?post=4988"}],"curies":[{"name":"wp","href":"https:\/\/api.w.org\/{rel}","templated":true}]}}