{"id":4979,"date":"2025-10-06T14:21:01","date_gmt":"2025-10-06T11:21:01","guid":{"rendered":"https:\/\/wristbandfactory.eu\/?post_type=product&#038;p=4979"},"modified":"2026-04-01T21:52:35","modified_gmt":"2026-04-01T18:52:35","slug":"sound-activated-led-wristbands","status":"publish","type":"product","link":"https:\/\/displayproducts.eu\/es\/p\/sound-activated-led-wristbands\/","title":{"rendered":"Pulseras LED \"activadas por sonido\" con logotipo"},"content":{"rendered":"<p data-path-to-node=\"8\">Dale vida al ritmo con nuestras pulseras LED activadas por sonido. Dise\u00f1adas para entornos vibrantes como discotecas, festivales de m\u00fasica y conciertos en vivo, estas pulseras convierten a cada asistente en parte del espect\u00e1culo visual. A diferencia de los sistemas DMX, estas pulseras aut\u00f3nomas no requieren configuraci\u00f3n t\u00e9cnica: simplemente reaccionan al volumen de la m\u00fasica a su alrededor, creando un mar de luz vibrante que se adapta al ritmo de tu evento.<\/p>\n<h2 data-path-to-node=\"9\">Caracter\u00edsticas principales<\/h2>\n<ul data-path-to-node=\"10\">\n<li>\n<p data-path-to-node=\"10,0,0\"><b data-path-to-node=\"10,0,0\" data-index-in-node=\"0\">Sensores ac\u00fasticos inteligentes:<\/b> Calibrado para detectar patrones r\u00edtmicos, garantizando que la luz parpadee exactamente en sincron\u00eda con los graves y los agudos.<\/p>\n<\/li>\n<li>\n<p data-path-to-node=\"10,1,0\"><b data-path-to-node=\"10,1,0\" data-index-in-node=\"0\">Simplicidad plug-and-play:<\/b> No se requieren controladores externos ni programaci\u00f3n; las bandas est\u00e1n listas para usar nada m\u00e1s sacarlas de la solicitar presupuesto.<\/p>\n<\/li>\n<li>\n<p data-path-to-node=\"10,2,0\"><b data-path-to-node=\"10,2,0\" data-index-in-node=\"0\">Opciones de colores vivos:<\/b> Elija entre una amplia gama de colores de LED para combinar con la identidad de su marca o el tema del evento.<\/p>\n<\/li>\n<li>\n<p data-path-to-node=\"10,3,0\"><b data-path-to-node=\"10,3,0\" data-index-in-node=\"0\">Tampograf\u00eda duradera:<\/b> Utilizamos tintas de calidad profesional para garantizar que su logotipo personalizado permanezca n\u00edtido y visible durante todo el evento.<\/p>\n<\/li>\n<\/ul>\n<h2 data-path-to-node=\"11\">Presupuesto<\/h2>\n<ul data-path-to-node=\"12\">\n<li>\n<p data-path-to-node=\"12,0,0\"><b data-path-to-node=\"12,0,0\" data-index-in-node=\"0\">Mecanismo de control:<\/b> Sensor ac\u00fastico interno de alta sensibilidad.<\/p>\n<\/li>\n<li>\n<p data-path-to-node=\"12,1,0\"><b data-path-to-node=\"12,1,0\" data-index-in-node=\"0\">Materiales:<\/b> Carcasa de ABS con correa de silicona suave o PVC.<\/p>\n<\/li>\n<li>\n<p data-path-to-node=\"12,2,0\"><b data-path-to-node=\"12,2,0\" data-index-in-node=\"0\">Peso:<\/b> 22 gramos.<\/p>\n<\/li>\n<li>\n<p data-path-to-node=\"12,3,0\"><b data-path-to-node=\"12,3,0\" data-index-in-node=\"0\">Duraci\u00f3n de la bater\u00eda:<\/b> 8\u201312 horas de parpadeo activo.<\/p>\n<\/li>\n<li>\n<p data-path-to-node=\"12,4,0\"><b data-path-to-node=\"12,4,0\" data-index-in-node=\"0\">Tipo de bater\u00eda:<\/b> 2x CR2032 (incluidas y reemplazables).<\/p>\n<\/li>\n<li>\n<p data-path-to-node=\"12,5,0\"><b data-path-to-node=\"12,5,0\" data-index-in-node=\"0\">Personalizaci\u00f3n:<\/b> Impresi\u00f3n precisa del logotipo en el m\u00f3dulo LED.<\/p>\n<\/li>\n<\/ul>\n<h2 data-path-to-node=\"13\">Casos de uso<\/h2>\n<ul data-path-to-node=\"14\">\n<li>\n<p data-path-to-node=\"14,0,0\"><b data-path-to-node=\"14,0,0\" data-index-in-node=\"0\">Discotecas y fiestas VIP:<\/b> Mejorar el ambiente de la pista de baile y aumentar la participaci\u00f3n de los invitados.<\/p>\n<\/li>\n<li>\n<p data-path-to-node=\"14,1,0\"><b data-path-to-node=\"14,1,0\" data-index-in-node=\"0\">Festivales de m\u00fasica:<\/b> Una forma rentable de crear un espect\u00e1culo de luces masivo y reactivo para la multitud.<\/p>\n<\/li>\n<li>\n<p data-path-to-node=\"14,2,0\"><b data-path-to-node=\"14,2,0\" data-index-in-node=\"0\">Conciertos y giras:<\/b> Fortaleciendo la conexi\u00f3n entre el int\u00e9rprete y el p\u00fablico a trav\u00e9s de la luz.<\/p>\n<\/li>\n<li>\n<p data-path-to-node=\"14,3,0\"><b data-path-to-node=\"14,3,0\" data-index-in-node=\"0\">Cenas de gala corporativas:<\/b> Agregar un elemento interactivo de alta tecnolog\u00eda a las ceremonias de premiaci\u00f3n y presentaciones.<\/p>\n<\/li>\n<\/ul>\n<p data-path-to-node=\"15\">","protected":false},"excerpt":{"rendered":"<ul>\n<li>\n<p data-path-to-node=\"7,0,0\"><b data-path-to-node=\"7,0,0\" data-index-in-node=\"0\">Tecnolog\u00eda de sincronizaci\u00f3n musical:<\/b> Los sensores ac\u00fasticos integrados permiten que los LED parpadeen en perfecta armon\u00eda con el ritmo ambiental o el ruido de la multitud.<\/p>\n<\/li>\n<li>\n<p data-path-to-node=\"7,1,0\"><b data-path-to-node=\"7,1,0\" data-index-in-node=\"0\">Operaci\u00f3n aut\u00f3noma:<\/b> No se necesitan controladores ni controles remotos: un espect\u00e1culo de luces independiente que reacciona instant\u00e1neamente al entorno.<\/p>\n<\/li>\n<li>\n<p data-path-to-node=\"7,2,0\"><b data-path-to-node=\"7,2,0\" data-index-in-node=\"0\">Ligero y duradero:<\/b> C\u00f3modo dise\u00f1o de 22 g con carcasa ABS de alto impacto, perfecto para festivales y conciertos que duran toda la noche.<\/p>\n<\/li>\n<li>\n<p data-path-to-node=\"7,3,0\"><b data-path-to-node=\"7,3,0\" data-index-in-node=\"0\">Marca de alto impacto:<\/b> \u00c1rea de impresi\u00f3n dedicada para la aplicaci\u00f3n de logotipos corporativos vibrantes de uno o varios colores.<\/p>\n<\/li>\n<\/ul>","protected":false},"featured_media":6003,"comment_status":"closed","ping_status":"closed","template":"","meta":[],"product_brand":[],"product_cat":[80],"product_tag":[],"class_list":{"0":"post-4979","1":"product","2":"type-product","3":"status-publish","4":"has-post-thumbnail","6":"product_cat-led-wristbands","8":"first","9":"instock","10":"shipping-taxable","11":"purchasable","12":"product-type-simple"},"_links":{"self":[{"href":"https:\/\/displayproducts.eu\/es\/wp-json\/wp\/v2\/product\/4979","targetHints":{"allow":["GET"]}}],"collection":[{"href":"https:\/\/displayproducts.eu\/es\/wp-json\/wp\/v2\/product"}],"about":[{"href":"https:\/\/displayproducts.eu\/es\/wp-json\/wp\/v2\/types\/product"}],"replies":[{"embeddable":true,"href":"https:\/\/displayproducts.eu\/es\/wp-json\/wp\/v2\/comments?post=4979"}],"wp:featuredmedia":[{"embeddable":true,"href":"https:\/\/displayproducts.eu\/es\/wp-json\/wp\/v2\/media\/6003"}],"wp:attachment":[{"href":"https:\/\/displayproducts.eu\/es\/wp-json\/wp\/v2\/media?parent=4979"}],"wp:term":[{"taxonomy":"product_brand","embeddable":true,"href":"https:\/\/displayproducts.eu\/es\/wp-json\/wp\/v2\/product_brand?post=4979"},{"taxonomy":"product_cat","embeddable":true,"href":"https:\/\/displayproducts.eu\/es\/wp-json\/wp\/v2\/product_cat?post=4979"},{"taxonomy":"product_tag","embeddable":true,"href":"https:\/\/displayproducts.eu\/es\/wp-json\/wp\/v2\/product_tag?post=4979"}],"curies":[{"name":"wp","href":"https:\/\/api.w.org\/{rel}","templated":true}]}}