{"id":4966,"date":"2025-10-06T14:11:43","date_gmt":"2025-10-06T11:11:43","guid":{"rendered":"https:\/\/wristbandfactory.eu\/?post_type=product&#038;p=4966"},"modified":"2026-04-01T21:52:35","modified_gmt":"2026-04-01T18:52:35","slug":"custom-rfid-fabric-wristbands","status":"publish","type":"product","link":"https:\/\/displayproducts.eu\/es\/p\/custom-rfid-fabric-wristbands\/","title":{"rendered":"Pulseras de tela RFID"},"content":{"rendered":"<p data-path-to-node=\"10\">Optimice las operaciones de sus eventos con nuestro <b data-path-to-node=\"10\" data-index-in-node=\"67\">Pulseras de tela RFID<\/b>, El est\u00e1ndar de la industria para festivales sin efectivo y recintos de alta seguridad. Su dise\u00f1o cl\u00e1sico combina una correa de poli\u00e9ster suave, tejida o satinada, con un robusto... <b data-path-to-node=\"10\" data-index-in-node=\"250\">Control deslizante inteligente de PVC<\/b> que protege el chip RFID del agua y los impactos.<\/p>\n<p data-path-to-node=\"11\"><b data-path-to-node=\"11\" data-index-in-node=\"0\">\u00bfNecesitas una actualizaci\u00f3n Premium?<\/b> Si bien el control deslizante de PVC es nuestra opci\u00f3n m\u00e1s popular y rentable, tambi\u00e9n ofrecemos <b data-path-to-node=\"11\" data-index-in-node=\"106\">Tecnolog\u00eda RFID integrada<\/b>. En esta versi\u00f3n premium, el chip est\u00e1 sellado herm\u00e9ticamente directamente dentro de las capas textiles, creando una pulsera completamente lisa y sin deslizadores, con la misma sensaci\u00f3n que una pulsera de tela normal. <i data-path-to-node=\"11\" data-index-in-node=\"316\">Contacta con nuestro equipo para solicitar el modelo Embedded \/ Chip-in-Band.<\/i><\/p>\n<p data-path-to-node=\"12\">Ambas versiones ofrecen <b data-path-to-node=\"12\" data-index-in-node=\"20\">dos superficies de marca distintas<\/b>:impresi\u00f3n por sublimaci\u00f3n de alta resoluci\u00f3n sobre la propia pulsera, y (en el modelo slider) impresi\u00f3n personalizada o grabado l\u00e1ser sobre la etiqueta de PVC.<\/p>\n<h2 data-path-to-node=\"13\">Caracter\u00edsticas principales<\/h2>\n<ul data-path-to-node=\"14\">\n<li>\n<p data-path-to-node=\"14,0,0\"><b data-path-to-node=\"14,0,0\" data-index-in-node=\"0\">Opciones vers\u00e1tiles:<\/b> Elige entre el est\u00e1ndar <b data-path-to-node=\"14,0,0\" data-index-in-node=\"47\">Deslizador de PVC duro<\/b> (para m\u00e1xima durabilidad) o el <b data-path-to-node=\"14,0,0\" data-index-in-node=\"95\">Tejido inteligente integrado<\/b> (para m\u00e1xima comodidad).<\/p>\n<\/li>\n<li>\n<p data-path-to-node=\"14,1,0\"><b data-path-to-node=\"14,1,0\" data-index-in-node=\"0\">Escaneo confiable:<\/b> Las antenas de alta calidad garantizan una lectura r\u00e1pida en puertas y rejas, independientemente del modelo.<\/p>\n<\/li>\n<li>\n<p data-path-to-node=\"14,2,0\"><b data-path-to-node=\"14,2,0\" data-index-in-node=\"0\">Flexibilidad del chip:<\/b> Compatible con chips Mifare 1K, NTAG213, I-CODE SLIX y UHF para adaptarse a su sistema.<\/p>\n<\/li>\n<li>\n<p data-path-to-node=\"14,3,0\"><b data-path-to-node=\"14,3,0\" data-index-in-node=\"0\">Cerraduras a prueba de manipulaciones:<\/b> Los cierres deslizantes unidireccionales seguros garantizan que la pulsera no se pueda transferir entre hu\u00e9spedes.<\/p>\n<\/li>\n<\/ul>\n<h2 data-path-to-node=\"15\">Presupuesto<\/h2>\n<ul data-path-to-node=\"16\">\n<li>\n<p data-path-to-node=\"16,0,0\"><b data-path-to-node=\"16,0,0\" data-index-in-node=\"0\">Material de la banda:<\/b> Poli\u00e9ster (sublimaci\u00f3n o tejido)<\/p>\n<\/li>\n<li>\n<p data-path-to-node=\"16,1,0\"><b data-path-to-node=\"16,1,0\" data-index-in-node=\"0\">Modelo est\u00e1ndar:<\/b> Etiqueta deslizante de PVC (35 x 25 mm)<\/p>\n<\/li>\n<li>\n<p data-path-to-node=\"16,2,0\"><b data-path-to-node=\"16,2,0\" data-index-in-node=\"0\">Modelo Premium:<\/b> Chip integrado (invisible)<\/p>\n<\/li>\n<li>\n<p data-path-to-node=\"16,3,0\"><b data-path-to-node=\"16,3,0\" data-index-in-node=\"0\">Frecuencia de chip:<\/b> 13,56 MHz (HF) \/ 860-960 MHz (UHF)<\/p>\n<\/li>\n<li>\n<p data-path-to-node=\"16,4,0\"><b data-path-to-node=\"16,4,0\" data-index-in-node=\"0\">Impresi\u00f3n:<\/b> CMYK a todo color<\/p>\n<\/li>\n<li>\n<p data-path-to-node=\"16,5,0\"><b data-path-to-node=\"16,5,0\" data-index-in-node=\"0\">Impermeable:<\/b> S\u00ed (IP68)<\/p>\n<\/li>\n<\/ul>\n<h2 data-path-to-node=\"17\">Casos de uso<\/h2>\n<ul data-path-to-node=\"18\">\n<li>\n<p data-path-to-node=\"18,0,0\"><b data-path-to-node=\"18,0,0\" data-index-in-node=\"0\">Festivales de m\u00fasica:<\/b> La entrada r\u00e1pida y los pagos sin efectivo reducen las colas y aumentan los ingresos del bar.<\/p>\n<\/li>\n<li>\n<p data-path-to-node=\"18,1,0\"><b data-path-to-node=\"18,1,0\" data-index-in-node=\"0\">Acceso VIP:<\/b> Utilice el <b data-path-to-node=\"18,1,0\" data-index-in-node=\"20\">Incorporado<\/b> Versi\u00f3n para hu\u00e9spedes VIP que esperan un mayor nivel de comodidad y exclusividad.<\/p>\n<\/li>\n<li>\n<p data-path-to-node=\"18,2,0\"><b data-path-to-node=\"18,2,0\" data-index-in-node=\"0\">Parques acu\u00e1ticos:<\/b> La construcci\u00f3n duradera resiste el cloro y la inmersi\u00f3n completa.<\/p>\n<\/li>\n<li>\n<p data-path-to-node=\"18,3,0\"><b data-path-to-node=\"18,3,0\" data-index-in-node=\"0\">Activaciones de marca:<\/b> \u201cToca\u201d para conectarte con las redes sociales o desbloquear contenido digital.<\/p>\n<\/li>\n<\/ul>","protected":false},"excerpt":{"rendered":"<ul>\n<li>\n<p data-path-to-node=\"9,0,0\"><b data-path-to-node=\"9,0,0\" data-index-in-node=\"0\">Tecnolog\u00eda Smart Slider:<\/b> El modelo est\u00e1ndar cuenta con una etiqueta de PVC duradera que alberga el chip RFID para un escaneo confiable.<\/p>\n<\/li>\n<li>\n<p data-path-to-node=\"9,1,0\"><b data-path-to-node=\"9,1,0\" data-index-in-node=\"0\">Opci\u00f3n Premium Disponible:<\/b> \u00bfBuscas un look m\u00e1s elegante? Pregunta por nuestro <b data-path-to-node=\"9,1,0\" data-index-in-node=\"68\">\u201cChip en banda\u201d<\/b> Soluci\u00f3n donde el chip queda oculto dentro del tejido.<\/p>\n<\/li>\n<li>\n<p data-path-to-node=\"9,2,0\"><b data-path-to-node=\"9,2,0\" data-index-in-node=\"0\">Listo para trabajar sin efectivo:<\/b> Los chips integrados (Mifare, NTAG) permiten pagos r\u00e1pidos \u201cTap &amp; Go\u201d y control de acceso.<\/p>\n<\/li>\n<li>\n<p data-path-to-node=\"9,3,0\"><b data-path-to-node=\"9,3,0\" data-index-in-node=\"0\">Alta seguridad:<\/b> Los dientes de bloqueo seguros evitan el fraude en las transferencias y los billetes.<\/p>\n<\/li>\n<\/ul>","protected":false},"featured_media":5933,"comment_status":"closed","ping_status":"closed","template":"","meta":[],"product_brand":[],"product_cat":[47,81,88],"product_tag":[],"class_list":{"0":"post-4966","1":"product","2":"type-product","3":"status-publish","4":"has-post-thumbnail","6":"product_cat-fabric-wristbands","7":"product_cat-rfid","8":"product_cat-smart-wristbands","10":"first","11":"instock","12":"shipping-taxable","13":"purchasable","14":"product-type-simple"},"_links":{"self":[{"href":"https:\/\/displayproducts.eu\/es\/wp-json\/wp\/v2\/product\/4966","targetHints":{"allow":["GET"]}}],"collection":[{"href":"https:\/\/displayproducts.eu\/es\/wp-json\/wp\/v2\/product"}],"about":[{"href":"https:\/\/displayproducts.eu\/es\/wp-json\/wp\/v2\/types\/product"}],"replies":[{"embeddable":true,"href":"https:\/\/displayproducts.eu\/es\/wp-json\/wp\/v2\/comments?post=4966"}],"wp:featuredmedia":[{"embeddable":true,"href":"https:\/\/displayproducts.eu\/es\/wp-json\/wp\/v2\/media\/5933"}],"wp:attachment":[{"href":"https:\/\/displayproducts.eu\/es\/wp-json\/wp\/v2\/media?parent=4966"}],"wp:term":[{"taxonomy":"product_brand","embeddable":true,"href":"https:\/\/displayproducts.eu\/es\/wp-json\/wp\/v2\/product_brand?post=4966"},{"taxonomy":"product_cat","embeddable":true,"href":"https:\/\/displayproducts.eu\/es\/wp-json\/wp\/v2\/product_cat?post=4966"},{"taxonomy":"product_tag","embeddable":true,"href":"https:\/\/displayproducts.eu\/es\/wp-json\/wp\/v2\/product_tag?post=4966"}],"curies":[{"name":"wp","href":"https:\/\/api.w.org\/{rel}","templated":true}]}}