{"id":4277,"date":"2025-06-05T15:54:38","date_gmt":"2025-06-05T12:54:38","guid":{"rendered":"https:\/\/wristbandfactory.eu\/?post_type=product&#038;p=4277"},"modified":"2026-04-01T21:52:35","modified_gmt":"2026-04-01T18:52:35","slug":"extra-large-reusable-event-cups-900ml","status":"publish","type":"product","link":"https:\/\/displayproducts.eu\/es\/p\/extra-large-reusable-event-cups-900ml\/","title":{"rendered":"Vasos reutilizables extragrandes para eventos (900 ml)"},"content":{"rendered":"<p data-path-to-node=\"8\">Cuando un vaso est\u00e1ndar no es suficiente, nuestro vaso reutilizable extragrande de 900 ml es la soluci\u00f3n ideal. Dise\u00f1ado espec\u00edficamente para lugares donde se requiere un gran volumen de bebidas y una menor frecuencia de recarga, este vaso es perfecto para estadios deportivos, festivales al aire libre concurridos y campa\u00f1as de salud.<\/p>\n<p data-path-to-node=\"9\">Al ofrecer una capacidad significativamente mayor que los vasos est\u00e1ndar de 500 ml, el modelo Malsuk de 900 ml mejora la eficiencia del servicio y aumenta la comodidad del usuario.<\/p>\n<p data-path-to-node=\"10\">Fabricada con pl\u00e1stico PP (polipropileno) flexible y resistente, esta taza est\u00e1 dise\u00f1ada para un uso prolongado y fiable. Cuenta con la certificaci\u00f3n de estar libre de BPA y presenta un acabado limpio y semitransparente.<\/p>\n<p data-path-to-node=\"11\">Esta gran capacidad tambi\u00e9n ofrece una gran oportunidad para promocionar su marca. El vaso cuenta con una amplia \u00e1rea de impresi\u00f3n de 270 x 70 mm, lo que permite que su logotipo o mensaje publicitario se muestre de forma destacada mediante serigraf\u00eda a un color.<\/p>\n<p data-path-to-node=\"12\"><b>Caracter\u00edsticas principales:<\/b><\/p>\n<ul data-path-to-node=\"13\">\n<li>\n<p data-path-to-node=\"13,0,0\"><b>Capacidad extragrande de 900 ml:<\/b> Ideal para servir bebidas de mayor tama\u00f1o y minimizar las recargas en eventos con mucha afluencia de p\u00fablico.<\/p>\n<\/li>\n<li>\n<p data-path-to-node=\"13,1,0\"><b>Material duradero y flexible:<\/b> Fabricado con pl\u00e1stico PP duradero y reutilizable.<\/p>\n<\/li>\n<li>\n<p data-path-to-node=\"13,2,0\"><b>Seguro para la salud:<\/b> Certificado 100% libre de BPA.<\/p>\n<\/li>\n<li>\n<p data-path-to-node=\"13,3,0\"><b>Acabado semitransparente:<\/b> Ofrece un aspecto limpio y moderno a la vez que mantiene visible el contenido.<\/p>\n<\/li>\n<li>\n<p data-path-to-node=\"13,4,0\"><b>\u00c1rea de impresi\u00f3n masiva:<\/b> Proporciona un \u00e1rea de 270 x 70 mm para serigraf\u00eda de alto impacto a 1 color.<\/p>\n<\/li>\n<\/ul>","protected":false},"excerpt":{"rendered":"<ul data-path-to-node=\"7\">\n<li>\n<p data-path-to-node=\"7,0,0\">Su gran capacidad de 900 ml reduce la frecuencia de recarga en grandes recintos.<\/p>\n<\/li>\n<li>\n<p data-path-to-node=\"7,1,0\">Fabricado con pl\u00e1stico PP flexible, duradero y libre de BPA.<\/p>\n<\/li>\n<li>\n<p data-path-to-node=\"7,2,0\">Presenta un acabado limpio y semitransparente.<\/p>\n<\/li>\n<li>\n<p data-path-to-node=\"7,3,0\">Amplia \u00e1rea de impresi\u00f3n de 270 x 70 mm para serigraf\u00eda a 1 color.<\/p>\n<\/li>\n<\/ul>","protected":false},"featured_media":6493,"comment_status":"closed","ping_status":"closed","template":"","meta":[],"product_brand":[],"product_cat":[111],"product_tag":[],"class_list":{"0":"post-4277","1":"product","2":"type-product","3":"status-publish","4":"has-post-thumbnail","6":"product_cat-reusable-event-cups","8":"first","9":"instock","10":"shipping-taxable","11":"purchasable","12":"product-type-simple"},"_links":{"self":[{"href":"https:\/\/displayproducts.eu\/es\/wp-json\/wp\/v2\/product\/4277","targetHints":{"allow":["GET"]}}],"collection":[{"href":"https:\/\/displayproducts.eu\/es\/wp-json\/wp\/v2\/product"}],"about":[{"href":"https:\/\/displayproducts.eu\/es\/wp-json\/wp\/v2\/types\/product"}],"replies":[{"embeddable":true,"href":"https:\/\/displayproducts.eu\/es\/wp-json\/wp\/v2\/comments?post=4277"}],"wp:featuredmedia":[{"embeddable":true,"href":"https:\/\/displayproducts.eu\/es\/wp-json\/wp\/v2\/media\/6493"}],"wp:attachment":[{"href":"https:\/\/displayproducts.eu\/es\/wp-json\/wp\/v2\/media?parent=4277"}],"wp:term":[{"taxonomy":"product_brand","embeddable":true,"href":"https:\/\/displayproducts.eu\/es\/wp-json\/wp\/v2\/product_brand?post=4277"},{"taxonomy":"product_cat","embeddable":true,"href":"https:\/\/displayproducts.eu\/es\/wp-json\/wp\/v2\/product_cat?post=4277"},{"taxonomy":"product_tag","embeddable":true,"href":"https:\/\/displayproducts.eu\/es\/wp-json\/wp\/v2\/product_tag?post=4277"}],"curies":[{"name":"wp","href":"https:\/\/api.w.org\/{rel}","templated":true}]}}