{"id":4271,"date":"2025-06-05T15:43:08","date_gmt":"2025-06-05T12:43:08","guid":{"rendered":"https:\/\/wristbandfactory.eu\/?post_type=product&#038;p=4271"},"modified":"2026-04-01T21:52:35","modified_gmt":"2026-04-01T18:52:35","slug":"reusable-event-cups-600ml","status":"publish","type":"product","link":"https:\/\/displayproducts.eu\/es\/p\/reusable-event-cups-600ml\/","title":{"rendered":"Vasos reutilizables para eventos (600 ml)"},"content":{"rendered":"<p data-path-to-node=\"8\">Vaya m\u00e1s all\u00e1 del tama\u00f1o est\u00e1ndar de 500 ml con nuestro vaso reutilizable para eventos de 600 ml. Este vaso est\u00e1 dise\u00f1ado espec\u00edficamente para entornos de gran afluencia como festivales, recintos deportivos y conciertos multitudinarios, donde reducir la frecuencia de recarga es clave para mejorar la rapidez del servicio y la satisfacci\u00f3n de los asistentes.<\/p>\n<p data-path-to-node=\"9\">Fabricado con pl\u00e1stico PP (polipropileno) flexible y resistente, este vaso presenta un acabado limpio y semitransparente que se adapta a cualquier marca. Su mayor capacidad ofrece mayor comodidad a los asistentes a eventos al aire libre concurridos.<\/p>\n<p data-path-to-node=\"10\">Este vaso no solo es pr\u00e1ctico, sino tambi\u00e9n una excelente herramienta de marketing. Ofrece una amplia \u00e1rea de impresi\u00f3n envolvente de 220 x 70 mm para el logotipo de su empresa o el mensaje de su campa\u00f1a, que se puede aplicar mediante serigraf\u00eda duradera a un solo color. El material cuenta con la certificaci\u00f3n de estar libre de BPA, lo que garantiza una soluci\u00f3n segura y de alta calidad para su evento.<\/p>\n<p data-path-to-node=\"11\"><b>Caracter\u00edsticas principales:<\/b><\/p>\n<ul data-path-to-node=\"12\">\n<li>\n<p data-path-to-node=\"12,0,0\"><b>Capacidad superior a la est\u00e1ndar de 600 ml:<\/b> Ofrece mayor volumen para reducir la frecuencia de recarga en lugares concurridos.<\/p>\n<\/li>\n<li>\n<p data-path-to-node=\"12,1,0\"><b>Material duradero y flexible:<\/b> Fabricado con pl\u00e1stico PP reutilizable y libre de BPA.<\/p>\n<\/li>\n<li>\n<p data-path-to-node=\"12,2,0\"><b>Acabado semitransparente:<\/b> Proporciona un lienzo limpio y moderno para su marca.<\/p>\n<\/li>\n<li>\n<p data-path-to-node=\"12,3,0\"><b>\u00c1rea de impresi\u00f3n grande:<\/b> Cuenta con un \u00e1rea de 220 x 70 mm para serigraf\u00eda a 1 color.<\/p>\n<\/li>\n<li>\n<p data-path-to-node=\"12,4,0\"><b>Soluci\u00f3n ecol\u00f3gica:<\/b> Una alternativa reutilizable a los pl\u00e1sticos de un solo uso, ideal para la distribuci\u00f3n a gran escala.<\/p>\n<\/li>\n<\/ul>\n<p data-path-to-node=\"13\">","protected":false},"excerpt":{"rendered":"<ul>\n<li>\n<p data-path-to-node=\"7,0,0\">Cuenta con una capacidad superior a la est\u00e1ndar de 600 ml para reducir la frecuencia de recarga.<\/p>\n<\/li>\n<li>\n<p data-path-to-node=\"7,1,0\">Fabricado con pl\u00e1stico PP flexible, duradero y libre de BPA.<\/p>\n<\/li>\n<li>\n<p data-path-to-node=\"7,2,0\">El acabado moderno y semitransparente proporciona un aspecto limpio.<\/p>\n<\/li>\n<li>\n<p data-path-to-node=\"7,3,0\">Amplia \u00e1rea de impresi\u00f3n de 220 x 70 mm para serigraf\u00eda a 1 color.<\/p>\n<\/li>\n<\/ul>","protected":false},"featured_media":6621,"comment_status":"closed","ping_status":"closed","template":"","meta":[],"product_brand":[],"product_cat":[111],"product_tag":[],"class_list":{"0":"post-4271","1":"product","2":"type-product","3":"status-publish","4":"has-post-thumbnail","6":"product_cat-reusable-event-cups","8":"first","9":"instock","10":"shipping-taxable","11":"purchasable","12":"product-type-simple"},"_links":{"self":[{"href":"https:\/\/displayproducts.eu\/es\/wp-json\/wp\/v2\/product\/4271","targetHints":{"allow":["GET"]}}],"collection":[{"href":"https:\/\/displayproducts.eu\/es\/wp-json\/wp\/v2\/product"}],"about":[{"href":"https:\/\/displayproducts.eu\/es\/wp-json\/wp\/v2\/types\/product"}],"replies":[{"embeddable":true,"href":"https:\/\/displayproducts.eu\/es\/wp-json\/wp\/v2\/comments?post=4271"}],"wp:featuredmedia":[{"embeddable":true,"href":"https:\/\/displayproducts.eu\/es\/wp-json\/wp\/v2\/media\/6621"}],"wp:attachment":[{"href":"https:\/\/displayproducts.eu\/es\/wp-json\/wp\/v2\/media?parent=4271"}],"wp:term":[{"taxonomy":"product_brand","embeddable":true,"href":"https:\/\/displayproducts.eu\/es\/wp-json\/wp\/v2\/product_brand?post=4271"},{"taxonomy":"product_cat","embeddable":true,"href":"https:\/\/displayproducts.eu\/es\/wp-json\/wp\/v2\/product_cat?post=4271"},{"taxonomy":"product_tag","embeddable":true,"href":"https:\/\/displayproducts.eu\/es\/wp-json\/wp\/v2\/product_tag?post=4271"}],"curies":[{"name":"wp","href":"https:\/\/api.w.org\/{rel}","templated":true}]}}