{"id":4265,"date":"2025-06-05T15:20:53","date_gmt":"2025-06-05T12:20:53","guid":{"rendered":"https:\/\/wristbandfactory.eu\/?post_type=product&#038;p=4265"},"modified":"2026-04-01T21:52:04","modified_gmt":"2026-04-01T18:52:04","slug":"colored-reusable-event-cups-500ml","status":"publish","type":"product","link":"https:\/\/displayproducts.eu\/es\/p\/colored-reusable-event-cups-500ml\/","title":{"rendered":"Vasos reutilizables de colores para eventos (500 ml)"},"content":{"rendered":"<p data-path-to-node=\"7\">Haz que tu marca sea imposible de ignorar en festivales, conferencias y eventos promocionales con nuestros vasos reutilizables de colores. Un vaso llamativo proporciona reconocimiento de marca inmediato y sirve como una herramienta sencilla y eficaz para la eficiencia operativa.<\/p>\n<p data-path-to-node=\"8\">Disponibles en seis llamativos colores semitransparentes (incluidos rojo, azul y verde), estos vasos son perfectos para reflejar la identidad de tu marca o para una pr\u00e1ctica codificaci\u00f3n por colores en tu evento. Usa diferentes colores para distinguir zonas de acceso, tipos de bebidas (por ejemplo, alcoh\u00f3licas y no alcoh\u00f3licas) o para destacar a los diferentes patrocinadores.<\/p>\n<p data-path-to-node=\"9\">Fabricados con pl\u00e1stico PP resistente, flexible y ligero, estos vasos de 500 ml est\u00e1n dise\u00f1ados para un uso repetido. Son una alternativa rentable y sostenible a los pl\u00e1sticos de un solo uso. Cada vaso cuenta con la certificaci\u00f3n de estar libre de BPA, lo que garantiza la seguridad de todos los asistentes.<\/p>\n<p data-path-to-node=\"10\">Personaliza tus vasos con una serigraf\u00eda grande a un color (170 x 60 mm) para incluir tu logotipo, mensaje de campa\u00f1a o marca del patrocinador. Esta combinaci\u00f3n de color vibrante e impresi\u00f3n personalizada crea un art\u00edculo promocional memorable y de gran visibilidad.<\/p>\n<p data-path-to-node=\"11\"><b>Caracter\u00edsticas principales:<\/b><\/p>\n<ul data-path-to-node=\"12\">\n<li>\n<p data-path-to-node=\"12,0,0\"><b>Marca de alta visibilidad:<\/b> Disponible en 6 colores vibrantes y semitransparentes para adaptarse a la identidad de marca.<\/p>\n<\/li>\n<li>\n<p data-path-to-node=\"12,1,0\"><b>Duradero y reutilizable:<\/b> Fabricado con pl\u00e1stico PP flexible, ligero y resistente a los golpes.<\/p>\n<\/li>\n<li>\n<p data-path-to-node=\"12,2,0\"><b>Material seguro para la salud:<\/b> 100% Libre de BPA y apto para todos los asistentes al evento.<\/p>\n<\/li>\n<li>\n<p data-path-to-node=\"12,3,0\"><b>Herramienta pr\u00e1ctica para eventos:<\/b> Ideal para codificar por colores zonas, patrocinadores o tipos de bebidas.<\/p>\n<\/li>\n<li>\n<p data-path-to-node=\"12,4,0\"><b>Personalizable:<\/b> Ofrece una amplia \u00e1rea de impresi\u00f3n de 170 x 60 mm para serigraf\u00eda a 1 color.<\/p>\n<\/li>\n<li>\n<p data-path-to-node=\"12,5,0\"><b>Capacidad est\u00e1ndar de 500 ml:<\/b> Tama\u00f1o perfecto para cerveza, refrescos y otras bebidas para eventos.<\/p>\n<\/li>\n<\/ul>","protected":false},"excerpt":{"rendered":"<ul>\n<li>\n<p data-path-to-node=\"6,0,0\">Aumente la visibilidad de su marca con 6 opciones de colores vibrantes y semitransparentes.<\/p>\n<\/li>\n<li>\n<p data-path-to-node=\"6,1,0\">Ideal para codificar por colores zonas de acceso, tipos de bebidas o \u00e1reas de patrocinadores.<\/p>\n<\/li>\n<li>\n<p data-path-to-node=\"6,2,0\">Pl\u00e1stico PP duradero, flexible y reutilizable (libre de BPA).<\/p>\n<\/li>\n<li>\n<p data-path-to-node=\"6,3,0\">Personalizable mediante serigraf\u00eda a 1 color (\u00e1rea de 170 x 60 mm).<\/p>\n<\/li>\n<\/ul>","protected":false},"featured_media":6445,"comment_status":"closed","ping_status":"closed","template":"","meta":[],"product_brand":[],"product_cat":[111],"product_tag":[],"class_list":{"0":"post-4265","1":"product","2":"type-product","3":"status-publish","4":"has-post-thumbnail","6":"product_cat-reusable-event-cups","8":"first","9":"instock","10":"shipping-taxable","11":"purchasable","12":"product-type-simple"},"_links":{"self":[{"href":"https:\/\/displayproducts.eu\/es\/wp-json\/wp\/v2\/product\/4265","targetHints":{"allow":["GET"]}}],"collection":[{"href":"https:\/\/displayproducts.eu\/es\/wp-json\/wp\/v2\/product"}],"about":[{"href":"https:\/\/displayproducts.eu\/es\/wp-json\/wp\/v2\/types\/product"}],"replies":[{"embeddable":true,"href":"https:\/\/displayproducts.eu\/es\/wp-json\/wp\/v2\/comments?post=4265"}],"wp:featuredmedia":[{"embeddable":true,"href":"https:\/\/displayproducts.eu\/es\/wp-json\/wp\/v2\/media\/6445"}],"wp:attachment":[{"href":"https:\/\/displayproducts.eu\/es\/wp-json\/wp\/v2\/media?parent=4265"}],"wp:term":[{"taxonomy":"product_brand","embeddable":true,"href":"https:\/\/displayproducts.eu\/es\/wp-json\/wp\/v2\/product_brand?post=4265"},{"taxonomy":"product_cat","embeddable":true,"href":"https:\/\/displayproducts.eu\/es\/wp-json\/wp\/v2\/product_cat?post=4265"},{"taxonomy":"product_tag","embeddable":true,"href":"https:\/\/displayproducts.eu\/es\/wp-json\/wp\/v2\/product_tag?post=4265"}],"curies":[{"name":"wp","href":"https:\/\/api.w.org\/{rel}","templated":true}]}}