{"id":4241,"date":"2025-06-05T15:07:14","date_gmt":"2025-06-05T12:07:14","guid":{"rendered":"https:\/\/wristbandfactory.eu\/?post_type=product&#038;p=4241"},"modified":"2026-04-01T21:52:36","modified_gmt":"2026-04-01T18:52:36","slug":"reusable-event-cups-with-lanyard-hook-500ml","status":"publish","type":"product","link":"https:\/\/displayproducts.eu\/es\/p\/reusable-event-cups-with-lanyard-hook-500ml\/","title":{"rendered":"Vasos reutilizables para eventos con gancho para cord\u00f3n (500 ml)"},"content":{"rendered":"<p data-path-to-node=\"6\">Ofrezca la m\u00e1xima comodidad en su pr\u00f3ximo festival, feria o evento al aire libre con nuestros vasos reutilizables para eventos, que incluyen un gancho para cord\u00f3n integrado. Este vaso de 500 ml es la soluci\u00f3n perfecta para los asistentes, ya que les permite tener las manos libres al moverse entre stands, interactuar con otros profesionales o usar las instalaciones.<\/p>\n<p data-path-to-node=\"7\">Este innovador gancho es compatible con cintas de cuello est\u00e1ndar, lo que mejora significativamente la higiene y la experiencia de los invitados. Es una soluci\u00f3n pr\u00e1ctica e inteligente para cualquier evento multitudinario donde los asistentes necesiten tener las manos libres.<\/p>\n<p data-path-to-node=\"8\">Fabricadas en Espa\u00f1a, estas tazas est\u00e1n dise\u00f1adas para un uso frecuente. Est\u00e1n hechas de pl\u00e1stico PP 100% resistente, ligero (21 g) y semitransparente, libre de BPA. Aptas para microondas y lavavajillas, garantizan una limpieza f\u00e1cil e higi\u00e9nica y una inversi\u00f3n sostenible y duradera para su organizaci\u00f3n. Su capacidad total de 500 ml (450 ml de volumen \u00fatil) es ideal para servir bebidas est\u00e1ndar y ayuda a prevenir derrames.<\/p>\n<p data-path-to-node=\"9\">Promociona tu marca o patrocinadores con una llamativa impresi\u00f3n rotativa serigr\u00e1fica de gran impacto. El amplio \u00e1rea de impresi\u00f3n de 200 x 65 mm ofrece una excelente visibilidad para tu logotipo a un color o la imagen de tu evento.<\/p>\n<p data-path-to-node=\"10\"><b>Caracter\u00edsticas principales:<\/b><\/p>\n<ul data-path-to-node=\"11\">\n<li>\n<p data-path-to-node=\"11,0,0\"><b>Gancho para cord\u00f3n integrado:<\/b> Ofrece comodidad manos libres para los asistentes; compatible con cintas de cuello para el cuello est\u00e1ndar.<\/p>\n<\/li>\n<li>\n<p data-path-to-node=\"11,1,0\"><b>Material duradero y seguro:<\/b> Fabricado en Espa\u00f1a con pl\u00e1stico PP semitransparente; 100% libre de BPA.<\/p>\n<\/li>\n<li>\n<p data-path-to-node=\"11,2,0\"><b>Higi\u00e9nico y reutilizable:<\/b> Totalmente apto para lavavajillas y microondas para una f\u00e1cil limpieza y un uso prolongado en eventos.<\/p>\n<\/li>\n<li>\n<p data-path-to-node=\"11,3,0\"><b>Ligero y resistente:<\/b> Solo pesa 21 gramos, lo que lo hace ideal para la distribuci\u00f3n a gran escala.<\/p>\n<\/li>\n<li>\n<p data-path-to-node=\"11,4,0\"><b>\u00c1rea de impresi\u00f3n grande:<\/b> Ofrece un \u00e1rea de impresi\u00f3n envolvente de 200 x 65 mm para serigraf\u00eda rotativa de 1 color.<\/p>\n<\/li>\n<li>\n<p data-path-to-node=\"11,5,0\"><b>Capacidad pr\u00e1ctica:<\/b> El volumen total de 500 ml (450 ml \u00fatiles) est\u00e1 dise\u00f1ado para evitar derrames.<\/p>\n<\/li>\n<\/ul>","protected":false},"excerpt":{"rendered":"<ul>\n<li>\n<p data-path-to-node=\"5,0,0\">Incorpora un gancho integrado para cintas de cuello de cuello, ideal para uso con manos libres.<\/p>\n<\/li>\n<li>\n<p data-path-to-node=\"5,1,0\">Pl\u00e1stico PP duradero, ligero (21 g) y semitransparente (libre de BPA).<\/p>\n<\/li>\n<li>\n<p data-path-to-node=\"5,2,0\">Totalmente apto para lavavajillas y microondas para una reutilizaci\u00f3n higi\u00e9nica y a largo plazo.<\/p>\n<\/li>\n<li>\n<p data-path-to-node=\"5,3,0\">Amplia \u00e1rea de impresi\u00f3n de 200 x 65 mm para serigraf\u00eda rotativa de 1 color.<\/p>\n<\/li>\n<\/ul>","protected":false},"featured_media":6628,"comment_status":"closed","ping_status":"closed","template":"","meta":[],"product_brand":[],"product_cat":[111],"product_tag":[],"class_list":{"0":"post-4241","1":"product","2":"type-product","3":"status-publish","4":"has-post-thumbnail","6":"product_cat-reusable-event-cups","8":"first","9":"instock","10":"shipping-taxable","11":"purchasable","12":"product-type-simple"},"_links":{"self":[{"href":"https:\/\/displayproducts.eu\/es\/wp-json\/wp\/v2\/product\/4241","targetHints":{"allow":["GET"]}}],"collection":[{"href":"https:\/\/displayproducts.eu\/es\/wp-json\/wp\/v2\/product"}],"about":[{"href":"https:\/\/displayproducts.eu\/es\/wp-json\/wp\/v2\/types\/product"}],"replies":[{"embeddable":true,"href":"https:\/\/displayproducts.eu\/es\/wp-json\/wp\/v2\/comments?post=4241"}],"wp:featuredmedia":[{"embeddable":true,"href":"https:\/\/displayproducts.eu\/es\/wp-json\/wp\/v2\/media\/6628"}],"wp:attachment":[{"href":"https:\/\/displayproducts.eu\/es\/wp-json\/wp\/v2\/media?parent=4241"}],"wp:term":[{"taxonomy":"product_brand","embeddable":true,"href":"https:\/\/displayproducts.eu\/es\/wp-json\/wp\/v2\/product_brand?post=4241"},{"taxonomy":"product_cat","embeddable":true,"href":"https:\/\/displayproducts.eu\/es\/wp-json\/wp\/v2\/product_cat?post=4241"},{"taxonomy":"product_tag","embeddable":true,"href":"https:\/\/displayproducts.eu\/es\/wp-json\/wp\/v2\/product_tag?post=4241"}],"curies":[{"name":"wp","href":"https:\/\/api.w.org\/{rel}","templated":true}]}}