{"id":4229,"date":"2025-06-05T14:14:57","date_gmt":"2025-06-05T11:14:57","guid":{"rendered":"https:\/\/wristbandfactory.eu\/?post_type=product&#038;p=4229"},"modified":"2026-04-01T21:52:36","modified_gmt":"2026-04-01T18:52:36","slug":"digital-printed-reusable-cups-360-wrap","status":"publish","type":"product","link":"https:\/\/displayproducts.eu\/es\/p\/digital-printed-reusable-cups-360-wrap\/","title":{"rendered":"Vasos reutilizables con impresi\u00f3n digital (envoltura de 360\u00b0)"},"content":{"rendered":"<p data-path-to-node=\"11\">Potencia al m\u00e1ximo el impacto de tu marca con nuestros vasos reutilizables con impresi\u00f3n digital. Este vaso de 500 ml es una soluci\u00f3n de marca premium que ofrece una avanzada impresi\u00f3n digital envolvente de 360\u00b0, dando vida a dise\u00f1os complejos a todo color y a los logotipos de tus patrocinadores.<\/p>\n<p data-path-to-node=\"12\">Fabricada con pl\u00e1stico PP duradero y de alta calidad con un elegante acabado mate semitransparente, esta taza es la elecci\u00f3n perfecta para eventos corporativos de alto nivel, lanzamientos de productos y festivales donde la presentaci\u00f3n de la marca es fundamental.<\/p>\n<p data-path-to-node=\"13\">Aunque su especialidad es la impresi\u00f3n digital de alto impacto, esta vers\u00e1til taza admite una amplia gama de opciones de personalizaci\u00f3n para adaptarse a cualquier presupuesto, incluyendo serigraf\u00eda envolvente a un color e impresi\u00f3n tampogr\u00e1fica precisa en m\u00faltiples ubicaciones para logotipos m\u00e1s peque\u00f1os.<\/p>\n<p data-path-to-node=\"14\">Como soluci\u00f3n apilable, ligera y ecol\u00f3gica fabricada en Europa, no solo reduce los residuos pl\u00e1sticos, sino que tambi\u00e9n sirve como un recuerdo memorable y de alta calidad que representa poderosamente su marca.<\/p>\n<p data-path-to-node=\"15\"><b>Caracter\u00edsticas principales:<\/b><\/p>\n<ul data-path-to-node=\"16\">\n<li>\n<p data-path-to-node=\"16,0,0\"><b>Impresi\u00f3n digital premium de 360\u00b0:<\/b> Ofrece impresi\u00f3n envolvente sin juntas (270 x 116 mm) para gr\u00e1ficos complejos a todo color.<\/p>\n<\/li>\n<li>\n<p data-path-to-node=\"16,1,0\"><b>Opciones de impresi\u00f3n vers\u00e1tiles:<\/b> Tambi\u00e9n admite serigraf\u00eda a 1 color e impresi\u00f3n tampogr\u00e1fica en m\u00faltiples ubicaciones para necesidades de marca m\u00e1s sencillas.<\/p>\n<\/li>\n<li>\n<p data-path-to-node=\"16,2,0\"><b>Vaso resistente de 500 ml:<\/b> Fabricado con pl\u00e1stico PP reutilizable de alta calidad, ideal para el servicio de bebidas.<\/p>\n<\/li>\n<li>\n<p data-path-to-node=\"16,3,0\"><b>Elegante acabado mate:<\/b> Presenta un acabado mate moderno y semitransparente que realza la imagen de marca.<\/p>\n<\/li>\n<li>\n<p data-path-to-node=\"16,4,0\"><b>Producci\u00f3n europea:<\/b> Garantiza el cumplimiento de altos est\u00e1ndares de seguridad y calidad.<\/p>\n<\/li>\n<\/ul>","protected":false},"excerpt":{"rendered":"<ul data-path-to-node=\"10\">\n<li>\n<p data-path-to-node=\"10,0,0\">Impresi\u00f3n digital envolvente premium de 360\u00b0 para dise\u00f1os complejos y fotorrealistas.<\/p>\n<\/li>\n<li>\n<p data-path-to-node=\"10,1,0\">Pl\u00e1stico PP reutilizable y duradero de 500 ml con un moderno acabado mate semitransparente.<\/p>\n<\/li>\n<li>\n<p data-path-to-node=\"10,2,0\">Disponemos de m\u00faltiples t\u00e9cnicas de impresi\u00f3n, desde impresi\u00f3n digital envolvente hasta serigraf\u00eda o tampograf\u00eda a un color.<\/p>\n<\/li>\n<li>\n<p data-path-to-node=\"10,3,0\">Fabricado en Europa, garantizando altos est\u00e1ndares de calidad y seguridad.<\/p>\n<\/li>\n<\/ul>","protected":false},"featured_media":6494,"comment_status":"closed","ping_status":"closed","template":"","meta":[],"product_brand":[],"product_cat":[111],"product_tag":[],"class_list":{"0":"post-4229","1":"product","2":"type-product","3":"status-publish","4":"has-post-thumbnail","6":"product_cat-reusable-event-cups","8":"first","9":"instock","10":"shipping-taxable","11":"purchasable","12":"product-type-simple"},"_links":{"self":[{"href":"https:\/\/displayproducts.eu\/es\/wp-json\/wp\/v2\/product\/4229","targetHints":{"allow":["GET"]}}],"collection":[{"href":"https:\/\/displayproducts.eu\/es\/wp-json\/wp\/v2\/product"}],"about":[{"href":"https:\/\/displayproducts.eu\/es\/wp-json\/wp\/v2\/types\/product"}],"replies":[{"embeddable":true,"href":"https:\/\/displayproducts.eu\/es\/wp-json\/wp\/v2\/comments?post=4229"}],"wp:featuredmedia":[{"embeddable":true,"href":"https:\/\/displayproducts.eu\/es\/wp-json\/wp\/v2\/media\/6494"}],"wp:attachment":[{"href":"https:\/\/displayproducts.eu\/es\/wp-json\/wp\/v2\/media?parent=4229"}],"wp:term":[{"taxonomy":"product_brand","embeddable":true,"href":"https:\/\/displayproducts.eu\/es\/wp-json\/wp\/v2\/product_brand?post=4229"},{"taxonomy":"product_cat","embeddable":true,"href":"https:\/\/displayproducts.eu\/es\/wp-json\/wp\/v2\/product_cat?post=4229"},{"taxonomy":"product_tag","embeddable":true,"href":"https:\/\/displayproducts.eu\/es\/wp-json\/wp\/v2\/product_tag?post=4229"}],"curies":[{"name":"wp","href":"https:\/\/api.w.org\/{rel}","templated":true}]}}