{"id":4202,"date":"2025-06-05T13:39:24","date_gmt":"2025-06-05T10:39:24","guid":{"rendered":"https:\/\/wristbandfactory.eu\/?post_type=product&#038;p=4202"},"modified":"2026-04-01T21:52:04","modified_gmt":"2026-04-01T18:52:04","slug":"standard-reusable-event-cups-500ml","status":"publish","type":"product","link":"https:\/\/displayproducts.eu\/es\/p\/standard-reusable-event-cups-500ml\/","title":{"rendered":"Vasos reutilizables est\u00e1ndar para eventos (500 ml)"},"content":{"rendered":"<p data-path-to-node=\"8\">Este vaso reutilizable est\u00e1ndar de 500 ml es la soluci\u00f3n ideal y rentable para eventos multitudinarios, festivales y campa\u00f1as promocionales. Est\u00e1 dise\u00f1ado para organizaciones que buscan una alternativa duradera, sostenible y con gran potencial de marca a los pl\u00e1sticos de un solo uso, sin necesidad de una instalaci\u00f3n compleja.<\/p>\n<p data-path-to-node=\"9\">Fabricada en Europa con pl\u00e1stico PP resistente de una sola pared, esta taza es ligera pero lo suficientemente robusta para soportar el ajetreo de eventos. Su capacidad de 500 ml es ideal para servir la mayor\u00eda de las bebidas. Su dise\u00f1o minimalista ofrece un lienzo en blanco para su marca.<\/p>\n<p data-path-to-node=\"10\">Esta taza est\u00e1 optimizada para una personalizaci\u00f3n econ\u00f3mica y n\u00edtida a un solo color. Ofrecemos impresi\u00f3n tampogr\u00e1fica y serigraf\u00eda para mostrar su logotipo o mensaje del evento de forma eficaz.<\/p>\n<p data-path-to-node=\"11\">El material cuenta con la certificaci\u00f3n de estar libre de BPA, lo que garantiza la seguridad de todos los asistentes. Al ser un producto reutilizable y de fabricaci\u00f3n europea, es una opci\u00f3n fiable y ecol\u00f3gica para cualquier evento.<\/p>\n<p data-path-to-node=\"12\"><b>Caracter\u00edsticas principales:<\/b><\/p>\n<ul data-path-to-node=\"13\">\n<li>\n<p data-path-to-node=\"13,0,0\"><b>Marca rentable:<\/b> Optimizado para impresi\u00f3n tampogr\u00e1fica o serigr\u00e1fica econ\u00f3mica a un color.<\/p>\n<\/li>\n<li>\n<p data-path-to-node=\"13,1,0\"><b>Capacidad est\u00e1ndar de 500 ml:<\/b> El tama\u00f1o perfecto y vers\u00e1til para festivales, eventos corporativos y promociones.<\/p>\n<\/li>\n<li>\n<p data-path-to-node=\"13,2,0\"><b>Duradero y ligero:<\/b> Fabricado con pl\u00e1stico PP resistente de pared simple, ideal para la distribuci\u00f3n a gran escala.<\/p>\n<\/li>\n<li>\n<p data-path-to-node=\"13,3,0\"><b>Seguro y sostenible:<\/b> Certificado libre de BPA y fabricado en Europa para garantizar altos est\u00e1ndares de calidad.<\/p>\n<\/li>\n<li>\n<p data-path-to-node=\"13,4,0\"><b>Soluci\u00f3n ecol\u00f3gica:<\/b> Una alternativa duradera y reutilizable para reducir los residuos pl\u00e1sticos de un solo uso.<\/p>\n<\/li>\n<\/ul>","protected":false},"excerpt":{"rendered":"<ul>\n<li>\n<p data-path-to-node=\"7,0,0\">Su opci\u00f3n rentable para pedidos al por mayor y eventos a gran escala.<\/p>\n<\/li>\n<li>\n<p data-path-to-node=\"7,1,0\">Ideal para personalizaci\u00f3n de marca a un color asequible (tampograf\u00eda o serigraf\u00eda).<\/p>\n<\/li>\n<li>\n<p data-path-to-node=\"7,2,0\">Pl\u00e1stico PP de pared simple, duradero y ligero.<\/p>\n<\/li>\n<li>\n<p data-path-to-node=\"7,3,0\">Fabricado en Europa y certificado libre de BPA.<\/p>\n<\/li>\n<\/ul>","protected":false},"featured_media":6639,"comment_status":"closed","ping_status":"closed","template":"","meta":[],"product_brand":[],"product_cat":[111],"product_tag":[],"class_list":{"0":"post-4202","1":"product","2":"type-product","3":"status-publish","4":"has-post-thumbnail","6":"product_cat-reusable-event-cups","8":"first","9":"instock","10":"shipping-taxable","11":"purchasable","12":"product-type-simple"},"_links":{"self":[{"href":"https:\/\/displayproducts.eu\/es\/wp-json\/wp\/v2\/product\/4202","targetHints":{"allow":["GET"]}}],"collection":[{"href":"https:\/\/displayproducts.eu\/es\/wp-json\/wp\/v2\/product"}],"about":[{"href":"https:\/\/displayproducts.eu\/es\/wp-json\/wp\/v2\/types\/product"}],"replies":[{"embeddable":true,"href":"https:\/\/displayproducts.eu\/es\/wp-json\/wp\/v2\/comments?post=4202"}],"wp:featuredmedia":[{"embeddable":true,"href":"https:\/\/displayproducts.eu\/es\/wp-json\/wp\/v2\/media\/6639"}],"wp:attachment":[{"href":"https:\/\/displayproducts.eu\/es\/wp-json\/wp\/v2\/media?parent=4202"}],"wp:term":[{"taxonomy":"product_brand","embeddable":true,"href":"https:\/\/displayproducts.eu\/es\/wp-json\/wp\/v2\/product_brand?post=4202"},{"taxonomy":"product_cat","embeddable":true,"href":"https:\/\/displayproducts.eu\/es\/wp-json\/wp\/v2\/product_cat?post=4202"},{"taxonomy":"product_tag","embeddable":true,"href":"https:\/\/displayproducts.eu\/es\/wp-json\/wp\/v2\/product_tag?post=4202"}],"curies":[{"name":"wp","href":"https:\/\/api.w.org\/{rel}","templated":true}]}}