{"id":4159,"date":"2025-06-04T23:53:14","date_gmt":"2025-06-04T20:53:14","guid":{"rendered":"https:\/\/wristbandfactory.eu\/?post_type=product&#038;p=4159"},"modified":"2026-04-01T21:52:04","modified_gmt":"2026-04-01T18:52:04","slug":"iml-printed-reusable-event-cups-bpa-free","status":"publish","type":"product","link":"https:\/\/displayproducts.eu\/es\/p\/iml-printed-reusable-event-cups-bpa-free\/","title":{"rendered":"Vasos reutilizables con impresi\u00f3n IML"},"content":{"rendered":"<p data-path-to-node=\"8\"><span class=\"citation-103 citation-end-103\">Potencia tu marca y tus objetivos de sostenibilidad con nuestros vasos reutilizables premium para eventos, que incorporan impresi\u00f3n IML a todo color de alta definici\u00f3n. <\/span><span class=\"citation-102 citation-end-102\">Esta es la soluci\u00f3n definitiva para festivales, estadios y corporaciones que buscan una herramienta de marca de alto impacto y respetuosa con el medio ambiente. <\/span><span class=\"citation-101 citation-end-101\">Esta tecnolog\u00eda transforma una simple taza en un potente recuerdo promocional fotorrealista que los asistentes querr\u00e1n conservar. <\/span><\/p>\n<p data-path-to-node=\"9\">Nos especializamos en dos tecnolog\u00edas de impresi\u00f3n propias de alta calidad para satisfacer las necesidades de su marca:<\/p>\n<ol start=\"1\" data-path-to-node=\"10\">\n<li>\n<p data-path-to-node=\"10,0,1\"><b><span class=\"citation-100\">Impresi\u00f3n IML (etiquetado en molde):<\/span><\/b><span class=\"citation-100 citation-end-100\"> Nuestra opci\u00f3n de gama alta, que ofrece impresionantes gr\u00e1ficos fotorrealistas que envuelven toda la taza. <\/span><span class=\"citation-99 citation-end-99\">Esta tecnolog\u00eda \u00fanica da vida a dise\u00f1os complejos a todo color con un nivel de detalle excepcional. <\/span><span class=\"citation-98 citation-end-98\">Ofrecemos la opci\u00f3n de un elegante acabado mate o un cl\u00e1sico acabado transparente para crear el lienzo perfecto para su marca. <\/span> (Pedido m\u00ednimo: 1.000 unidades)<span class=\"citation-97 citation-end-97\">. <\/span><\/p>\n<\/li>\n<li>\n<p data-path-to-node=\"10,1,1\"><b><span class=\"citation-96\">Impresi\u00f3n serigr\u00e1fica rotativa:<\/span><\/b><span class=\"citation-96 citation-end-96\"> Una soluci\u00f3n muy duradera y rentable, perfecta para logotipos vectoriales y dise\u00f1os m\u00e1s sencillos. <\/span> Este m\u00e9todo proporciona una impresi\u00f3n de alta calidad y larga duraci\u00f3n en vasos transparentes o de color. (Pedido m\u00ednimo: 250 unidades)<span class=\"citation-95 citation-end-95\">. <\/span><\/p>\n<\/li>\n<\/ol>\n<p data-path-to-node=\"11\">M\u00e1s all\u00e1 del concepto de marca, estos vasos representan una inversi\u00f3n operativa inteligente. <span class=\"citation-94 citation-end-94\">Fabricados en Europa, cuentan con certificaci\u00f3n de seguridad sanitaria, est\u00e1n libres de BPA (100%), son aptos para uso alimentario y son reciclables (100%). <\/span><span class=\"citation-93 citation-end-93\">Muchos de nuestros modelos IML (como la serie Nicknack) incorporan una escala de medici\u00f3n verificada metrol\u00f3gicamente para un servicio de bebidas preciso y profesional. <\/span><\/p>\n<p data-path-to-node=\"12\"><span class=\"citation-92 citation-end-92\">Su resistente construcci\u00f3n en pl\u00e1stico PP est\u00e1 dise\u00f1ada para durar. <\/span> y es totalmente apta para lavavajillas. (Para una mayor durabilidad de la impresi\u00f3n en dise\u00f1os IML, se recomienda lavar a mano).<span class=\"citation-91 citation-end-91\">. <\/span><span class=\"citation-90 citation-end-90\">Disponibles en varios tama\u00f1os, incluidos 330 ml y 500 ml, son una soluci\u00f3n pr\u00e1ctica, apilable y que ahorra espacio para cualquier lugar. <\/span><\/p>\n<p data-path-to-node=\"13\">Son la opci\u00f3n sostenible ideal para:<\/p>\n<ul data-path-to-node=\"14\">\n<li>\n<p data-path-to-node=\"14,0,0\"><span class=\"citation-89 citation-end-89\">Festivales, conciertos y clubes <\/span><\/p>\n<\/li>\n<li>\n<p data-path-to-node=\"14,1,0\"><span class=\"citation-88 citation-end-88\">Estadios deportivos y eventos por equipos <\/span><\/p>\n<\/li>\n<li>\n<p data-path-to-node=\"14,2,0\"><span class=\"citation-87 citation-end-87\">Funciones corporativas y ferias comerciales <\/span><\/p>\n<\/li>\n<li>\n<p data-path-to-node=\"14,3,0\"><span class=\"citation-86 citation-end-86\">Eventos municipales, ferias y mercados <\/span><\/p>\n<\/li>\n<\/ul>\n<p data-path-to-node=\"15\">Cont\u00e1ctanos hoy para hablar sobre tu proyecto de impresi\u00f3n IML o serigraf\u00eda y causa una impresi\u00f3n duradera con tus vasos reutilizables personalizados.<\/p>\n<h3 data-path-to-node=\"16\"><b>Caracter\u00edsticas principales:<\/b><\/h3>\n<ul data-path-to-node=\"17\">\n<li>\n<p data-path-to-node=\"17,0,1\"><b><span class=\"citation-85\">Impresi\u00f3n IML Premium:<\/span><\/b><span class=\"citation-85 citation-end-85\"> Ofrece una imagen de marca fotorrealista que cubre toda la superficie del vaso. <\/span><\/p>\n<\/li>\n<li>\n<p data-path-to-node=\"17,1,1\"><b><span class=\"citation-84\">Opciones de acabado personalizadas:<\/span><\/b><span class=\"citation-84 citation-end-84\"> Disponible en acabados mate y transparente para dise\u00f1os IML. <\/span><\/p>\n<\/li>\n<li>\n<p data-path-to-node=\"17,2,1\"><b><span class=\"citation-83\">Impresi\u00f3n serigr\u00e1fica duradera:<\/span><\/b><span class=\"citation-83 citation-end-83\"> Una alternativa de alta calidad y larga duraci\u00f3n para los logotipos vectoriales. <\/span><\/p>\n<\/li>\n<li>\n<p data-path-to-node=\"17,3,1\"><b><span class=\"citation-82\">Certificado como seguro para la salud:<\/span><\/b><span class=\"citation-82 citation-end-82\"> Fabricado con pl\u00e1stico PP 100% libre de BPA, apto para uso alimentario y reciclable. <\/span><\/p>\n<\/li>\n<li>\n<p data-path-to-node=\"17,4,1\"><b><span class=\"citation-81\">Escala de medici\u00f3n verificada:<\/span><\/b><span class=\"citation-81 citation-end-81\"> Muchos modelos incluyen una b\u00e1scula certificada para un servicio de bebidas preciso y uniforme. <\/span><\/p>\n<\/li>\n<li>\n<p data-path-to-node=\"17,5,1\"><b><span class=\"citation-80\">M\u00faltiples capacidades:<\/span><\/b><span class=\"citation-80 citation-end-80\"> Disponible en varios tama\u00f1os (por ejemplo, 330 ml, 500 ml) para adaptarse a sus necesidades. <\/span><\/p>\n<\/li>\n<li>\n<p data-path-to-node=\"17,6,1\"><b><span class=\"citation-79\">Producci\u00f3n de alta calidad en la UE:<\/span><\/b><span class=\"citation-79 citation-end-79\"> Fabricado en Europa (por ejemplo, Rep\u00fablica Checa) con altos est\u00e1ndares de seguridad y calidad. <\/span><\/p>\n<\/li>\n<\/ul>","protected":false},"excerpt":{"rendered":"<ul>\n<li data-path-to-node=\"7,0,0\"><span class=\"citation-108 citation-end-108\">Impresi\u00f3n IML premium, a todo color y fotorrealista para un m\u00e1ximo impacto de marca. <\/span><\/li>\n<li data-path-to-node=\"7,0,0\"><span class=\"citation-107 citation-end-107\">Disponible en varios tama\u00f1os (por ejemplo, 330 ml, 500 ml) y acabados (mate o transparente). <\/span><\/li>\n<li data-path-to-node=\"7,0,0\"><span class=\"citation-106 citation-end-106\">Material certificado libre de BPA y seguro para la salud <\/span><span class=\"citation-105 citation-end-105\">; Muchos modelos incluyen una escala de medici\u00f3n verificada. <\/span><\/li>\n<li data-path-to-node=\"7,0,0\"><span class=\"citation-104 citation-end-104\">Tambi\u00e9n disponible con serigraf\u00eda rotativa duradera y econ\u00f3mica para logotipos m\u00e1s sencillos. <\/span><\/li>\n<li style=\"list-style-type: none;\"><\/li>\n<\/ul>","protected":false},"featured_media":6517,"comment_status":"closed","ping_status":"closed","template":"","meta":[],"product_brand":[],"product_cat":[111],"product_tag":[],"class_list":{"0":"post-4159","1":"product","2":"type-product","3":"status-publish","4":"has-post-thumbnail","6":"product_cat-reusable-event-cups","8":"first","9":"instock","10":"shipping-taxable","11":"purchasable","12":"product-type-simple"},"_links":{"self":[{"href":"https:\/\/displayproducts.eu\/es\/wp-json\/wp\/v2\/product\/4159","targetHints":{"allow":["GET"]}}],"collection":[{"href":"https:\/\/displayproducts.eu\/es\/wp-json\/wp\/v2\/product"}],"about":[{"href":"https:\/\/displayproducts.eu\/es\/wp-json\/wp\/v2\/types\/product"}],"replies":[{"embeddable":true,"href":"https:\/\/displayproducts.eu\/es\/wp-json\/wp\/v2\/comments?post=4159"}],"wp:featuredmedia":[{"embeddable":true,"href":"https:\/\/displayproducts.eu\/es\/wp-json\/wp\/v2\/media\/6517"}],"wp:attachment":[{"href":"https:\/\/displayproducts.eu\/es\/wp-json\/wp\/v2\/media?parent=4159"}],"wp:term":[{"taxonomy":"product_brand","embeddable":true,"href":"https:\/\/displayproducts.eu\/es\/wp-json\/wp\/v2\/product_brand?post=4159"},{"taxonomy":"product_cat","embeddable":true,"href":"https:\/\/displayproducts.eu\/es\/wp-json\/wp\/v2\/product_cat?post=4159"},{"taxonomy":"product_tag","embeddable":true,"href":"https:\/\/displayproducts.eu\/es\/wp-json\/wp\/v2\/product_tag?post=4159"}],"curies":[{"name":"wp","href":"https:\/\/api.w.org\/{rel}","templated":true}]}}